{"id":714309,"date":"2025-08-27T17:17:09","date_gmt":"2025-08-27T14:17:09","guid":{"rendered":"https:\/\/roveyayinevi.com.tr\/index.php\/urun\/korkunc-ikizler\/"},"modified":"2026-04-16T02:22:47","modified_gmt":"2026-04-15T23:22:47","slug":"korkunc-ikizler","status":"publish","type":"product","link":"https:\/\/roveyayinevi.com.tr\/index.php\/urun\/korkunc-ikizler\/","title":{"rendered":"Korkun\u00e7 \u0130kizler"},"content":{"rendered":"<p>Max ve Lot s\u0131radan ikizler de\u011fil! Lot m\u00fcthi\u015f bir rol yetene\u011fine sahip, Max ise harika \u015fakalar konusunda uzman. Fakat anneleri Bayan De Leeuw bu durumdan pek ho\u015fnut de\u011fil. Bakterilerden, pislikten, salg\u0131n hastal\u0131klardan inan\u0131lmaz derecede korkuyor ve \u00e7ocuklar\u0131n\u0131n \u015fakalar\u0131n\u0131n k\u00f6t\u00fc, i\u011fren\u00e7 ve korkun\u00e7 oldu\u011funu d\u00fc\u015f\u00fcn\u00fcyor. Ona kalsa b\u00fct\u00fcn \u00e7ocuklar ba\u015f belas\u0131! Oysa Max ve Lot\u2019a g\u00f6re \u015fakalar\u0131 d\u00e2hice ve zarars\u0131z&#8230; Ta ki babalar\u0131 Bay De Leeuw&#8217;\u0131n yanl\u0131\u015fl\u0131kla i\u00e7ti\u011fi iksir sonucu ba\u015f\u0131na gelen o felakete kadar! \u0130kizlerin kaybedecek vakti yok, bir an \u00f6nce sihirbaz Kranak Borovski\u2019ye ula\u015f\u0131p babalar\u0131n\u0131 kurtarman\u0131n bir yolunu bulmal\u0131lar! Korkun\u00e7 Y\u00fczme Antren\u00f6r\u00fc\u2019yle tan\u0131d\u0131\u011f\u0131m\u0131z Jozua Douglas&#8217;tan yepyeni bir macera; yine \u00e7ok komik ve yine nefes kesici! <\/p>\n","protected":false},"excerpt":{"rendered":"<p>Max ve Lot s\u0131radan ikizler de\u011fil! Lot m\u00fcthi\u015f bir rol yetene\u011fine sahip, Max ise harika \u015fakalar konusunda uzman. Fakat anneleri Bayan De Leeuw bu durumdan pek<span class=\"excerpt-hellip\"> [\u2026]<\/span><\/p>\n","protected":false},"featured_media":0,"template":"","meta":{"_monsterinsights_skip_tracking":false,"_monsterinsights_sitenote_active":false,"_monsterinsights_sitenote_note":"","_monsterinsights_sitenote_category":0},"product_brand":[],"product_cat":[12275,12274],"product_tag":[],"class_list":{"0":"post-714309","1":"product","2":"type-product","3":"status-publish","5":"product_cat-6-12-yas-kitaplari","6":"product_cat-cocuk-ve-genclik-kitaplari","7":"pa_cilt-ciltsiz","8":"pa_tur-kitap","9":"pa_yayinevi-can-cocuk-yayinlari","10":"pa_yazar-jozua-douglas","12":"first","13":"instock","14":"sale","15":"shipping-taxable","16":"purchasable","17":"product-type-simple"},"_links":{"self":[{"href":"https:\/\/roveyayinevi.com.tr\/index.php\/wp-json\/wp\/v2\/product\/714309","targetHints":{"allow":["GET"]}}],"collection":[{"href":"https:\/\/roveyayinevi.com.tr\/index.php\/wp-json\/wp\/v2\/product"}],"about":[{"href":"https:\/\/roveyayinevi.com.tr\/index.php\/wp-json\/wp\/v2\/types\/product"}],"wp:attachment":[{"href":"https:\/\/roveyayinevi.com.tr\/index.php\/wp-json\/wp\/v2\/media?parent=714309"}],"wp:term":[{"taxonomy":"product_brand","embeddable":true,"href":"https:\/\/roveyayinevi.com.tr\/index.php\/wp-json\/wp\/v2\/product_brand?post=714309"},{"taxonomy":"product_cat","embeddable":true,"href":"https:\/\/roveyayinevi.com.tr\/index.php\/wp-json\/wp\/v2\/product_cat?post=714309"},{"taxonomy":"product_tag","embeddable":true,"href":"https:\/\/roveyayinevi.com.tr\/index.php\/wp-json\/wp\/v2\/product_tag?post=714309"}],"curies":[{"name":"wp","href":"https:\/\/api.w.org\/{rel}","templated":true}]}}