{"id":714308,"date":"2025-08-27T17:17:08","date_gmt":"2025-08-27T14:17:08","guid":{"rendered":"https:\/\/roveyayinevi.com.tr\/index.php\/urun\/kenan-cobanlari-maske-ve-ruh\/"},"modified":"2026-04-16T02:22:47","modified_gmt":"2026-04-15T23:22:47","slug":"kenan-cobanlari-maske-ve-ruh","status":"publish","type":"product","link":"https:\/\/roveyayinevi.com.tr\/index.php\/urun\/kenan-cobanlari-maske-ve-ruh\/","title":{"rendered":"Kenan \u00c7obanlar\u0131 &#8211; Maske ve Ruh"},"content":{"rendered":"<p>\u201cBug\u00fcn ademo\u011flu ruhundan kurtulman\u0131n \u00e7aresini bulmu\u015ftur&#8230; Bug\u00fcn \u00e2demo\u011flu hayat\u0131 sade ve sade bir y\u0131\u011f\u0131n ete ba\u011flaman\u0131n yolunu bulmu\u015ftur. Kulaklar\u0131 olan beni dinlesin&#8230; Maskeler elem \u00e7ekmez, g\u00f6zya\u015f\u0131 d\u00f6kmez, sevmez, nefret etmez! Maskeler ruhlara musallat olan g\u00f6n\u00fcl azab\u0131n\u0131 bilmez. Maskeler mezardan sonraki me\u00e7hul \u00e2lemin h\u00fclyas\u0131yla, fena r\u00fcyas\u0131yla mel\u00fcl de\u011fildir. Maskeler fani, ruhlar ebed\u00eedir. Maskelerin bir mabudu vard\u0131r. Kudret ve para! Bu mabut onlar\u0131 be\u015fikten mezara kadar ellerinden tutup g\u00f6t\u00fcr\u00fcr ve ak\u0131betleri ebed\u00ee bir hi\u00e7tir.\u201d Ruhun ve bedenin \u015fekillenmesinde sava\u015flar\u0131n y\u0131k\u0131c\u0131 etkisini bizzat ya\u015fam\u0131\u015f olan Halide Edib, insanlar\u0131n hem maddi hem manevi iki y\u00f6nl\u00fc olu\u015flar\u0131n\u0131 sava\u015f ortam\u0131nda yak\u0131ndan tecr\u00fcbe etmi\u015ftir. Olgunluk y\u0131llar\u0131nda tercih etti\u011fi g\u00f6n\u00fcll\u00fc s\u00fcrg\u00fcn d\u00f6neminde, Amerika ve Hindistan seyahatleriyle do\u011fu ile bat\u0131y\u0131 da yerinde g\u00f6rm\u00fc\u015f ve kar\u015f\u0131la\u015ft\u0131rma yapm\u0131\u015ft\u0131r. Etkilendi\u011fi yazar ve \u015fahsiyetleri bir araya getirerek insan\u0131n maskeler arkas\u0131nda gizlenmi\u015f ger\u00e7ek y\u00fcz\u00fcn\u00fc ortaya \u00e7\u0131karmak ister. \u00c7\u00fcnk\u00fc iyi demek k\u00f6t\u00fc demektir, k\u00f6t\u00fc demekse iyi. Didem Ardal\u0131 B\u00fcy\u00fckarman <\/p>\n","protected":false},"excerpt":{"rendered":"<p>\u201cBug\u00fcn ademo\u011flu ruhundan kurtulman\u0131n \u00e7aresini bulmu\u015ftur&#8230; Bug\u00fcn \u00e2demo\u011flu hayat\u0131 sade ve sade bir y\u0131\u011f\u0131n ete ba\u011flaman\u0131n yolunu bulmu\u015ftur. Kulaklar\u0131 olan beni dinlesin&#8230; Maskeler elem \u00e7ekmez, g\u00f6zya\u015f\u0131<span class=\"excerpt-hellip\"> [\u2026]<\/span><\/p>\n","protected":false},"featured_media":0,"template":"","meta":{"_monsterinsights_skip_tracking":false,"_monsterinsights_sitenote_active":false,"_monsterinsights_sitenote_note":"","_monsterinsights_sitenote_category":0},"product_brand":[],"product_cat":[12291,15566],"product_tag":[],"class_list":{"0":"post-714308","1":"product","2":"type-product","3":"status-publish","5":"product_cat-edebiyat","6":"product_cat-oyun","7":"pa_cilt-ciltsiz","8":"pa_tur-kitap","9":"pa_yayinevi-can-yayinlari","10":"pa_yazar-halide-edib-adivar","12":"first","13":"instock","14":"sale","15":"shipping-taxable","16":"purchasable","17":"product-type-simple"},"_links":{"self":[{"href":"https:\/\/roveyayinevi.com.tr\/index.php\/wp-json\/wp\/v2\/product\/714308","targetHints":{"allow":["GET"]}}],"collection":[{"href":"https:\/\/roveyayinevi.com.tr\/index.php\/wp-json\/wp\/v2\/product"}],"about":[{"href":"https:\/\/roveyayinevi.com.tr\/index.php\/wp-json\/wp\/v2\/types\/product"}],"wp:attachment":[{"href":"https:\/\/roveyayinevi.com.tr\/index.php\/wp-json\/wp\/v2\/media?parent=714308"}],"wp:term":[{"taxonomy":"product_brand","embeddable":true,"href":"https:\/\/roveyayinevi.com.tr\/index.php\/wp-json\/wp\/v2\/product_brand?post=714308"},{"taxonomy":"product_cat","embeddable":true,"href":"https:\/\/roveyayinevi.com.tr\/index.php\/wp-json\/wp\/v2\/product_cat?post=714308"},{"taxonomy":"product_tag","embeddable":true,"href":"https:\/\/roveyayinevi.com.tr\/index.php\/wp-json\/wp\/v2\/product_tag?post=714308"}],"curies":[{"name":"wp","href":"https:\/\/api.w.org\/{rel}","templated":true}]}}