{"id":714306,"date":"2025-08-27T17:17:07","date_gmt":"2025-08-27T14:17:07","guid":{"rendered":"https:\/\/roveyayinevi.com.tr\/index.php\/urun\/beslenmenin-kanser-tedavisindeki-gucu\/"},"modified":"2026-04-16T02:22:47","modified_gmt":"2026-04-15T23:22:47","slug":"beslenmenin-kanser-tedavisindeki-gucu","status":"publish","type":"product","link":"https:\/\/roveyayinevi.com.tr\/index.php\/urun\/beslenmenin-kanser-tedavisindeki-gucu\/","title":{"rendered":"Beslenmenin Kanser Tedavisindeki G\u00fcc\u00fc"},"content":{"rendered":"<p>Onkoloji diyetisyenli\u011fi yolculu\u011fum 1996 y\u0131l\u0131nda Hacettepe \u00dcniversitesi onkoloji kliniklerinde ba\u015flad\u0131 ve halen s\u00fcr\u00fcyor. Bu yolculu\u011fumu elinizdeki kitapla ta\u00e7land\u0131rd\u0131\u011f\u0131m i\u00e7in \u00e7ok mutluyum. Kanser hastalar\u0131n\u0131n s\u0131kl\u0131kla duydu\u011fu beslenme \u00f6nerisi \u201cHer \u015feyi yiyebilirsin ama \u015feker kesinlikle yememelisin, k\u0131rm\u0131z\u0131 et yeme, do\u011fal beslen, paketli g\u0131dalardan uzak dur\u201d \u015feklindedir. \u201cNe yiyece\u011fim \u015fimdi?\u201d sorusu ise genelde yan\u0131ts\u0131z kal\u0131r. Meslek hayat\u0131m boyunca hasta ve hasta yak\u0131nlar\u0131n\u0131n \u201cEn do\u011fru, en iyi nas\u0131l beslenirim?\u201d \u00e7\u0131rp\u0131n\u0131\u015flar\u0131na \u015fahit oldum. Bu \u00e7\u0131rp\u0131n\u0131\u015flara \u0131\u015f\u0131k tutmak i\u00e7in \u201co her \u015feyin\u201d asl\u0131nda ne oldu\u011funu, bilimsel bilgiler \u0131\u015f\u0131\u011f\u0131nda nas\u0131l yeterli beslenebilece\u011finizi bu kitapta bulacaks\u0131n\u0131z. Tedavi s\u00fcrecinde yeterli beslenmenin sa\u011flanmas\u0131 ve tedavi sonras\u0131 d\u00f6nemde kanserden korunmak i\u00e7in beslenme plan\u0131nda yap\u0131lmas\u0131 gereken kritik de\u011fi\u015fiklikler vard\u0131r. Basit, anla\u015f\u0131l\u0131r ve etkili bir dille yaz\u0131lm\u0131\u015f olan bu kitab\u0131n hasta, hasta yak\u0131nlar\u0131 ve kanserden korunmak isteyen bireyler i\u00e7in bir ba\u015fucu kitab\u0131 olmas\u0131n\u0131 diliyorum. Unutmay\u0131n: Beslenme takibi ve kanser tedavisi bir b\u00fct\u00fcnd\u00fcr. <\/p>\n","protected":false},"excerpt":{"rendered":"<p>Onkoloji diyetisyenli\u011fi yolculu\u011fum 1996 y\u0131l\u0131nda Hacettepe \u00dcniversitesi onkoloji kliniklerinde ba\u015flad\u0131 ve halen s\u00fcr\u00fcyor. Bu yolculu\u011fumu elinizdeki kitapla ta\u00e7land\u0131rd\u0131\u011f\u0131m i\u00e7in \u00e7ok mutluyum. Kanser hastalar\u0131n\u0131n s\u0131kl\u0131kla duydu\u011fu beslenme<span class=\"excerpt-hellip\"> [\u2026]<\/span><\/p>\n","protected":false},"featured_media":0,"template":"","meta":{"_monsterinsights_skip_tracking":false,"_monsterinsights_sitenote_active":false,"_monsterinsights_sitenote_note":"","_monsterinsights_sitenote_category":0},"product_brand":[],"product_cat":[13402,13365],"product_tag":[],"class_list":{"0":"post-714306","1":"product","2":"type-product","3":"status-publish","5":"product_cat-beslenme-ve-diyet","6":"product_cat-saglik","7":"pa_cilt-ciltsiz","8":"pa_tur-kitap","9":"pa_yayinevi-destek-yayinlari","10":"pa_yazar-dilsat-bas","12":"first","13":"instock","14":"sale","15":"shipping-taxable","16":"purchasable","17":"product-type-simple"},"_links":{"self":[{"href":"https:\/\/roveyayinevi.com.tr\/index.php\/wp-json\/wp\/v2\/product\/714306","targetHints":{"allow":["GET"]}}],"collection":[{"href":"https:\/\/roveyayinevi.com.tr\/index.php\/wp-json\/wp\/v2\/product"}],"about":[{"href":"https:\/\/roveyayinevi.com.tr\/index.php\/wp-json\/wp\/v2\/types\/product"}],"wp:attachment":[{"href":"https:\/\/roveyayinevi.com.tr\/index.php\/wp-json\/wp\/v2\/media?parent=714306"}],"wp:term":[{"taxonomy":"product_brand","embeddable":true,"href":"https:\/\/roveyayinevi.com.tr\/index.php\/wp-json\/wp\/v2\/product_brand?post=714306"},{"taxonomy":"product_cat","embeddable":true,"href":"https:\/\/roveyayinevi.com.tr\/index.php\/wp-json\/wp\/v2\/product_cat?post=714306"},{"taxonomy":"product_tag","embeddable":true,"href":"https:\/\/roveyayinevi.com.tr\/index.php\/wp-json\/wp\/v2\/product_tag?post=714306"}],"curies":[{"name":"wp","href":"https:\/\/api.w.org\/{rel}","templated":true}]}}