{"id":714304,"date":"2025-08-27T17:17:06","date_gmt":"2025-08-27T14:17:06","guid":{"rendered":"https:\/\/roveyayinevi.com.tr\/index.php\/urun\/hangi-isa\/"},"modified":"2026-04-16T02:22:47","modified_gmt":"2026-04-15T23:22:47","slug":"hangi-isa","status":"publish","type":"product","link":"https:\/\/roveyayinevi.com.tr\/index.php\/urun\/hangi-isa\/","title":{"rendered":"Hangi \u0130sa"},"content":{"rendered":"<p>Tyanal\u0131 Apollonius, insan suretindeki Tanr\u0131\u2019d\u0131r. Flavius Philostratus, \u0130S 220 Tyanal\u0131 Apollonius, bizim yol g\u00f6stericimizdir. Bitniya Valisi Sossius Hierocles, \u0130S 302 Apollonius\u2019un eserleri yak\u0131lmal\u0131, mabetleri y\u0131k\u0131lmal\u0131d\u0131r. \u0130mparator Konstantin, \u0130znik Konsili, \u0130S 325 Tyanal\u0131 Apollonius, 1. y\u00fczy\u0131lda, Paganlar\u0131n bilge peygamberi olarak \u00fcnlenmi\u015fti. Gauter d\u2019Arras, 1160 Tyanal\u0131 Apollonius, \u0130slam \u00e2leminde ve Arap\u00e7ada, Balinius olarak tan\u0131nm\u0131\u015f y\u00fcce bir \u00e2limdi. Cabir bin Hayyan, \u0130S 800 civar\u0131, Kitab al Hacer\u2019ala Re\u2019i Balinius 1. y\u00fczy\u0131lda ya\u015fam\u0131\u015f olan Apollonius, \u00e7ok esrarengiz bir adamd\u0131r ve onun mucizeleri H\u0131ristiyanl\u0131kla \u015fa\u015f\u0131rt\u0131c\u0131 benzerlikler g\u00f6sterir. Jacob Burckhardt, 1852 Tyanal\u0131 Apollonius, 1. y\u00fczy\u0131ldaki Pagan Mesih\u2019tir. A. Reville, 1865 Ger\u00e7ek \u0130sa, Tyanal\u0131 Apollonius\u2019tur. Valter Seigmeister, 1947 Tyanal\u0131 Apollonius, H\u0131ristiyanl\u0131\u011f\u0131n ger\u00e7ek kurucusudur. Alice Winston, 1954 <\/p>\n","protected":false},"excerpt":{"rendered":"<p>Tyanal\u0131 Apollonius, insan suretindeki Tanr\u0131\u2019d\u0131r. Flavius Philostratus, \u0130S 220 Tyanal\u0131 Apollonius, bizim yol g\u00f6stericimizdir. Bitniya Valisi Sossius Hierocles, \u0130S 302 Apollonius\u2019un eserleri yak\u0131lmal\u0131, mabetleri y\u0131k\u0131lmal\u0131d\u0131r. \u0130mparator<span class=\"excerpt-hellip\"> [\u2026]<\/span><\/p>\n","protected":false},"featured_media":0,"template":"","meta":{"_monsterinsights_skip_tracking":false,"_monsterinsights_sitenote_active":false,"_monsterinsights_sitenote_note":"","_monsterinsights_sitenote_category":0},"product_brand":[],"product_cat":[13590,12337],"product_tag":[],"class_list":{"0":"post-714304","1":"product","2":"type-product","3":"status-publish","5":"product_cat-arastirma-inceleme-politika-siyaset","6":"product_cat-politika-siyaset","7":"pa_cilt-ciltsiz","8":"pa_tur-kitap","9":"pa_yayinevi-destek-yayinlari","10":"pa_yazar-aytunc-altindal","12":"first","13":"instock","14":"sale","15":"shipping-taxable","16":"purchasable","17":"product-type-simple"},"_links":{"self":[{"href":"https:\/\/roveyayinevi.com.tr\/index.php\/wp-json\/wp\/v2\/product\/714304","targetHints":{"allow":["GET"]}}],"collection":[{"href":"https:\/\/roveyayinevi.com.tr\/index.php\/wp-json\/wp\/v2\/product"}],"about":[{"href":"https:\/\/roveyayinevi.com.tr\/index.php\/wp-json\/wp\/v2\/types\/product"}],"wp:attachment":[{"href":"https:\/\/roveyayinevi.com.tr\/index.php\/wp-json\/wp\/v2\/media?parent=714304"}],"wp:term":[{"taxonomy":"product_brand","embeddable":true,"href":"https:\/\/roveyayinevi.com.tr\/index.php\/wp-json\/wp\/v2\/product_brand?post=714304"},{"taxonomy":"product_cat","embeddable":true,"href":"https:\/\/roveyayinevi.com.tr\/index.php\/wp-json\/wp\/v2\/product_cat?post=714304"},{"taxonomy":"product_tag","embeddable":true,"href":"https:\/\/roveyayinevi.com.tr\/index.php\/wp-json\/wp\/v2\/product_tag?post=714304"}],"curies":[{"name":"wp","href":"https:\/\/api.w.org\/{rel}","templated":true}]}}