{"id":714303,"date":"2025-08-27T17:17:05","date_gmt":"2025-08-27T14:17:05","guid":{"rendered":"https:\/\/roveyayinevi.com.tr\/index.php\/urun\/benim-adim-balotelli\/"},"modified":"2026-04-16T02:22:47","modified_gmt":"2026-04-15T23:22:47","slug":"benim-adim-balotelli","status":"publish","type":"product","link":"https:\/\/roveyayinevi.com.tr\/index.php\/urun\/benim-adim-balotelli\/","title":{"rendered":"Benim Ad\u0131m Balotelli"},"content":{"rendered":"<p>\u201cKalbimin rengi siyah m\u0131, yoksa beyaz m\u0131?\u201d \u201cSenin kalbin, benim kalbim, hepimizin kalbi ayn\u0131. Hepsi k\u0131rm\u0131z\u0131.  Hepimizin i\u00e7i k\u0131rm\u0131z\u0131d\u0131r.\u201d Gana as\u0131ll\u0131 \u0130talyan futbolcu Mario Balotelli, k\u00fc\u00e7\u00fckken ailesi yoksul oldu\u011fu i\u00e7in evlatl\u0131k verildi.  Gerek okulda gerekse profesyonel futbol hayat\u0131nda \u0131rk\u00e7\u0131l\u0131\u011fa maruz kald\u0131.  Fakat futbola duydu\u011fu sevgi o kadar b\u00fcy\u00fckt\u00fc ki hi\u00e7bir \u015fey onu y\u0131ld\u0131ramad\u0131.  Bu kitapta Balotelli\u2019nin ola\u011fan\u00fcst\u00fc ya\u015fam \u00f6yk\u00fcs\u00fcn\u00fc okuyacaks\u0131n\u0131z.<\/p>\n","protected":false},"excerpt":{"rendered":"<p>\u201cKalbimin rengi siyah m\u0131, yoksa beyaz m\u0131?\u201d \u201cSenin kalbin, benim kalbim, hepimizin kalbi ayn\u0131. Hepsi k\u0131rm\u0131z\u0131. Hepimizin i\u00e7i k\u0131rm\u0131z\u0131d\u0131r.\u201d Gana as\u0131ll\u0131 \u0130talyan futbolcu Mario Balotelli, k\u00fc\u00e7\u00fckken<span class=\"excerpt-hellip\"> [\u2026]<\/span><\/p>\n","protected":false},"featured_media":0,"template":"","meta":{"_monsterinsights_skip_tracking":false,"_monsterinsights_sitenote_active":false,"_monsterinsights_sitenote_note":"","_monsterinsights_sitenote_category":0},"product_brand":[],"product_cat":[15563,15564],"product_tag":[],"class_list":{"0":"post-714303","1":"product","2":"type-product","3":"status-publish","5":"product_cat-hobi","6":"product_cat-spor","7":"pa_cilt-ciltsiz","8":"pa_tur-kitap","9":"pa_yayinevi-beyaz-balina-yayinlari","10":"pa_yazar-michael-part","12":"first","13":"instock","14":"sale","15":"shipping-taxable","16":"purchasable","17":"product-type-simple"},"_links":{"self":[{"href":"https:\/\/roveyayinevi.com.tr\/index.php\/wp-json\/wp\/v2\/product\/714303","targetHints":{"allow":["GET"]}}],"collection":[{"href":"https:\/\/roveyayinevi.com.tr\/index.php\/wp-json\/wp\/v2\/product"}],"about":[{"href":"https:\/\/roveyayinevi.com.tr\/index.php\/wp-json\/wp\/v2\/types\/product"}],"wp:attachment":[{"href":"https:\/\/roveyayinevi.com.tr\/index.php\/wp-json\/wp\/v2\/media?parent=714303"}],"wp:term":[{"taxonomy":"product_brand","embeddable":true,"href":"https:\/\/roveyayinevi.com.tr\/index.php\/wp-json\/wp\/v2\/product_brand?post=714303"},{"taxonomy":"product_cat","embeddable":true,"href":"https:\/\/roveyayinevi.com.tr\/index.php\/wp-json\/wp\/v2\/product_cat?post=714303"},{"taxonomy":"product_tag","embeddable":true,"href":"https:\/\/roveyayinevi.com.tr\/index.php\/wp-json\/wp\/v2\/product_tag?post=714303"}],"curies":[{"name":"wp","href":"https:\/\/api.w.org\/{rel}","templated":true}]}}