{"id":714301,"date":"2025-08-27T17:17:04","date_gmt":"2025-08-27T14:17:04","guid":{"rendered":"https:\/\/roveyayinevi.com.tr\/index.php\/urun\/oyun-tasarimi-etkinlik-kitabi-1-sinif\/"},"modified":"2026-04-16T02:22:46","modified_gmt":"2026-04-15T23:22:46","slug":"oyun-tasarimi-etkinlik-kitabi-1-sinif","status":"publish","type":"product","link":"https:\/\/roveyayinevi.com.tr\/index.php\/urun\/oyun-tasarimi-etkinlik-kitabi-1-sinif\/","title":{"rendered":"Oyun Tasar\u0131m\u0131 Etkinlik Kitab\u0131 1. S\u0131n\u0131f"},"content":{"rendered":"<p>Birinci s\u0131n\u0131flar i\u00e7in birinci s\u0131n\u0131f oyun tasar\u0131mlar\u0131 Ka\u011f\u0131t \u00fcst\u00fcnde, fiziksel, s\u0131n\u0131f i\u00e7inde ve evde oyun tasar\u0131m\u0131 yapabilece\u011finiz e\u011flendirici ve \u00f6\u011fretici etkinlikler! Bu etkinlik kitab\u0131 sayesinde oyunun ne oldu\u011funu ke\u015ffedeceksiniz. Bu etkinlik kitab\u0131 sayesinde oyun tasarlayacaks\u0131n\u0131z. Bu etkinlik kitab\u0131 sayesinde oynad\u0131\u011f\u0131n\u0131z oyunlara farkl\u0131 bakacaks\u0131n\u0131z. Bu etkinlik kitab\u0131 sayesinde yeni fizikseloyunlar tasarlayacaks\u0131n\u0131z. En \u00f6nemlisi, bu etkinlik kitab\u0131 sayesinde t\u00fcketimden \u00fcretime ge\u00e7eceksiniz. Bu etkinlik kitab\u0131 siz gelece\u011fin oyun tasar\u0131mc\u0131lar\u0131na yaz\u0131ld\u0131. Oyunu sadece oynamakla yetinmeyen, oyun tasarlamak isteyenlere yaz\u0131ld\u0131. Benim de bir oyunum var diyenlere yaz\u0131ld\u0131. Kendi oyununuzu tasarlama zaman\u0131. Haydi sen de aram\u0131za kat\u0131l. Hemen kendi oyununu tasarlamaya ba\u015fla! Bu etkinlik kitab\u0131 sayesinde oynamay\u0131 \u00e7ok sevdi\u011finiz oyunlara art\u0131k farkl\u0131 bir g\u00f6zle bakacak, kendi oyunlar\u0131n\u0131z\u0131 tasarlamaya ba\u015flayacaks\u0131n\u0131z. Bu sayede tasar\u0131m odakl\u0131, algoritmik, analitik d\u00fc\u015f\u00fcnme becerilerinizi geli\u015ftirecek ve yarat\u0131c\u0131l\u0131\u011f\u0131n\u0131z\u0131n s\u0131n\u0131rlar\u0131n\u0131 zorlayacaks\u0131n\u0131z. Kitapta yer alan etkinlikleri tamamlad\u0131\u011f\u0131n\u0131zda k\u00e2\u011f\u0131t \u00fcst\u00fcnde oyununuz, hayallerinizdeki dijital oyununuz, masa\u00fcst\u00fcnde platform oyununuz ve ailenizle birlikte  geli\u015ftirece\u011finiz ve oynayaca\u011f\u0131n\u0131z yepyeni oyunlar\u0131n\u0131z olacak! <\/p>\n","protected":false},"excerpt":{"rendered":"<p>Birinci s\u0131n\u0131flar i\u00e7in birinci s\u0131n\u0131f oyun tasar\u0131mlar\u0131 Ka\u011f\u0131t \u00fcst\u00fcnde, fiziksel, s\u0131n\u0131f i\u00e7inde ve evde oyun tasar\u0131m\u0131 yapabilece\u011finiz e\u011flendirici ve \u00f6\u011fretici etkinlikler! Bu etkinlik kitab\u0131 sayesinde oyunun<span class=\"excerpt-hellip\"> [\u2026]<\/span><\/p>\n","protected":false},"featured_media":0,"template":"","meta":{"_monsterinsights_skip_tracking":false,"_monsterinsights_sitenote_active":false,"_monsterinsights_sitenote_note":"","_monsterinsights_sitenote_category":0},"product_brand":[],"product_cat":[12275,12274],"product_tag":[],"class_list":{"0":"post-714301","1":"product","2":"type-product","3":"status-publish","5":"product_cat-6-12-yas-kitaplari","6":"product_cat-cocuk-ve-genclik-kitaplari","7":"pa_cilt-ciltsiz","8":"pa_tur-kitap","9":"pa_yayinevi-pusula-bilisim","10":"pa_yazar-yavuz-samur","12":"first","13":"instock","14":"sale","15":"shipping-taxable","16":"purchasable","17":"product-type-simple"},"_links":{"self":[{"href":"https:\/\/roveyayinevi.com.tr\/index.php\/wp-json\/wp\/v2\/product\/714301","targetHints":{"allow":["GET"]}}],"collection":[{"href":"https:\/\/roveyayinevi.com.tr\/index.php\/wp-json\/wp\/v2\/product"}],"about":[{"href":"https:\/\/roveyayinevi.com.tr\/index.php\/wp-json\/wp\/v2\/types\/product"}],"wp:attachment":[{"href":"https:\/\/roveyayinevi.com.tr\/index.php\/wp-json\/wp\/v2\/media?parent=714301"}],"wp:term":[{"taxonomy":"product_brand","embeddable":true,"href":"https:\/\/roveyayinevi.com.tr\/index.php\/wp-json\/wp\/v2\/product_brand?post=714301"},{"taxonomy":"product_cat","embeddable":true,"href":"https:\/\/roveyayinevi.com.tr\/index.php\/wp-json\/wp\/v2\/product_cat?post=714301"},{"taxonomy":"product_tag","embeddable":true,"href":"https:\/\/roveyayinevi.com.tr\/index.php\/wp-json\/wp\/v2\/product_tag?post=714301"}],"curies":[{"name":"wp","href":"https:\/\/api.w.org\/{rel}","templated":true}]}}