{"id":714300,"date":"2025-08-27T17:17:03","date_gmt":"2025-08-27T14:17:03","guid":{"rendered":"https:\/\/roveyayinevi.com.tr\/index.php\/urun\/balik-nefesi\/"},"modified":"2026-04-16T02:22:46","modified_gmt":"2026-04-15T23:22:46","slug":"balik-nefesi","status":"publish","type":"product","link":"https:\/\/roveyayinevi.com.tr\/index.php\/urun\/balik-nefesi\/","title":{"rendered":"Bal\u0131k Nefesi"},"content":{"rendered":"<p>Bal\u0131k Nefesi insan olman\u0131n b\u00fct\u00fcn pencerelerinden bak\u0131p en \u00e7arp\u0131c\u0131 ruh hallerine tan\u0131kl\u0131k etmemizi, kendimizle y\u00fczle\u015fmemizi sa\u011fl\u0131yor. Eylemlerden \u00e7ok duygular\u0131n oda\u011f\u0131nda bir dil \u015f\u00f6leniyle ba\u015f ba\u015fa, s\u00fcr\u00fckleyici d\u00fcnyalar kuruyor. Nil Sakman, sekiz \u00f6yk\u00fcde farkl\u0131 insanl\u0131k durumlar\u0131ndan yola \u00e7\u0131karak kalabal\u0131\u011fa kar\u015f\u0131 yaln\u0131zl\u0131\u011f\u0131 se\u00e7iyor. S\u00f6ylenmesi hi\u00e7bir \u015feyi de\u011fi\u015ftirmeyecek c\u00fcmleleri i\u00e7inde bir umut gibi b\u00fcy\u00fctenler, kendini yollara vuranlar ve b\u00fct\u00fcn bir edebiyat tarihinden beslenen karakterler yol arkada\u015f\u0131 oluyor. Aslolan\u0131n yol ve yolculuk, var\u0131lan yerin yeni yolculuklar i\u00e7in bir durak oldu\u011funa inananlar\u0131n, bu d\u00fczenin kurallar\u0131na uyamayanlar\u0131n, kendi hayatlar\u0131n\u0131n kahraman\u0131 olurken arkas\u0131nda b\u0131rakt\u0131\u011f\u0131 izlerle b\u00f6b\u00fcrlenmeden m\u00fctevaz\u0131 bir d\u00fcnya kuranlar\u0131n \u00f6yk\u00fcleri. R\u00fczg\u00e2r\u0131n u\u011fultusu, yapra\u011f\u0131n h\u0131\u015f\u0131rt\u0131s\u0131, \u0131rma\u011f\u0131n \u00e7a\u011f\u0131lt\u0131s\u0131 insan sesine kar\u0131\u015f\u0131rken umutla, tutkuyla, inan\u00e7la \u00f6zledi\u011fimiz uyum sayfalar\u0131n aras\u0131ndan \u00e7\u0131k\u0131p ete kemi\u011fe b\u00fcr\u00fcn\u00fcyor. Nil Sakman, b\u00f6yle de ya\u015fayabilirdik, diyor. B\u00f6yle de ya\u015fayabilirdik\u2026 \u201c\u00d6l\u00fcm\u00fcn alametifarikas\u0131 s\u00fck\u00fbttur, diye ge\u00e7iyor akl\u0131ndan. \u00d6l\u00fcm\u00fcn bulundu\u011fu her yerde s\u00fck\u00fbt da haz\u0131r bulunur. \u00d6nce \u00f6l\u00fcm yakla\u015f\u0131r, al\u0131r alaca\u011f\u0131n\u0131; ard\u0131ndan, k\u0131sa ya da uzun bir an; ama mutlaka s\u00fck\u00fbt gelir. Yerk\u00fcre \u00fczerinde ne var ne yok hepsi susar. \u00c7\u0131t \u00e7\u0131kmaz. E\u011fer bir araf varsa zaman\u0131 \u00e7elen, i\u015fte buras\u0131 oras\u0131d\u0131r.\u201d <\/p>\n","protected":false},"excerpt":{"rendered":"<p>Bal\u0131k Nefesi insan olman\u0131n b\u00fct\u00fcn pencerelerinden bak\u0131p en \u00e7arp\u0131c\u0131 ruh hallerine tan\u0131kl\u0131k etmemizi, kendimizle y\u00fczle\u015fmemizi sa\u011fl\u0131yor. Eylemlerden \u00e7ok duygular\u0131n oda\u011f\u0131nda bir dil \u015f\u00f6leniyle ba\u015f ba\u015fa, s\u00fcr\u00fckleyici<span class=\"excerpt-hellip\"> [\u2026]<\/span><\/p>\n","protected":false},"featured_media":0,"template":"","meta":{"_monsterinsights_skip_tracking":false,"_monsterinsights_sitenote_active":false,"_monsterinsights_sitenote_note":"","_monsterinsights_sitenote_category":0},"product_brand":[],"product_cat":[12291,12292],"product_tag":[],"class_list":{"0":"post-714300","1":"product","2":"type-product","3":"status-publish","5":"product_cat-edebiyat","6":"product_cat-turk-edebiyati","7":"pa_cilt-ciltsiz","8":"pa_tur-kitap","9":"pa_yayinevi-ithaki-yayinlari","10":"pa_yazar-nil-sakman","12":"first","13":"instock","14":"sale","15":"shipping-taxable","16":"purchasable","17":"product-type-simple"},"_links":{"self":[{"href":"https:\/\/roveyayinevi.com.tr\/index.php\/wp-json\/wp\/v2\/product\/714300","targetHints":{"allow":["GET"]}}],"collection":[{"href":"https:\/\/roveyayinevi.com.tr\/index.php\/wp-json\/wp\/v2\/product"}],"about":[{"href":"https:\/\/roveyayinevi.com.tr\/index.php\/wp-json\/wp\/v2\/types\/product"}],"wp:attachment":[{"href":"https:\/\/roveyayinevi.com.tr\/index.php\/wp-json\/wp\/v2\/media?parent=714300"}],"wp:term":[{"taxonomy":"product_brand","embeddable":true,"href":"https:\/\/roveyayinevi.com.tr\/index.php\/wp-json\/wp\/v2\/product_brand?post=714300"},{"taxonomy":"product_cat","embeddable":true,"href":"https:\/\/roveyayinevi.com.tr\/index.php\/wp-json\/wp\/v2\/product_cat?post=714300"},{"taxonomy":"product_tag","embeddable":true,"href":"https:\/\/roveyayinevi.com.tr\/index.php\/wp-json\/wp\/v2\/product_tag?post=714300"}],"curies":[{"name":"wp","href":"https:\/\/api.w.org\/{rel}","templated":true}]}}