{"id":714299,"date":"2025-08-27T17:17:02","date_gmt":"2025-08-27T14:17:02","guid":{"rendered":"https:\/\/roveyayinevi.com.tr\/index.php\/urun\/bir-mars-destani\/"},"modified":"2026-04-16T02:22:46","modified_gmt":"2026-04-15T23:22:46","slug":"bir-mars-destani","status":"publish","type":"product","link":"https:\/\/roveyayinevi.com.tr\/index.php\/urun\/bir-mars-destani\/","title":{"rendered":"Bir Mars Destan\u0131"},"content":{"rendered":"<p>\u201cWeinbaum, Bir Mars Destan\u0131\u2019yla birlikte sempatik uzayl\u0131y\u0131 icat etti. Bilimkurgu onunla birlikte ba\u011fnazl\u0131ktan uzakla\u015ft\u0131.\u201d Ursula K. Le Guin \u201cBilimkurgu alan\u0131nda kli\u015felerden kurtulup \u00f6zg\u00fcn hik\u00e2yeler \u00fcretebilen tek yazar. B\u00fcy\u00fck bir hayran\u0131y\u0131m.\u201d H. P. Lovecraft \u201cWeinbaum, var olmak i\u00e7in kendi sebeplerine sahip d\u00fcnyad\u0131\u015f\u0131lar yaratan ilk yazar.\u201d Isaac Asimov \u201cStanley G. Weinbaum, k\u0131sac\u0131k kariyerinde bilimkurguda bir devrim ger\u00e7ekle\u015ftirdi. Biz de h\u00e2l\u00e2 onun bize kazand\u0131rd\u0131\u011f\u0131 temalar\u0131 ke\u015ffediyoruz.\u201d Poul Anderson \u201cStanley G. Weinbaum, modern bilimkurgunun kurucular\u0131ndan biri olarak Wells ve Heinlein\u2019la an\u0131lmay\u0131 hak ediyor.\u201d Frederik Pohl Asimov\u2019un deyi\u015fiyle bilimkurgunun \u00fc\u00e7 b\u00fcy\u00fck novas\u0131ndan biri olan Stanley G. Weinbaum, bir bu\u00e7uk y\u0131ll\u0131k yazarl\u0131k kariyerine ve trajik \u00f6l\u00fcm\u00fcne ra\u011fmen erken d\u00f6nem Alt\u0131n \u00c7a\u011f\u2019\u0131n en ba\u015far\u0131l\u0131 yazarlar\u0131ndan biri. Hem ilk hem de en \u00f6nemli \u00f6yk\u00fcs\u00fc \u201cBir Mars Destan\u0131\u201d da bilimkurguyu k\u00f6kten de\u011fi\u015ftiren ve uzayl\u0131 alg\u0131s\u0131nda devrim yapan ger\u00e7ek bir klasik. Yak\u0131n gelecekte insanl\u0131k Mars\u2019a sefere \u00e7\u0131kar ve m\u00fcrettebat\u0131n asi \u00fcyesi Dick Jarvis\u2019in ba\u015f\u0131ndan beklenmedik bir olay ge\u00e7er: Mars\u2019ta yepyeni bir \u0131rkla tan\u0131\u015f\u0131r; deveku\u015fu benzeri Tviil\u2019le. Ancak Mars\u2019taki tek hayat formu Tviil de\u011fildir. Onun yard\u0131m\u0131yla Jarvis, \u201cBir Mars Destan\u0131\u201d ve devam \u00f6yk\u00fcs\u00fc \u201cHayaller Vadisi\u201dnde Mars\u2019\u0131n di\u011fer mucizeleriyle de kar\u015f\u0131la\u015facakt\u0131r. Bu iki klasik \u00f6yk\u00fcye ek olarak Weinbaum\u2019un yaratt\u0131\u011f\u0131 bir di\u011fer \u00e7arp\u0131c\u0131 karakter olan Profes\u00f6r Manderpootz\u2019un yer ald\u0131\u011f\u0131 \u201cE\u011fer D\u00fcnyalar\u0131\u201d ve \u201c\u0130deal\u201din yan\u0131 s\u0131ra ters giden bir bilimsel deneyi anlatan \u201cUyumun Doru\u011fu\u201d, uzayl\u0131 ekolojilerine yo\u011funla\u015fan saykedelik \u00f6yk\u00fc \u201c\u00dc\u015f\u00fct\u00fck Ay\u201d ve sanal ger\u00e7ekli\u011fi i\u015fleyen ilk \u00f6yk\u00fclerden \u201cPygmalion\u2019un G\u00f6zl\u00fc\u011f\u00fc\u201d de bu derlemede kendine yer buluyor. Bir Mars Destan\u0131, modern bilimkurgunun ilk ad\u0131mlar\u0131. Isaac Asimov\u2019un \u00f6ns\u00f6z\u00fcyle<\/p>\n","protected":false},"excerpt":{"rendered":"<p>\u201cWeinbaum, Bir Mars Destan\u0131\u2019yla birlikte sempatik uzayl\u0131y\u0131 icat etti. Bilimkurgu onunla birlikte ba\u011fnazl\u0131ktan uzakla\u015ft\u0131.\u201d Ursula K. Le Guin \u201cBilimkurgu alan\u0131nda kli\u015felerden kurtulup \u00f6zg\u00fcn hik\u00e2yeler \u00fcretebilen tek<span class=\"excerpt-hellip\"> [\u2026]<\/span><\/p>\n","protected":false},"featured_media":0,"template":"","meta":{"_monsterinsights_skip_tracking":false,"_monsterinsights_sitenote_active":false,"_monsterinsights_sitenote_note":"","_monsterinsights_sitenote_category":0},"product_brand":[],"product_cat":[12540,12291],"product_tag":[],"class_list":{"0":"post-714299","1":"product","2":"type-product","3":"status-publish","5":"product_cat-bilim-kurgu","6":"product_cat-edebiyat","7":"pa_cilt-ciltsiz","8":"pa_tur-kitap","9":"pa_yayinevi-ithaki-yayinlari","10":"pa_yazar-stanley-g-weinbaum","12":"first","13":"instock","14":"sale","15":"shipping-taxable","16":"purchasable","17":"product-type-simple"},"_links":{"self":[{"href":"https:\/\/roveyayinevi.com.tr\/index.php\/wp-json\/wp\/v2\/product\/714299","targetHints":{"allow":["GET"]}}],"collection":[{"href":"https:\/\/roveyayinevi.com.tr\/index.php\/wp-json\/wp\/v2\/product"}],"about":[{"href":"https:\/\/roveyayinevi.com.tr\/index.php\/wp-json\/wp\/v2\/types\/product"}],"wp:attachment":[{"href":"https:\/\/roveyayinevi.com.tr\/index.php\/wp-json\/wp\/v2\/media?parent=714299"}],"wp:term":[{"taxonomy":"product_brand","embeddable":true,"href":"https:\/\/roveyayinevi.com.tr\/index.php\/wp-json\/wp\/v2\/product_brand?post=714299"},{"taxonomy":"product_cat","embeddable":true,"href":"https:\/\/roveyayinevi.com.tr\/index.php\/wp-json\/wp\/v2\/product_cat?post=714299"},{"taxonomy":"product_tag","embeddable":true,"href":"https:\/\/roveyayinevi.com.tr\/index.php\/wp-json\/wp\/v2\/product_tag?post=714299"}],"curies":[{"name":"wp","href":"https:\/\/api.w.org\/{rel}","templated":true}]}}