{"id":714298,"date":"2025-08-27T17:17:02","date_gmt":"2025-08-27T14:17:02","guid":{"rendered":"https:\/\/roveyayinevi.com.tr\/index.php\/urun\/istanbulda-bekar-kadin-olmak\/"},"modified":"2025-11-22T04:45:09","modified_gmt":"2025-11-22T01:45:09","slug":"istanbulda-bekar-kadin-olmak","status":"publish","type":"product","link":"https:\/\/roveyayinevi.com.tr\/index.php\/urun\/istanbulda-bekar-kadin-olmak\/","title":{"rendered":"\u0130stanbul&#8217;da Bekar Kad\u0131n Olmak"},"content":{"rendered":"<p>\u201cAk\u015fam eve d\u00f6nece\u011fimiz saate g\u00f6re rota belirlemek, evden \u00e7\u0131karken \u015fehrin nerelerinden ge\u00e7ece\u011fimize g\u00f6re k\u0131yafet se\u00e7mek gibi g\u00fcndelik hayat\u0131m\u0131za dair ayr\u0131nt\u0131lar yan\u0131nda bir de pek g\u00f6r\u00fcn\u00fcr olmayan konular var: ekonomik imk\u00e2nlar\u0131m\u0131z dolay\u0131s\u0131yla se\u00e7me imk\u00e2n\u0131m\u0131z varsa, \u015fehrin neresinde oturmak daha g\u00fcvenli ve rahat? Mahalle hayat\u0131, \u00e7ocu\u011fu olan bek\u00e2r bir kad\u0131n i\u00e7in siteye g\u00f6re daha m\u0131 g\u00fcvenli? Ya\u015fad\u0131\u011f\u0131m\u0131z yerde \u00e7evremizle kuraca\u011f\u0131m\u0131z ili\u015fkilerin s\u0131n\u0131rlar\u0131 olmal\u0131 m\u0131? Erkek arkada\u015flar\u0131m\u0131z\u0131n eve girip \u00e7\u0131kmas\u0131 sorun olur mu? Ailemizin ya da arkada\u015flar\u0131m\u0131z\u0131n oturdu\u011fu mahallede ya\u015famak, kolayla\u015ft\u0131r\u0131c\u0131 olabilir mi?\u201d \u015eehirde yaln\u0131z ya\u015fayan kad\u0131nlar, fizik\u00ee \u015fiddet tehdidiyle s\u0131n\u0131rl\u0131 olmayan korkular\u0131n k\u0131skac\u0131ndalar, \u00e7o\u011funlukla. Adeta davran\u0131\u015flar\u0131na, bak\u0131\u015flar\u0131na sinmi\u015f bir ihtiyatla ya\u015f\u0131yorlar. G\u00f6zetilmiyor ama g\u00f6zetleniyorlar. Sadece sosyal ili\u015fki rejiminin ve mek\u00e2nlar\u0131n \u201cerkekli\u011fi\u201d de\u011fil, bek\u00e2r kad\u0131nlar\u0131n sosyal politikalar\u0131n menzili d\u0131\u015f\u0131na itilmi\u015f olmas\u0131 da, onlar\u0131n ya\u015fam\u0131n\u0131 zorla\u015ft\u0131r\u0131yor. Oysa, yaln\u0131z ya\u015fayan -kimisi de \u00e7ocuklu-kad\u0131nlar\u0131n varl\u0131\u011f\u0131, \u00f6zellikle b\u00fcy\u00fck \u015fehirlerde giderek geni\u015fleyen bir vak\u0131a. Ceren Lordo\u011flu, mek\u00e2na feminist a\u00e7\u0131dan bakan \u00e7al\u0131\u015fmas\u0131nda, \u0130stanbul\u2019da farkl\u0131 s\u0131n\u0131fsal ve k\u00fclt\u00fcrel konumlardan bek\u00e2r kad\u0131nlar\u0131n bu meseleyle nas\u0131l ba\u015f ettiklerini inceliyor. Nas\u0131l taktikler geli\u015ftiriyor, arkada\u015f, aile, kom\u015fuluk, mahalle ili\u015fkilerini nas\u0131l kuruyor ve nas\u0131l hissediyorlar?<\/p>\n","protected":false},"excerpt":{"rendered":"<p>\u201cAk\u015fam eve d\u00f6nece\u011fimiz saate g\u00f6re rota belirlemek, evden \u00e7\u0131karken \u015fehrin nerelerinden ge\u00e7ece\u011fimize g\u00f6re k\u0131yafet se\u00e7mek gibi g\u00fcndelik hayat\u0131m\u0131za dair ayr\u0131nt\u0131lar yan\u0131nda bir de pek g\u00f6r\u00fcn\u00fcr olmayan<span class=\"excerpt-hellip\"> [\u2026]<\/span><\/p>\n","protected":false},"featured_media":0,"template":"","meta":{"_monsterinsights_skip_tracking":false,"_monsterinsights_sitenote_active":false,"_monsterinsights_sitenote_note":"","_monsterinsights_sitenote_category":0},"product_brand":[],"product_cat":[14741,13488],"product_tag":[],"class_list":{"0":"post-714298","1":"product","2":"type-product","3":"status-publish","5":"product_cat-kadin-sorunlari-feminizm","6":"product_cat-toplum-ve-insan","7":"pa_cilt-ciltsiz","8":"pa_tur-kitap","9":"pa_yayinevi-iletisim-yayinlari","10":"pa_yazar-ceren-lordoglu","12":"first","13":"instock","14":"sale","15":"shipping-taxable","16":"purchasable","17":"product-type-simple"},"_links":{"self":[{"href":"https:\/\/roveyayinevi.com.tr\/index.php\/wp-json\/wp\/v2\/product\/714298","targetHints":{"allow":["GET"]}}],"collection":[{"href":"https:\/\/roveyayinevi.com.tr\/index.php\/wp-json\/wp\/v2\/product"}],"about":[{"href":"https:\/\/roveyayinevi.com.tr\/index.php\/wp-json\/wp\/v2\/types\/product"}],"wp:attachment":[{"href":"https:\/\/roveyayinevi.com.tr\/index.php\/wp-json\/wp\/v2\/media?parent=714298"}],"wp:term":[{"taxonomy":"product_brand","embeddable":true,"href":"https:\/\/roveyayinevi.com.tr\/index.php\/wp-json\/wp\/v2\/product_brand?post=714298"},{"taxonomy":"product_cat","embeddable":true,"href":"https:\/\/roveyayinevi.com.tr\/index.php\/wp-json\/wp\/v2\/product_cat?post=714298"},{"taxonomy":"product_tag","embeddable":true,"href":"https:\/\/roveyayinevi.com.tr\/index.php\/wp-json\/wp\/v2\/product_tag?post=714298"}],"curies":[{"name":"wp","href":"https:\/\/api.w.org\/{rel}","templated":true}]}}