{"id":714293,"date":"2025-08-27T17:16:59","date_gmt":"2025-08-27T14:16:59","guid":{"rendered":"https:\/\/roveyayinevi.com.tr\/index.php\/urun\/cahillikler-kitabi-1-bilmediklerimiz-ve-yanlis-bildiklerimiz\/"},"modified":"2026-04-16T02:22:46","modified_gmt":"2026-04-15T23:22:46","slug":"cahillikler-kitabi-1-bilmediklerimiz-ve-yanlis-bildiklerimiz","status":"publish","type":"product","link":"https:\/\/roveyayinevi.com.tr\/index.php\/urun\/cahillikler-kitabi-1-bilmediklerimiz-ve-yanlis-bildiklerimiz\/","title":{"rendered":"Cahillikler Kitab\u0131 1 &#8211; Bilmediklerimiz ve Yanl\u0131\u015f Bildiklerimiz"},"content":{"rendered":"<p>D\u00fcnyadaki en uzun da\u011f\u0131n Everest oldu\u011funu, en so\u011fuk yerin kutuplar oldu\u011funu san\u0131yorsan\u0131z, Japon bal\u0131klar\u0131n\u0131n 3 saniyelik haf\u0131zalar\u0131 oldu\u011funu d\u00fc\u015f\u00fcn\u00fcyorsan\u0131z ve hamam b\u00f6ceklerinin n\u00fckleer bir sava\u015f\u0131 atlatabilece\u011fine inan\u0131yorsan\u0131z, hen\u00fcz Cahillikler Kitab\u0131\u2019n\u0131 okumam\u0131\u015fs\u0131n\u0131z demektir.\u0130lk \u00e7\u0131kt\u0131\u011f\u0131 g\u00fcnden bu yana do\u011fru bilinen kal\u0131pla\u015fm\u0131\u015f bilgileri ve yayg\u0131n hatalar\u0131 \u00e7\u00fcr\u00fcten Cahillikler Kitab\u0131\u2019n\u0131n bu geni\u015fletilmi\u015f bas\u0131m\u0131nda, 77\u2019si yeni toplam 279 b\u00f6l\u00fcm bulunuyor.Bu kitab\u0131n d\u00fcsturu \u015fudur:Bir \u015fey on iki ya\u015f\u0131ndaki zeki bir insana a\u00e7\u0131klanamam\u0131\u015fsa, o zaman o ya yanl\u0131\u015f ya da do\u011fru a\u00e7\u0131klanmam\u0131\u015ft\u0131r.<\/p>\n","protected":false},"excerpt":{"rendered":"<p>D\u00fcnyadaki en uzun da\u011f\u0131n Everest oldu\u011funu, en so\u011fuk yerin kutuplar oldu\u011funu san\u0131yorsan\u0131z, Japon bal\u0131klar\u0131n\u0131n 3 saniyelik haf\u0131zalar\u0131 oldu\u011funu d\u00fc\u015f\u00fcn\u00fcyorsan\u0131z ve hamam b\u00f6ceklerinin n\u00fckleer bir sava\u015f\u0131 atlatabilece\u011fine<span class=\"excerpt-hellip\"> [\u2026]<\/span><\/p>\n","protected":false},"featured_media":0,"template":"","meta":{"_monsterinsights_skip_tracking":false,"_monsterinsights_sitenote_active":false,"_monsterinsights_sitenote_note":"","_monsterinsights_sitenote_category":0},"product_brand":[],"product_cat":[13489,13488],"product_tag":[],"class_list":{"0":"post-714293","1":"product","2":"type-product","3":"status-publish","5":"product_cat-populer-kultur","6":"product_cat-toplum-ve-insan","7":"pa_cilt-ciltsiz","8":"pa_tur-kitap","9":"pa_yayinevi-alfa-yayinlari","10":"pa_yazar-john-lloyd-john-mitchinson","12":"first","13":"instock","14":"sale","15":"shipping-taxable","16":"purchasable","17":"product-type-simple"},"_links":{"self":[{"href":"https:\/\/roveyayinevi.com.tr\/index.php\/wp-json\/wp\/v2\/product\/714293","targetHints":{"allow":["GET"]}}],"collection":[{"href":"https:\/\/roveyayinevi.com.tr\/index.php\/wp-json\/wp\/v2\/product"}],"about":[{"href":"https:\/\/roveyayinevi.com.tr\/index.php\/wp-json\/wp\/v2\/types\/product"}],"wp:attachment":[{"href":"https:\/\/roveyayinevi.com.tr\/index.php\/wp-json\/wp\/v2\/media?parent=714293"}],"wp:term":[{"taxonomy":"product_brand","embeddable":true,"href":"https:\/\/roveyayinevi.com.tr\/index.php\/wp-json\/wp\/v2\/product_brand?post=714293"},{"taxonomy":"product_cat","embeddable":true,"href":"https:\/\/roveyayinevi.com.tr\/index.php\/wp-json\/wp\/v2\/product_cat?post=714293"},{"taxonomy":"product_tag","embeddable":true,"href":"https:\/\/roveyayinevi.com.tr\/index.php\/wp-json\/wp\/v2\/product_tag?post=714293"}],"curies":[{"name":"wp","href":"https:\/\/api.w.org\/{rel}","templated":true}]}}