{"id":714292,"date":"2025-08-27T17:16:59","date_gmt":"2025-08-27T14:16:59","guid":{"rendered":"https:\/\/roveyayinevi.com.tr\/index.php\/urun\/baskalarinin-akli\/"},"modified":"2026-04-16T02:22:46","modified_gmt":"2026-04-15T23:22:46","slug":"baskalarinin-akli","status":"publish","type":"product","link":"https:\/\/roveyayinevi.com.tr\/index.php\/urun\/baskalarinin-akli\/","title":{"rendered":"Ba\u015fkalar\u0131n\u0131n Akl\u0131"},"content":{"rendered":"<p>Bir giri\u015fimci, insanlar\u0131 sonu me\u00e7hul bir biyoteknoloji projesine milyarlar ak\u0131tmaya ikna edebilirken, bir doktor hastas\u0131n\u0131 hayati bir a\u015f\u0131y\u0131 yapt\u0131rmaya ikna edemiyor. Bir siyaset\u00e7i zerre ger\u00e7ekli\u011fi olmayan tezlerle kitleleri pe\u015finden s\u00fcr\u00fcklerken, aksini \u2013hem de bilimsel dayanaklar\u0131yla sunan rakibi kimseye s\u00f6z\u00fcn\u00fc dinletemiyor. Neden?G\u00fcndelik i\u015flerimizden biri de ba\u015fkalar\u0131n\u0131 ikna etmek: \u00c7ocu\u011fumuza \u00f6\u011fretiyor, m\u00fc\u015fterilerimizi y\u00f6nlendiriyor, hastalar\u0131m\u0131za yol g\u00f6steriyor, dostlar\u0131m\u0131za ak\u0131l veriyor, sosyal medyada takip\u00e7ilerimizi bilgilendiriyoruz. Peki her g\u00fcn yapt\u0131\u011f\u0131m\u0131z bu i\u015fte ne kadar iyiyiz? Ba\u015fkalar\u0131n\u0131n fikrinden etkilenmemizde ya da kendi fikirlerimizle onlar\u0131 etkileyebilmemizde belirleyici olan ne?Tali Sharot basit bir sorunun pe\u015fine tak\u0131l\u0131yor: Ba\u015fkalar\u0131n\u0131 dinlerken beynimizde neler oluyor? \u00d6nce, n\u00f6roloji ve psikoloji sahas\u0131ndaki son \u00e7al\u0131\u015fmalardan faydalanarak bu etkileme-etkilenme oyununda Ta\u015f Devri\u2019nden beri pek fazla yol alamad\u0131\u011f\u0131m\u0131z\u0131 ortaya koyuyor Sharot. Birinin fikir ya da davran\u0131\u015flar\u0131n\u0131 de\u011fi\u015ftirmeye \u00e7al\u0131\u015f\u0131rken se\u00e7ti\u011fimiz yollar\u0131n \u00e7o\u011fu asl\u0131nda beynin i\u015fletim sistemiyle uyumsuz. Sonra g\u00fczel haberi veriyor: Daha iyisi m\u00fcmk\u00fcn; beynimizin rol\u00fcn\u00fc kavrayarak bu \u00e7ift tarafl\u0131 oyunda kartlar\u0131 yeniden da\u011f\u0131tabiliriz.Pek \u00e7ok sayg\u0131n yay\u0131n organ\u0131 taraf\u0131ndan y\u0131l\u0131n kitab\u0131 se\u00e7kilerine d\u00e2hil edilen Ba\u015fkalar\u0131n\u0131n Akl\u0131, ya\u015fam\u0131m\u0131z\u0131n rotas\u0131nda fazlas\u0131yla belirleyici olan, buna kar\u015f\u0131l\u0131k fazlas\u0131yla donan\u0131ms\u0131z oldu\u011fumuz bir alanda bize sunulmu\u015f muazzam bir k\u0131lavuz.<\/p>\n","protected":false},"excerpt":{"rendered":"<p>Bir giri\u015fimci, insanlar\u0131 sonu me\u00e7hul bir biyoteknoloji projesine milyarlar ak\u0131tmaya ikna edebilirken, bir doktor hastas\u0131n\u0131 hayati bir a\u015f\u0131y\u0131 yapt\u0131rmaya ikna edemiyor. Bir siyaset\u00e7i zerre ger\u00e7ekli\u011fi olmayan<span class=\"excerpt-hellip\"> [\u2026]<\/span><\/p>\n","protected":false},"featured_media":0,"template":"","meta":{"_monsterinsights_skip_tracking":false,"_monsterinsights_sitenote_active":false,"_monsterinsights_sitenote_note":"","_monsterinsights_sitenote_category":0},"product_brand":[],"product_cat":[12358,12357],"product_tag":[],"class_list":{"0":"post-714292","1":"product","2":"type-product","3":"status-publish","5":"product_cat-genel-psikoloji","6":"product_cat-psikoloji","7":"pa_cilt-ciltsiz","8":"pa_tur-kitap","9":"pa_yayinevi-domingo-yayinevi","10":"pa_yazar-tali-sharot","12":"first","13":"instock","14":"sale","15":"shipping-taxable","16":"purchasable","17":"product-type-simple"},"_links":{"self":[{"href":"https:\/\/roveyayinevi.com.tr\/index.php\/wp-json\/wp\/v2\/product\/714292","targetHints":{"allow":["GET"]}}],"collection":[{"href":"https:\/\/roveyayinevi.com.tr\/index.php\/wp-json\/wp\/v2\/product"}],"about":[{"href":"https:\/\/roveyayinevi.com.tr\/index.php\/wp-json\/wp\/v2\/types\/product"}],"wp:attachment":[{"href":"https:\/\/roveyayinevi.com.tr\/index.php\/wp-json\/wp\/v2\/media?parent=714292"}],"wp:term":[{"taxonomy":"product_brand","embeddable":true,"href":"https:\/\/roveyayinevi.com.tr\/index.php\/wp-json\/wp\/v2\/product_brand?post=714292"},{"taxonomy":"product_cat","embeddable":true,"href":"https:\/\/roveyayinevi.com.tr\/index.php\/wp-json\/wp\/v2\/product_cat?post=714292"},{"taxonomy":"product_tag","embeddable":true,"href":"https:\/\/roveyayinevi.com.tr\/index.php\/wp-json\/wp\/v2\/product_tag?post=714292"}],"curies":[{"name":"wp","href":"https:\/\/api.w.org\/{rel}","templated":true}]}}