{"id":714289,"date":"2025-08-27T17:16:57","date_gmt":"2025-08-27T14:16:57","guid":{"rendered":"https:\/\/roveyayinevi.com.tr\/index.php\/urun\/dunyaca-unlu-eserler-guliver-kucuk-insanlar-ulkesinde\/"},"modified":"2025-11-06T04:49:25","modified_gmt":"2025-11-06T01:49:25","slug":"dunyaca-unlu-eserler-guliver-kucuk-insanlar-ulkesinde","status":"publish","type":"product","link":"https:\/\/roveyayinevi.com.tr\/index.php\/urun\/dunyaca-unlu-eserler-guliver-kucuk-insanlar-ulkesinde\/","title":{"rendered":"D\u00fcnyaca \u00dcnl\u00fc Eserler &#8211; G\u00fcliver K\u00fc\u00e7\u00fck \u0130nsanlar \u00dclkesinde"},"content":{"rendered":"<p>Jonathan Swift\u2019in sevilen bu b\u00fcy\u00fcleyici uyarlamas\u0131na harika \u00e7izimler e\u015flik ediyor. \ufffcTan\u0131t\u0131m Metni<\/p>\n","protected":false},"excerpt":{"rendered":"<p>Jonathan Swift\u2019in sevilen bu b\u00fcy\u00fcleyici uyarlamas\u0131na harika \u00e7izimler e\u015flik ediyor. \ufffcTan\u0131t\u0131m Metni<\/p>\n","protected":false},"featured_media":0,"template":"","meta":{"_monsterinsights_skip_tracking":false,"_monsterinsights_sitenote_active":false,"_monsterinsights_sitenote_note":"","_monsterinsights_sitenote_category":0},"product_brand":[],"product_cat":[12291,13872],"product_tag":[],"class_list":{"0":"post-714289","1":"product","2":"type-product","3":"status-publish","5":"product_cat-edebiyat","6":"product_cat-klasikler","7":"pa_cilt-ciltsiz","8":"pa_tur-kitap","9":"pa_yayinevi-1001-cicek-kitaplar","10":"pa_yazar-jonathan-swift","12":"first","13":"instock","14":"sale","15":"shipping-taxable","16":"purchasable","17":"product-type-simple"},"_links":{"self":[{"href":"https:\/\/roveyayinevi.com.tr\/index.php\/wp-json\/wp\/v2\/product\/714289","targetHints":{"allow":["GET"]}}],"collection":[{"href":"https:\/\/roveyayinevi.com.tr\/index.php\/wp-json\/wp\/v2\/product"}],"about":[{"href":"https:\/\/roveyayinevi.com.tr\/index.php\/wp-json\/wp\/v2\/types\/product"}],"wp:attachment":[{"href":"https:\/\/roveyayinevi.com.tr\/index.php\/wp-json\/wp\/v2\/media?parent=714289"}],"wp:term":[{"taxonomy":"product_brand","embeddable":true,"href":"https:\/\/roveyayinevi.com.tr\/index.php\/wp-json\/wp\/v2\/product_brand?post=714289"},{"taxonomy":"product_cat","embeddable":true,"href":"https:\/\/roveyayinevi.com.tr\/index.php\/wp-json\/wp\/v2\/product_cat?post=714289"},{"taxonomy":"product_tag","embeddable":true,"href":"https:\/\/roveyayinevi.com.tr\/index.php\/wp-json\/wp\/v2\/product_tag?post=714289"}],"curies":[{"name":"wp","href":"https:\/\/api.w.org\/{rel}","templated":true}]}}