{"id":714283,"date":"2025-08-27T17:16:53","date_gmt":"2025-08-27T14:16:53","guid":{"rendered":"https:\/\/roveyayinevi.com.tr\/index.php\/urun\/karacaoglan-2\/"},"modified":"2026-04-16T02:22:46","modified_gmt":"2026-04-15T23:22:46","slug":"karacaoglan-2","status":"publish","type":"product","link":"https:\/\/roveyayinevi.com.tr\/index.php\/urun\/karacaoglan-2\/","title":{"rendered":"Karacao\u011flan"},"content":{"rendered":"<p>Karacao\u011flan: Gezgin a\u015f\u0131k, yan\u0131k ozan. Anadolu\u2019yu ko\u015fmalar\u0131n\u0131 s\u00f6yleyerek gezmi\u015f, gezdi\u011fi diyarlar\u0131 \u015fiirlerinde ya\u015fatm\u0131\u015f bir a\u015f\u0131k. Co\u011frafyas\u0131n\u0131n da\u011flar\u0131, yaylalar\u0131, yi\u011fitleri, gelinleri ve k\u0131zlar\u0131 Karacao\u011flan\u2019\u0131n \u015fiirlerinde ebedile\u015fir. O, s\u00f6yledi\u011fi ko\u015fmalarla gezdi\u011fi co\u011frafyalar\u0131n adeta k\u00fclt\u00fcr atlas\u0131n\u0131 \u00e7izer. Rindanedir, her g\u00fczel onun sevdi\u011fidir, her sevdi\u011fi de g\u00fczel\u2026 Gezdi\u011fi diyarlar, y\u00fcr\u00fcd\u00fc\u011f\u00fc yollar ona ayr\u0131l\u0131k, sadelik ve do\u011fruluk getirmi\u015ftir. \u201cGidip de gelememe gelip de bulamama\u201d ihtimali zihninde \u00f6ylesine canl\u0131d\u0131r ki, bu gurbet duygusu Karacao\u011flan\u2019a d\u00fcnyan\u0131n fanili\u011fini her daim hat\u0131rlatm\u0131\u015f, onu sadeli\u011fe, do\u011frulu\u011fa ve samimiyete meylettirmi\u015ftir.Karacao\u011flan kendinden evvel gelenleri sual etti. Kendinden evvelkileri tan\u0131d\u0131, s\u00f6z\u00fcn\u00fc onlar\u0131n kurdu\u011fu terazide tartarak s\u00f6yledi. Y\u00fczlerce y\u0131ld\u0131r Anadolu\u2019da el birli\u011fi ile yo\u011frulan hamurun ona ula\u015fan mayas\u0131n\u0131 itina ile muhafaza etti, canl\u0131 tuttu ve haleflerine emanet etti. Bizler de ayn\u0131 konuda kendimizden evvelkileri su\u00e2l edecek olursak, bize de \u201cBir Karacao\u011flan var idi\u201ddenilecektir. <\/p>\n","protected":false},"excerpt":{"rendered":"<p>Karacao\u011flan: Gezgin a\u015f\u0131k, yan\u0131k ozan. Anadolu\u2019yu ko\u015fmalar\u0131n\u0131 s\u00f6yleyerek gezmi\u015f, gezdi\u011fi diyarlar\u0131 \u015fiirlerinde ya\u015fatm\u0131\u015f bir a\u015f\u0131k. Co\u011frafyas\u0131n\u0131n da\u011flar\u0131, yaylalar\u0131, yi\u011fitleri, gelinleri ve k\u0131zlar\u0131 Karacao\u011flan\u2019\u0131n \u015fiirlerinde ebedile\u015fir. O,<span class=\"excerpt-hellip\"> [\u2026]<\/span><\/p>\n","protected":false},"featured_media":0,"template":"","meta":{"_monsterinsights_skip_tracking":false,"_monsterinsights_sitenote_active":false,"_monsterinsights_sitenote_note":"","_monsterinsights_sitenote_category":0},"product_brand":[],"product_cat":[14009,12291],"product_tag":[],"class_list":{"0":"post-714283","1":"product","2":"type-product","3":"status-publish","5":"product_cat-biyografi-otobiyografi-edebiyat","6":"product_cat-edebiyat","7":"pa_cilt-ciltsiz","8":"pa_tur-kitap","9":"pa_yayinevi-ketebe-yayinlari","10":"pa_yazar-kenan-ozcelik","12":"first","13":"instock","14":"sale","15":"shipping-taxable","16":"purchasable","17":"product-type-simple"},"_links":{"self":[{"href":"https:\/\/roveyayinevi.com.tr\/index.php\/wp-json\/wp\/v2\/product\/714283","targetHints":{"allow":["GET"]}}],"collection":[{"href":"https:\/\/roveyayinevi.com.tr\/index.php\/wp-json\/wp\/v2\/product"}],"about":[{"href":"https:\/\/roveyayinevi.com.tr\/index.php\/wp-json\/wp\/v2\/types\/product"}],"wp:attachment":[{"href":"https:\/\/roveyayinevi.com.tr\/index.php\/wp-json\/wp\/v2\/media?parent=714283"}],"wp:term":[{"taxonomy":"product_brand","embeddable":true,"href":"https:\/\/roveyayinevi.com.tr\/index.php\/wp-json\/wp\/v2\/product_brand?post=714283"},{"taxonomy":"product_cat","embeddable":true,"href":"https:\/\/roveyayinevi.com.tr\/index.php\/wp-json\/wp\/v2\/product_cat?post=714283"},{"taxonomy":"product_tag","embeddable":true,"href":"https:\/\/roveyayinevi.com.tr\/index.php\/wp-json\/wp\/v2\/product_tag?post=714283"}],"curies":[{"name":"wp","href":"https:\/\/api.w.org\/{rel}","templated":true}]}}