{"id":714281,"date":"2025-08-27T17:16:52","date_gmt":"2025-08-27T14:16:52","guid":{"rendered":"https:\/\/roveyayinevi.com.tr\/index.php\/urun\/bir-istanbul-tarikati-cerrahilik\/"},"modified":"2026-04-16T02:22:46","modified_gmt":"2026-04-15T23:22:46","slug":"bir-istanbul-tarikati-cerrahilik","status":"publish","type":"product","link":"https:\/\/roveyayinevi.com.tr\/index.php\/urun\/bir-istanbul-tarikati-cerrahilik\/","title":{"rendered":"Bir \u0130stanbul Tarikat\u0131 &#8211; Cerrahilik"},"content":{"rendered":"<p>Allah\u2019a giden yollar mahl\u00fbk\u0101t\u0131n nefesleri say\u0131s\u0131ncad\u0131r fehvas\u0131nca pek \u00e7ok turuk-\u0131 aliyye tesis olmu\u015ftur. Bunlar\u0131n i\u00e7erisinde imparatorlu\u011fun merkezinde, nefs-i \u0130stanbul\u2019da tesis edilmi\u015f tar\u00eekatlar da bulunmaktad\u0131r ki bunlar\u0131n ba\u015f\u0131nda P\u00eer N\u00fbredd\u00een-i Cerr\u00e2h\u00ee hazretlerinin Halvet\u00ee yolunda yapt\u0131\u011f\u0131 i\u00e7tihatla tesis etti\u011fi tarikat-\u0131 aliyye-i Cerrahiyye gelmektedir. Bug\u00fcne kadar da bu hus\u00fbsiyetini yani \u0130stanbul tar\u00eekat\u0131 olma \u00f6zelli\u011fini hep korumu\u015f medeni bir tar\u00eekatt\u0131r. Hus\u00fbsen son devir me\u015f\u00e2yih\u0131 eliyle gerek \u00fclkemizde ve gerekse Bat\u0131\u2019da daha da inki\u015faf eden bu mektepte y\u00fczlerce memleket evl\u00e2d\u0131 istikametini ve pek \u00e7ok Bat\u0131l\u0131 da \u0130sl\u00e2m\u2019\u0131 tan\u0131d\u0131. Bu m\u00fcb\u00e2rek \u00e2rifin tesis etmi\u015f oldu\u011fu yolu ilm\u00ee m\u00e2nada \u00e7al\u0131\u015fmak herkesin \u00fcstesinden gelece\u011fi bir i\u015f de\u011fildi.Bu zor vaz\u00eefe ahf\u00e2d-\u0131 Ra\u00fbf\u00ee ve hulef\u00e2-yi Cerr\u00e2h\u00ee neslinden muhterem karde\u015fim Cemal \u00d6zt\u00fcrk\u2019e nasip oldu. Bu muayyen tarikin kurucusunun ve m\u00fcte\u00e2kip me\u015f\u00e2yih\u0131n\u0131n hayatlar\u0131 ve eserleri ile Anadolu ve Balkanlar\u2019daki tekkeleri \u00fczerinde eldeki yaz\u0131l\u0131 kaynaklar\u0131ndan ve belgelerden yola \u00e7\u0131karak haz\u0131rlad\u0131\u011f\u0131 akademik tezini daha da geli\u015ftirdi ve ortaya bu b\u00fcy\u00fck emek mahs\u00fbl\u00fc eser \u00e7\u0131kt\u0131. Bir irfan oca\u011f\u0131m\u0131z\u0131n daha t\u00e2rihini okumak isteyenlere faydal\u0131 bir kaynak olaca\u011f\u0131ndan hi\u00e7 \u015f\u00fcphemiz yoktur.Prof. Dr. Mahmud Erol K\u0131l\u0131\u00e7 <\/p>\n","protected":false},"excerpt":{"rendered":"<p>Allah\u2019a giden yollar mahl\u00fbk\u0101t\u0131n nefesleri say\u0131s\u0131ncad\u0131r fehvas\u0131nca pek \u00e7ok turuk-\u0131 aliyye tesis olmu\u015ftur. Bunlar\u0131n i\u00e7erisinde imparatorlu\u011fun merkezinde, nefs-i \u0130stanbul\u2019da tesis edilmi\u015f tar\u00eekatlar da bulunmaktad\u0131r ki bunlar\u0131n<span class=\"excerpt-hellip\"> [\u2026]<\/span><\/p>\n","protected":false},"featured_media":0,"template":"","meta":{"_monsterinsights_skip_tracking":false,"_monsterinsights_sitenote_active":false,"_monsterinsights_sitenote_note":"","_monsterinsights_sitenote_category":0},"product_brand":[],"product_cat":[13072,12291],"product_tag":[],"class_list":{"0":"post-714281","1":"product","2":"type-product","3":"status-publish","5":"product_cat-arastirma-inceleme-referans","6":"product_cat-edebiyat","7":"pa_cilt-ciltsiz","8":"pa_tur-kitap","9":"pa_yayinevi-ketebe-yayinlari","10":"pa_yazar-mehmet-cemal-ozturk","12":"first","13":"instock","14":"sale","15":"shipping-taxable","16":"purchasable","17":"product-type-simple"},"_links":{"self":[{"href":"https:\/\/roveyayinevi.com.tr\/index.php\/wp-json\/wp\/v2\/product\/714281","targetHints":{"allow":["GET"]}}],"collection":[{"href":"https:\/\/roveyayinevi.com.tr\/index.php\/wp-json\/wp\/v2\/product"}],"about":[{"href":"https:\/\/roveyayinevi.com.tr\/index.php\/wp-json\/wp\/v2\/types\/product"}],"wp:attachment":[{"href":"https:\/\/roveyayinevi.com.tr\/index.php\/wp-json\/wp\/v2\/media?parent=714281"}],"wp:term":[{"taxonomy":"product_brand","embeddable":true,"href":"https:\/\/roveyayinevi.com.tr\/index.php\/wp-json\/wp\/v2\/product_brand?post=714281"},{"taxonomy":"product_cat","embeddable":true,"href":"https:\/\/roveyayinevi.com.tr\/index.php\/wp-json\/wp\/v2\/product_cat?post=714281"},{"taxonomy":"product_tag","embeddable":true,"href":"https:\/\/roveyayinevi.com.tr\/index.php\/wp-json\/wp\/v2\/product_tag?post=714281"}],"curies":[{"name":"wp","href":"https:\/\/api.w.org\/{rel}","templated":true}]}}