{"id":714279,"date":"2025-08-27T17:16:51","date_gmt":"2025-08-27T14:16:51","guid":{"rendered":"https:\/\/roveyayinevi.com.tr\/index.php\/urun\/franz-ve-dedektiflik-hikayesi\/"},"modified":"2026-04-16T02:22:46","modified_gmt":"2026-04-15T23:22:46","slug":"franz-ve-dedektiflik-hikayesi","status":"publish","type":"product","link":"https:\/\/roveyayinevi.com.tr\/index.php\/urun\/franz-ve-dedektiflik-hikayesi\/","title":{"rendered":"Franz ve Dedektiflik Hikayesi"},"content":{"rendered":"<p>Dizinin \u00fc\u00e7\u00fcnc\u00fc kitab\u0131, renkli desenler e\u015fli\u011finde \u00e7ocuksu meraklar\u0131n pe\u015fine d\u00fc\u015f\u00fcyor. Uysal bir \u00e7ocuk olan Franz, en yak\u0131n arkada\u015f\u0131 Gabi&#8217;nin t\u00fcm isteklerini yerine getirmekte, hatta onun hobilerine bile ortak olmaktad\u0131r. Gabi s\u00fcrekli hobi de\u011fi\u015ftirdi\u011finden bu \u00e7ok yorucudur. Sihirbazl\u0131k, k\u00e2\u011f\u0131t pe\u00e7ete koleksiyonculu\u011fu derken, Gabi dedektiflikte karar k\u0131lar. \u00dcstelik, al\u0131\u015fveri\u015f merkezlerinde pek \u00e7ok h\u0131rs\u0131zl\u0131k yap\u0131ld\u0131\u011f\u0131ndan ku\u015fkulanmaktad\u0131r&#8230; \ufffcTan\u0131t\u0131m Metni<\/p>\n","protected":false},"excerpt":{"rendered":"<p>Dizinin \u00fc\u00e7\u00fcnc\u00fc kitab\u0131, renkli desenler e\u015fli\u011finde \u00e7ocuksu meraklar\u0131n pe\u015fine d\u00fc\u015f\u00fcyor. Uysal bir \u00e7ocuk olan Franz, en yak\u0131n arkada\u015f\u0131 Gabi&#8217;nin t\u00fcm isteklerini yerine getirmekte, hatta onun hobilerine<span class=\"excerpt-hellip\"> [\u2026]<\/span><\/p>\n","protected":false},"featured_media":0,"template":"","meta":{"_monsterinsights_skip_tracking":false,"_monsterinsights_sitenote_active":false,"_monsterinsights_sitenote_note":"","_monsterinsights_sitenote_category":0},"product_brand":[],"product_cat":[12274,12284],"product_tag":[],"class_list":{"0":"post-714279","1":"product","2":"type-product","3":"status-publish","5":"product_cat-cocuk-ve-genclik-kitaplari","6":"product_cat-hikayeler","7":"pa_cilt-ciltsiz","8":"pa_tur-kitap","9":"pa_yayinevi-gunisigi-kitapligi","10":"pa_yazar-christine-nostlinger","12":"first","13":"instock","14":"sale","15":"shipping-taxable","16":"purchasable","17":"product-type-simple"},"_links":{"self":[{"href":"https:\/\/roveyayinevi.com.tr\/index.php\/wp-json\/wp\/v2\/product\/714279","targetHints":{"allow":["GET"]}}],"collection":[{"href":"https:\/\/roveyayinevi.com.tr\/index.php\/wp-json\/wp\/v2\/product"}],"about":[{"href":"https:\/\/roveyayinevi.com.tr\/index.php\/wp-json\/wp\/v2\/types\/product"}],"wp:attachment":[{"href":"https:\/\/roveyayinevi.com.tr\/index.php\/wp-json\/wp\/v2\/media?parent=714279"}],"wp:term":[{"taxonomy":"product_brand","embeddable":true,"href":"https:\/\/roveyayinevi.com.tr\/index.php\/wp-json\/wp\/v2\/product_brand?post=714279"},{"taxonomy":"product_cat","embeddable":true,"href":"https:\/\/roveyayinevi.com.tr\/index.php\/wp-json\/wp\/v2\/product_cat?post=714279"},{"taxonomy":"product_tag","embeddable":true,"href":"https:\/\/roveyayinevi.com.tr\/index.php\/wp-json\/wp\/v2\/product_tag?post=714279"}],"curies":[{"name":"wp","href":"https:\/\/api.w.org\/{rel}","templated":true}]}}