{"id":714278,"date":"2025-08-27T17:16:50","date_gmt":"2025-08-27T14:16:50","guid":{"rendered":"https:\/\/roveyayinevi.com.tr\/index.php\/urun\/franz-ve-futbol-hikayesi\/"},"modified":"2026-04-16T02:22:46","modified_gmt":"2026-04-15T23:22:46","slug":"franz-ve-futbol-hikayesi","status":"publish","type":"product","link":"https:\/\/roveyayinevi.com.tr\/index.php\/urun\/franz-ve-futbol-hikayesi\/","title":{"rendered":"Franz ve Futbol Hikayesi"},"content":{"rendered":"<p>Dizinin ikinci kitab\u0131nda, bir \u00e7ocu\u011fun futbolcu olma hayali renkli desenler e\u015fli\u011finde i\u015fleniyor. Franz, a\u011fabeyi Josef gibi uzun boylu, g\u00fc\u00e7l\u00fc bir futbolcu olmak ister. En \u00e7ok da onun kadar m\u00fcthi\u015f bir futbolcu olmay\u0131 hayal eder. Son ma\u00e7ta, aln\u0131na \u015fiddetli bir top darbesi al\u0131nca, &#8220;\u00e7elimsiz&#8221; bulunur ve tak\u0131mdan at\u0131l\u0131r. Bu durum Franz&#8217;\u0131 \u00e7ok \u00fczm\u00fc\u015ft\u00fcr, ama en yak\u0131n arkada\u015f\u0131 Gabi&#8217;nin teklifi herkesi \u015fa\u015f\u0131rtacakt\u0131r&#8230; \ufffcTan\u0131t\u0131m Metni<\/p>\n","protected":false},"excerpt":{"rendered":"<p>Dizinin ikinci kitab\u0131nda, bir \u00e7ocu\u011fun futbolcu olma hayali renkli desenler e\u015fli\u011finde i\u015fleniyor. Franz, a\u011fabeyi Josef gibi uzun boylu, g\u00fc\u00e7l\u00fc bir futbolcu olmak ister. En \u00e7ok da<span class=\"excerpt-hellip\"> [\u2026]<\/span><\/p>\n","protected":false},"featured_media":0,"template":"","meta":{"_monsterinsights_skip_tracking":false,"_monsterinsights_sitenote_active":false,"_monsterinsights_sitenote_note":"","_monsterinsights_sitenote_category":0},"product_brand":[],"product_cat":[12274,12284],"product_tag":[],"class_list":{"0":"post-714278","1":"product","2":"type-product","3":"status-publish","5":"product_cat-cocuk-ve-genclik-kitaplari","6":"product_cat-hikayeler","7":"pa_cilt-ciltsiz","8":"pa_tur-kitap","9":"pa_yayinevi-gunisigi-kitapligi","10":"pa_yazar-christine-nostlinger","12":"first","13":"instock","14":"sale","15":"shipping-taxable","16":"purchasable","17":"product-type-simple"},"_links":{"self":[{"href":"https:\/\/roveyayinevi.com.tr\/index.php\/wp-json\/wp\/v2\/product\/714278","targetHints":{"allow":["GET"]}}],"collection":[{"href":"https:\/\/roveyayinevi.com.tr\/index.php\/wp-json\/wp\/v2\/product"}],"about":[{"href":"https:\/\/roveyayinevi.com.tr\/index.php\/wp-json\/wp\/v2\/types\/product"}],"wp:attachment":[{"href":"https:\/\/roveyayinevi.com.tr\/index.php\/wp-json\/wp\/v2\/media?parent=714278"}],"wp:term":[{"taxonomy":"product_brand","embeddable":true,"href":"https:\/\/roveyayinevi.com.tr\/index.php\/wp-json\/wp\/v2\/product_brand?post=714278"},{"taxonomy":"product_cat","embeddable":true,"href":"https:\/\/roveyayinevi.com.tr\/index.php\/wp-json\/wp\/v2\/product_cat?post=714278"},{"taxonomy":"product_tag","embeddable":true,"href":"https:\/\/roveyayinevi.com.tr\/index.php\/wp-json\/wp\/v2\/product_tag?post=714278"}],"curies":[{"name":"wp","href":"https:\/\/api.w.org\/{rel}","templated":true}]}}