{"id":714277,"date":"2025-08-27T17:16:50","date_gmt":"2025-08-27T14:16:50","guid":{"rendered":"https:\/\/roveyayinevi.com.tr\/index.php\/urun\/franz-ve-kopek-hikayesi\/"},"modified":"2026-04-16T02:22:46","modified_gmt":"2026-04-15T23:22:46","slug":"franz-ve-kopek-hikayesi","status":"publish","type":"product","link":"https:\/\/roveyayinevi.com.tr\/index.php\/urun\/franz-ve-kopek-hikayesi\/","title":{"rendered":"Franz ve K\u00f6pek Hikayesi"},"content":{"rendered":"<p>&#8220;Franz&#8221; dizisinin ilk kitab\u0131nda, bir \u00e7ocu\u011fun k\u00f6pekle kurdu\u011fu ilk dostluk renkli desenler e\u015fli\u011finde anlat\u0131l\u0131yor.   Franz, k\u00f6peklerden \u00e7ok korkuyordu. Yaln\u0131zca kocaman sivri di\u015fli olanlardan de\u011fil, kuyru\u011funu sallayan k\u00fc\u00e7\u00fck k\u00f6peklerden bile \u00e7ekiniyordu. Bir g\u00fcn, arkada\u015f\u0131 Egon&#8217;un yata\u011f\u0131n\u0131n alt\u0131ndan kocaman, kahverengi bir k\u00f6pek \u00e7\u0131k\u0131verdi! Franz korkudan ta\u015f kesilse de, Berta adl\u0131 bu k\u00f6pek onunla dost olmay\u0131 kafas\u0131na koymu\u015fa benziyordu\u2026 <\/p>\n","protected":false},"excerpt":{"rendered":"<p>&#8220;Franz&#8221; dizisinin ilk kitab\u0131nda, bir \u00e7ocu\u011fun k\u00f6pekle kurdu\u011fu ilk dostluk renkli desenler e\u015fli\u011finde anlat\u0131l\u0131yor. Franz, k\u00f6peklerden \u00e7ok korkuyordu. Yaln\u0131zca kocaman sivri di\u015fli olanlardan de\u011fil, kuyru\u011funu sallayan<span class=\"excerpt-hellip\"> [\u2026]<\/span><\/p>\n","protected":false},"featured_media":0,"template":"","meta":{"_monsterinsights_skip_tracking":false,"_monsterinsights_sitenote_active":false,"_monsterinsights_sitenote_note":"","_monsterinsights_sitenote_category":0},"product_brand":[],"product_cat":[12274,12284],"product_tag":[],"class_list":{"0":"post-714277","1":"product","2":"type-product","3":"status-publish","5":"product_cat-cocuk-ve-genclik-kitaplari","6":"product_cat-hikayeler","7":"pa_cilt-ciltsiz","8":"pa_tur-kitap","9":"pa_yayinevi-gunisigi-kitapligi","10":"pa_yazar-christine-nostlinger","12":"first","13":"instock","14":"sale","15":"shipping-taxable","16":"purchasable","17":"product-type-simple"},"_links":{"self":[{"href":"https:\/\/roveyayinevi.com.tr\/index.php\/wp-json\/wp\/v2\/product\/714277","targetHints":{"allow":["GET"]}}],"collection":[{"href":"https:\/\/roveyayinevi.com.tr\/index.php\/wp-json\/wp\/v2\/product"}],"about":[{"href":"https:\/\/roveyayinevi.com.tr\/index.php\/wp-json\/wp\/v2\/types\/product"}],"wp:attachment":[{"href":"https:\/\/roveyayinevi.com.tr\/index.php\/wp-json\/wp\/v2\/media?parent=714277"}],"wp:term":[{"taxonomy":"product_brand","embeddable":true,"href":"https:\/\/roveyayinevi.com.tr\/index.php\/wp-json\/wp\/v2\/product_brand?post=714277"},{"taxonomy":"product_cat","embeddable":true,"href":"https:\/\/roveyayinevi.com.tr\/index.php\/wp-json\/wp\/v2\/product_cat?post=714277"},{"taxonomy":"product_tag","embeddable":true,"href":"https:\/\/roveyayinevi.com.tr\/index.php\/wp-json\/wp\/v2\/product_tag?post=714277"}],"curies":[{"name":"wp","href":"https:\/\/api.w.org\/{rel}","templated":true}]}}