{"id":714276,"date":"2025-08-27T17:16:49","date_gmt":"2025-08-27T14:16:49","guid":{"rendered":"https:\/\/roveyayinevi.com.tr\/index.php\/urun\/korku-7\/"},"modified":"2026-04-12T02:27:29","modified_gmt":"2026-04-11T23:27:29","slug":"korku-7","status":"publish","type":"product","link":"https:\/\/roveyayinevi.com.tr\/index.php\/urun\/korku-7\/","title":{"rendered":"Korku"},"content":{"rendered":"<p>&#8230;Korku nedir? \u00d6ncelikle korku, her zaman bir t\u00fcr arzuyla ilgilidir. \u00dcnl\u00fc bir adam olmak istersin, d\u00fcnyadaki en \u00fcnl\u00fc adam; i\u015fte o zaman korku vard\u0131r. Ya ba\u015faramazsan? Korku ba\u015flar. Korku, arzunun bir yan \u00fcr\u00fcn\u00fcd\u00fcr. Bir kad\u0131na sahip olmak istersin ve yar\u0131n onunla olamayaca\u011f\u0131ndan, onun ba\u015fka birine gidebilece\u011finden korkars\u0131n. Hala hayattad\u0131r, gidebilir. Bir mobilyaya sahip olabilirsin, korku yoktur. Ama bir insana sahip olmaya \u00e7al\u0131\u015ft\u0131\u011f\u0131nda, korku ba\u015flar. Korku, sahip olma arzusundan do\u011far; bir yan \u00fcr\u00fcnd\u00fcr; sahip olmak istersin, o y\u00fczden korku ba\u015flar. Unutma! Sadece nesnelere sahip olabilirsin, insanlara de\u011fil. &#8230;\u00d6nce, t\u00fcm h\u00fck\u00fcmlerini, yarg\u0131lar\u0131n\u0131, de\u011ferlendirmelerini bir kenara b\u0131rak. Korku, ger\u00e7ekliktir ve bir enerjidir. Y\u00fczle\u015fmek, anla\u015f\u0131lmak zorundad\u0131r. Ve sadece anlay\u0131\u015fla, d\u00f6n\u00fc\u015ft\u00fcr\u00fclebilir. Ba\u015fka hi\u00e7bir \u015fey yapmaya gerek yoktur; anlay\u0131\u015f onu d\u00f6n\u00fc\u015ft\u00fcr\u00fcr. &#8230;Onun do\u011fall\u0131\u011f\u0131n\u0131 kabul et &#8211; do\u011fal oldu\u011funu, ka\u00e7\u0131n\u0131lmaz oldu\u011funu kabul et. O ger\u00e7e\u011fi kabul et ve devam et. Onu bast\u0131rma ya da onun seni engellemesine izin verme. Ona ra\u011fmen, ilerlemeye devam et. Titreyeceksin elbette, \u00e7\u00fcnk\u00fc korku orada, ama ilerlemeye devam et. Titresen de, devam et. &#8230;Ya\u015farsan, o zaman korkmazs\u0131n. E\u011fer ya\u015fam\u0131nu doyas\u0131ya s\u00fcrd\u00fcr\u00fcrsen, korkmazs\u0131n. Ya\u015fam\u0131n sunabilece\u011fi doruklara ula\u015fm\u0131\u015f, keyfini s\u00fcrm\u00fc\u015fsen, ya\u015fam\u0131n co\u015fkulu bir deneyime d\u00f6n\u00fc\u015fm\u00fc\u015fse, i\u00e7inde bir \u015fiiri, bir \u015fark\u0131y\u0131, bir festivali, bir seremoniyi hissetmi\u015fsen ve her an\u0131n\u0131 doyas\u0131ya ya\u015fam\u0131\u015fsan, zamandan korkmazs\u0131n ve t\u00fcm korkular kaybolur. Ya\u015fanmam\u0131\u015f bir ya\u015fam, \u00f6l\u00fcme g\u00fc\u00e7 verir. Ve doyas\u0131ya ya\u015fanm\u0131\u015f bir ya\u015fam, \u00f6l\u00fcm\u00fcn t\u00fcm g\u00fcc\u00fcn\u00fc al\u0131r. &#8230;\u00d6yleyse ne yapmal\u0131? Daha \u00e7ok ya\u015fa, daha yo\u011fun ya\u015fa! Tehlikeli ya\u015fa! Bu senin hayat\u0131n. Onu, sana \u00f6\u011fretilen herhangi bir aptall\u0131k i\u00e7in feda etme. Bu senin hayat\u0131n, ya\u015fa. Onu, hi\u00e7bir \u015fey i\u00e7in feda etme. Mesaj budur. Ve o zaman korku kalmaz. \ufffcTan\u0131t\u0131m Metni<\/p>\n","protected":false},"excerpt":{"rendered":"<p>&#8230;Korku nedir? \u00d6ncelikle korku, her zaman bir t\u00fcr arzuyla ilgilidir. \u00dcnl\u00fc bir adam olmak istersin, d\u00fcnyadaki en \u00fcnl\u00fc adam; i\u015fte o zaman korku vard\u0131r. Ya ba\u015faramazsan?<span class=\"excerpt-hellip\"> [\u2026]<\/span><\/p>\n","protected":false},"featured_media":0,"template":"","meta":{"_monsterinsights_skip_tracking":false,"_monsterinsights_sitenote_active":false,"_monsterinsights_sitenote_note":"","_monsterinsights_sitenote_category":0},"product_brand":[],"product_cat":[12364,12376],"product_tag":[],"class_list":{"0":"post-714276","1":"product","2":"type-product","3":"status-publish","5":"product_cat-genel-konular","6":"product_cat-kisisel-gelisim","7":"pa_cilt-ciltsiz","8":"pa_tur-kitap","9":"pa_yayinevi-butik-yayinlari","10":"pa_yazar-osho","12":"first","13":"instock","14":"sale","15":"shipping-taxable","16":"purchasable","17":"product-type-simple"},"_links":{"self":[{"href":"https:\/\/roveyayinevi.com.tr\/index.php\/wp-json\/wp\/v2\/product\/714276","targetHints":{"allow":["GET"]}}],"collection":[{"href":"https:\/\/roveyayinevi.com.tr\/index.php\/wp-json\/wp\/v2\/product"}],"about":[{"href":"https:\/\/roveyayinevi.com.tr\/index.php\/wp-json\/wp\/v2\/types\/product"}],"wp:attachment":[{"href":"https:\/\/roveyayinevi.com.tr\/index.php\/wp-json\/wp\/v2\/media?parent=714276"}],"wp:term":[{"taxonomy":"product_brand","embeddable":true,"href":"https:\/\/roveyayinevi.com.tr\/index.php\/wp-json\/wp\/v2\/product_brand?post=714276"},{"taxonomy":"product_cat","embeddable":true,"href":"https:\/\/roveyayinevi.com.tr\/index.php\/wp-json\/wp\/v2\/product_cat?post=714276"},{"taxonomy":"product_tag","embeddable":true,"href":"https:\/\/roveyayinevi.com.tr\/index.php\/wp-json\/wp\/v2\/product_tag?post=714276"}],"curies":[{"name":"wp","href":"https:\/\/api.w.org\/{rel}","templated":true}]}}