{"id":714275,"date":"2025-08-27T17:16:49","date_gmt":"2025-08-27T14:16:49","guid":{"rendered":"https:\/\/roveyayinevi.com.tr\/index.php\/urun\/kralin-iki-bedeni-ortacag-siyaset-teolojisi-calismasi\/"},"modified":"2026-04-16T02:22:46","modified_gmt":"2026-04-15T23:22:46","slug":"kralin-iki-bedeni-ortacag-siyaset-teolojisi-calismasi","status":"publish","type":"product","link":"https:\/\/roveyayinevi.com.tr\/index.php\/urun\/kralin-iki-bedeni-ortacag-siyaset-teolojisi-calismasi\/","title":{"rendered":"Kral\u0131n \u0130ki Bedeni &#8211; Orta\u00e7a\u011f Siyaset Teolojisi \u00c7al\u0131\u015fmas\u0131"},"content":{"rendered":"<p>Kantorowicz\u2019in 1957\u2019de yay\u0131mlanan Kral\u0131n \u0130ki Bedeni adl\u0131 kitab\u0131, Orta\u00e7a\u011f siyasi d\u00fc\u015f\u00fcnce tarihi hakk\u0131nda yaz\u0131lm\u0131\u015f en \u00f6nemli kitaplardan biridir ve devlet kuram\u0131 ile siyaset teolojileri incelemelerinin olmazsa olmaz\u0131 haline gelmi\u015ftir. Kantorowicz bu \u00e7al\u0131\u015fmas\u0131nda, Tudor hukuk\u00e7ular\u0131ndan geriye do\u011fru, b\u00fct\u00fcn Orta\u00e7a\u011fa ve \u0130lk\u00e7a\u011f sonlar\u0131na kadar gider. Bu geri gidi\u015fte, kral\u0131n iki bedeni \u2013prens bir yandan do\u011fal bir bedene sahiptir, di\u011fer yandan da siyasi ve \u00f6l\u00fcms\u00fcz bir bedene- \u00f6\u011fretisinin kaynaklar\u0131n\u0131 g\u00f6sterir. Kantorowicz\u2019in kendi s\u00f6zleriyle \u201celinizdeki \u00e7al\u0131\u015fma egemen devletin \u015fifrelerini ve s\u00fcreklili\u011fini (H\u00fck\u00fcmdar, Y\u00fcksek Mevki, Anavatan ve di\u011ferleri) ba\u015flang\u0131\u00e7 a\u015famalar\u0131nda ve ilk modern devletleri kendi ayaklar\u0131 \u00fczerine dikmenin bir arac\u0131 olarak hizmet ettikleri bir zamanda anla\u015f\u0131ld\u0131klar\u0131 bi\u00e7imleriyle mevcut siyasi \u00f6\u011fretilerin bak\u0131\u015f a\u00e7\u0131s\u0131ndan\u201d ele almaktad\u0131r. <\/p>\n","protected":false},"excerpt":{"rendered":"<p>Kantorowicz\u2019in 1957\u2019de yay\u0131mlanan Kral\u0131n \u0130ki Bedeni adl\u0131 kitab\u0131, Orta\u00e7a\u011f siyasi d\u00fc\u015f\u00fcnce tarihi hakk\u0131nda yaz\u0131lm\u0131\u015f en \u00f6nemli kitaplardan biridir ve devlet kuram\u0131 ile siyaset teolojileri incelemelerinin olmazsa<span class=\"excerpt-hellip\"> [\u2026]<\/span><\/p>\n","protected":false},"featured_media":0,"template":"","meta":{"_monsterinsights_skip_tracking":false,"_monsterinsights_sitenote_active":false,"_monsterinsights_sitenote_note":"","_monsterinsights_sitenote_category":0},"product_brand":[],"product_cat":[12388,15536],"product_tag":[],"class_list":{"0":"post-714275","1":"product","2":"type-product","3":"status-publish","5":"product_cat-felsefe","6":"product_cat-siyaset-felsefesi","7":"pa_cilt-ciltsiz","8":"pa_tur-kitap","9":"pa_yayinevi-bilgesu-yayincilik","10":"pa_yazar-ernst-h-kantorowicz","12":"first","13":"instock","14":"sale","15":"shipping-taxable","16":"purchasable","17":"product-type-simple"},"_links":{"self":[{"href":"https:\/\/roveyayinevi.com.tr\/index.php\/wp-json\/wp\/v2\/product\/714275","targetHints":{"allow":["GET"]}}],"collection":[{"href":"https:\/\/roveyayinevi.com.tr\/index.php\/wp-json\/wp\/v2\/product"}],"about":[{"href":"https:\/\/roveyayinevi.com.tr\/index.php\/wp-json\/wp\/v2\/types\/product"}],"wp:attachment":[{"href":"https:\/\/roveyayinevi.com.tr\/index.php\/wp-json\/wp\/v2\/media?parent=714275"}],"wp:term":[{"taxonomy":"product_brand","embeddable":true,"href":"https:\/\/roveyayinevi.com.tr\/index.php\/wp-json\/wp\/v2\/product_brand?post=714275"},{"taxonomy":"product_cat","embeddable":true,"href":"https:\/\/roveyayinevi.com.tr\/index.php\/wp-json\/wp\/v2\/product_cat?post=714275"},{"taxonomy":"product_tag","embeddable":true,"href":"https:\/\/roveyayinevi.com.tr\/index.php\/wp-json\/wp\/v2\/product_tag?post=714275"}],"curies":[{"name":"wp","href":"https:\/\/api.w.org\/{rel}","templated":true}]}}