{"id":714274,"date":"2025-08-27T17:16:48","date_gmt":"2025-08-27T14:16:48","guid":{"rendered":"https:\/\/roveyayinevi.com.tr\/index.php\/urun\/ruzgarli-havalar-icin-hayat-dersleri\/"},"modified":"2026-04-16T02:22:46","modified_gmt":"2026-04-15T23:22:46","slug":"ruzgarli-havalar-icin-hayat-dersleri","status":"publish","type":"product","link":"https:\/\/roveyayinevi.com.tr\/index.php\/urun\/ruzgarli-havalar-icin-hayat-dersleri\/","title":{"rendered":"R\u00fczgarl\u0131 Havalar \u0130\u00e7in Hayat Dersleri"},"content":{"rendered":"<p>Her birimizin hayat\u0131m\u0131z boyunca ta\u015f\u0131d\u0131\u011f\u0131m\u0131z \u00e7e\u015fitli a\u011f\u0131rl\u0131klar\u0131m\u0131z var; iyi veya k\u00f6t\u00fc\u2026 R\u00fczg\u00e2rlar\u0131n g\u00fcc\u00fcn\u00fc kullanarak bir balonla u\u00e7mak ve istedi\u011fimiz yerlere ula\u015fmak i\u00e7in bu a\u011f\u0131rl\u0131klar \u00e7ok \u00f6nemlidir; onlarla ne zaman ve ne yapaca\u011f\u0131m\u0131z\u0131 bilirsek e\u011fer&#8230; Hayat\u0131m\u0131z\u0131n bir b\u00f6l\u00fcm\u00fcnde baz\u0131 a\u011f\u0131rl\u0131klar gerekli olabilir \u00e7\u00fcnk\u00fc a\u011f\u0131rl\u0131klar\u0131m\u0131z bizi istedi\u011fimiz y\u00fckseklikte tutar ve ihtiyac\u0131m\u0131z olan r\u00fczg\u00e2r g\u00fcc\u00fcn\u00fc kullanmam\u0131z\u0131 sa\u011flar. Ancak hayatta r\u00fczg\u00e2rlar her zaman sakin esmez, bazen \u015fiddetlenir, hatta f\u0131rt\u0131naya d\u00f6n\u00fc\u015f\u00fcr. Bu nedenle s\u0131k s\u0131k y\u00f6n ve y\u00fckseklik de\u011fi\u015ftirmek zorunda kal\u0131r\u0131z. Mutluluk hayallerimiz ve ba\u015far\u0131 umutlar\u0131m\u0131z ne olursa olsun, bazen olaylar, t\u0131pk\u0131 \u015fiddetli r\u00fczg\u00e2rlar gibi bizi haz\u0131rl\u0131ks\u0131z yakalay\u0131p bilinmeze do\u011fru s\u00fcr\u00fckleyebilir. Bunun i\u00e7in, bir zamanlar yolumuzu a\u00e7m\u0131\u015f, gerekli olmu\u015f a\u011f\u0131rl\u0131klar\u0131m\u0131z\u0131n bir k\u0131sm\u0131n\u0131 atmam\u0131z gerekir. Elbette hepsini birden atamay\u0131z, aksi halde daha \u00fcst katmanlardaki r\u00fczg\u00e2rlar\u0131n y\u00f6n\u00fcn\u00fc anlamaya f\u0131rsat bulamadan \u00e7ok h\u0131zl\u0131 bir \u015fekilde ve \u00e7ok fazla y\u00fckseliriz. Sonu\u00e7 hi\u00e7 de iyi olmaz. Dolay\u0131s\u0131yla sadece bizi eski seviyemizden ihtiyac\u0131m\u0131z olan yeni seviyeye \u00e7\u0131kartacak kadar bir a\u011f\u0131rl\u0131\u011f\u0131 atmal\u0131y\u0131z. Peki, ama nas\u0131l? Hangi seviyede, hangi a\u011f\u0131rl\u0131\u011f\u0131 atmaya nas\u0131l karar verece\u011fiz? Psikiyatr ve pilot Bertrand Piccard i\u015fte tam bunu anlat\u0131yor. Hi\u00e7 durmadan 20 g\u00fcnde balonla ilk d\u00fcnya turunu yapan pilot-yazar hayatta hangi y\u00fckseklikte ne yapaca\u011f\u0131m\u0131z\u0131 g\u00f6sterirken al\u0131\u015fkanl\u0131klara dayanan otomatik davran\u0131\u015f kal\u0131plar\u0131m\u0131z\u0131 sorgulamam\u0131za yard\u0131mc\u0131 oluyor. <\/p>\n","protected":false},"excerpt":{"rendered":"<p>Her birimizin hayat\u0131m\u0131z boyunca ta\u015f\u0131d\u0131\u011f\u0131m\u0131z \u00e7e\u015fitli a\u011f\u0131rl\u0131klar\u0131m\u0131z var; iyi veya k\u00f6t\u00fc\u2026 R\u00fczg\u00e2rlar\u0131n g\u00fcc\u00fcn\u00fc kullanarak bir balonla u\u00e7mak ve istedi\u011fimiz yerlere ula\u015fmak i\u00e7in bu a\u011f\u0131rl\u0131klar \u00e7ok \u00f6nemlidir;<span class=\"excerpt-hellip\"> [\u2026]<\/span><\/p>\n","protected":false},"featured_media":0,"template":"","meta":{"_monsterinsights_skip_tracking":false,"_monsterinsights_sitenote_active":false,"_monsterinsights_sitenote_note":"","_monsterinsights_sitenote_category":0},"product_brand":[],"product_cat":[12364,12376],"product_tag":[],"class_list":{"0":"post-714274","1":"product","2":"type-product","3":"status-publish","5":"product_cat-genel-konular","6":"product_cat-kisisel-gelisim","7":"pa_cilt-ciltsiz","8":"pa_tur-kitap","9":"pa_yayinevi-kuraldisi-yayinevi","10":"pa_yazar-bertrand-piccard","12":"first","13":"instock","14":"sale","15":"shipping-taxable","16":"purchasable","17":"product-type-simple"},"_links":{"self":[{"href":"https:\/\/roveyayinevi.com.tr\/index.php\/wp-json\/wp\/v2\/product\/714274","targetHints":{"allow":["GET"]}}],"collection":[{"href":"https:\/\/roveyayinevi.com.tr\/index.php\/wp-json\/wp\/v2\/product"}],"about":[{"href":"https:\/\/roveyayinevi.com.tr\/index.php\/wp-json\/wp\/v2\/types\/product"}],"wp:attachment":[{"href":"https:\/\/roveyayinevi.com.tr\/index.php\/wp-json\/wp\/v2\/media?parent=714274"}],"wp:term":[{"taxonomy":"product_brand","embeddable":true,"href":"https:\/\/roveyayinevi.com.tr\/index.php\/wp-json\/wp\/v2\/product_brand?post=714274"},{"taxonomy":"product_cat","embeddable":true,"href":"https:\/\/roveyayinevi.com.tr\/index.php\/wp-json\/wp\/v2\/product_cat?post=714274"},{"taxonomy":"product_tag","embeddable":true,"href":"https:\/\/roveyayinevi.com.tr\/index.php\/wp-json\/wp\/v2\/product_tag?post=714274"}],"curies":[{"name":"wp","href":"https:\/\/api.w.org\/{rel}","templated":true}]}}