{"id":714272,"date":"2025-08-27T17:16:47","date_gmt":"2025-08-27T14:16:47","guid":{"rendered":"https:\/\/roveyayinevi.com.tr\/index.php\/urun\/degirmenimden-mektuplar-kisaltilmis-metin\/"},"modified":"2026-04-16T02:22:46","modified_gmt":"2026-04-15T23:22:46","slug":"degirmenimden-mektuplar-kisaltilmis-metin","status":"publish","type":"product","link":"https:\/\/roveyayinevi.com.tr\/index.php\/urun\/degirmenimden-mektuplar-kisaltilmis-metin\/","title":{"rendered":"De\u011firmenimden Mektuplar (K\u0131salt\u0131lm\u0131\u015f Metin)"},"content":{"rendered":"<p>\u201cBu kitap yazd\u0131klar\u0131m\u0131n aras\u0131nda benim en \u00e7ok sevdi\u011fimdir. \u015e\u00fcphesiz ki, edebi a\u00e7\u0131dan bir \u015faheser oldu\u011fundan de\u011fildir bu yorumum; gen\u00e7li\u011fimin en g\u00fczel g\u00fcnlerini, kat\u0131la kat\u0131la g\u00fcld\u00fc\u011f\u00fcm sorumsuz dakikalar\u0131m\u0131, pi\u015fman olmaks\u0131z\u0131n ge\u00e7irdi\u011fim sefahat saatlerimi, bir daha asla yeniden kar\u015f\u0131la\u015fma f\u0131rsat\u0131n\u0131 yakalayamayaca\u011f\u0131m y\u00fczleri, dostluklar\u0131 bana yeniden ve yeniden hat\u0131rlatt\u0131\u011f\u0131 i\u00e7indir.\u201d Alphonse Daudet \u0130lk bask\u0131s\u0131 1869 y\u0131l\u0131nda yap\u0131lan De\u011firmenimden Mektuplar, Frans\u0131z yazar Alphonse Daudet\u2019nin en \u00e7ok bilinen ve okunan eseridir. Kitap ta\u015frada yer alan eski bir de\u011firmende yaz\u0131lan, her birine bir \u00f6yk\u00fc yerle\u015ftirilmi\u015f an\u0131-mektuplardan olu\u015fur. <\/p>\n","protected":false},"excerpt":{"rendered":"<p>\u201cBu kitap yazd\u0131klar\u0131m\u0131n aras\u0131nda benim en \u00e7ok sevdi\u011fimdir. \u015e\u00fcphesiz ki, edebi a\u00e7\u0131dan bir \u015faheser oldu\u011fundan de\u011fildir bu yorumum; gen\u00e7li\u011fimin en g\u00fczel g\u00fcnlerini, kat\u0131la kat\u0131la g\u00fcld\u00fc\u011f\u00fcm sorumsuz<span class=\"excerpt-hellip\"> [\u2026]<\/span><\/p>\n","protected":false},"featured_media":0,"template":"","meta":{"_monsterinsights_skip_tracking":false,"_monsterinsights_sitenote_active":false,"_monsterinsights_sitenote_note":"","_monsterinsights_sitenote_category":0},"product_brand":[],"product_cat":[12291,13872],"product_tag":[],"class_list":{"0":"post-714272","1":"product","2":"type-product","3":"status-publish","5":"product_cat-edebiyat","6":"product_cat-klasikler","7":"pa_cilt-ciltsiz","8":"pa_tur-kitap","9":"pa_yayinevi-is-bankasi-kultur-yayinlari","10":"pa_yazar-alphonse-daudet","12":"first","13":"instock","14":"sale","15":"shipping-taxable","16":"purchasable","17":"product-type-simple"},"_links":{"self":[{"href":"https:\/\/roveyayinevi.com.tr\/index.php\/wp-json\/wp\/v2\/product\/714272","targetHints":{"allow":["GET"]}}],"collection":[{"href":"https:\/\/roveyayinevi.com.tr\/index.php\/wp-json\/wp\/v2\/product"}],"about":[{"href":"https:\/\/roveyayinevi.com.tr\/index.php\/wp-json\/wp\/v2\/types\/product"}],"wp:attachment":[{"href":"https:\/\/roveyayinevi.com.tr\/index.php\/wp-json\/wp\/v2\/media?parent=714272"}],"wp:term":[{"taxonomy":"product_brand","embeddable":true,"href":"https:\/\/roveyayinevi.com.tr\/index.php\/wp-json\/wp\/v2\/product_brand?post=714272"},{"taxonomy":"product_cat","embeddable":true,"href":"https:\/\/roveyayinevi.com.tr\/index.php\/wp-json\/wp\/v2\/product_cat?post=714272"},{"taxonomy":"product_tag","embeddable":true,"href":"https:\/\/roveyayinevi.com.tr\/index.php\/wp-json\/wp\/v2\/product_tag?post=714272"}],"curies":[{"name":"wp","href":"https:\/\/api.w.org\/{rel}","templated":true}]}}