{"id":714270,"date":"2025-08-27T17:16:46","date_gmt":"2025-08-27T14:16:46","guid":{"rendered":"https:\/\/roveyayinevi.com.tr\/index.php\/urun\/karamanlidika-bibliographie-analytique-tome-i-1718-1839-karamanlica-kitaplar-cilt-i-1718-1839\/"},"modified":"2026-04-16T02:22:46","modified_gmt":"2026-04-15T23:22:46","slug":"karamanlidika-bibliographie-analytique-tome-i-1718-1839-karamanlica-kitaplar-cilt-i-1718-1839","status":"publish","type":"product","link":"https:\/\/roveyayinevi.com.tr\/index.php\/urun\/karamanlidika-bibliographie-analytique-tome-i-1718-1839-karamanlica-kitaplar-cilt-i-1718-1839\/","title":{"rendered":"Karamanl\u0131d\u0131ka Bibliographie Analytique Tome I: 1718-1839\/ Karamanl\u0131ca Kitaplar Cilt I : 1718-1839"},"content":{"rendered":"<p>Karamanl\u0131ca Bibliyografya\u2019n\u0131n \u015fimdiki ciltle ba\u015flayan yeniden yay\u0131n\u0131, her \u015feyden \u00f6nce,S. Salaville \u2013E. Dalleggio\u2019nun \u00fc\u00e7 ciltlik kay\u0131tlar\u0131n\u0131 (1958-1966-1974), Evangelia Balta\u2019n\u0131n1987-1997 y\u0131llar\u0131 aras\u0131nda \u00e7\u0131kan di\u011fer \u00fc\u00e7 ciltleriyle birle\u015ftirdi. \u00d6te yandan, takip eden 20y\u0131ll\u0131k aral\u0131kta toplanan yeni buluntular da buna eklendi. Bu son yay\u0131n Karamanl\u0131caBibliyografya\u2019n\u0131n Osmanl\u0131 \u0130mparatorlu\u011fu\u2019nun editoryal olu\u015fumuyla b\u00fct\u00fcnle\u015fmesiniama\u00e7lamakta. Karamanl\u0131ca kitaplar, ba\u015fka milletlerin T\u00fcrk dil bilimi \u00fczerindeki etkileriniyans\u0131t\u0131yor, ancak onlar \u00fczerine bir \u00e7al\u0131\u015fmay\u0131 da i\u00e7eriyordu. Bir bibliyografyan\u0131n s\u0131n\u0131rlar\u0131n\u0131 a\u015fan bir niyet ta\u015f\u0131yor ve esas olarak Karamanl\u0131 edebiyat\u0131n\u0131n b\u00fct\u00fcn\u00fcne, Yunan veOsmanl\u0131\u2019n\u0131n bulu\u015ftu\u011fu bir \u00e7er\u00e7eveden bak\u0131\u015f getiriyordu. <\/p>\n","protected":false},"excerpt":{"rendered":"<p>Karamanl\u0131ca Bibliyografya\u2019n\u0131n \u015fimdiki ciltle ba\u015flayan yeniden yay\u0131n\u0131, her \u015feyden \u00f6nce,S. Salaville \u2013E. Dalleggio\u2019nun \u00fc\u00e7 ciltlik kay\u0131tlar\u0131n\u0131 (1958-1966-1974), Evangelia Balta\u2019n\u0131n1987-1997 y\u0131llar\u0131 aras\u0131nda \u00e7\u0131kan di\u011fer \u00fc\u00e7 ciltleriyle birle\u015ftirdi.<span class=\"excerpt-hellip\"> [\u2026]<\/span><\/p>\n","protected":false},"featured_media":0,"template":"","meta":{"_monsterinsights_skip_tracking":false,"_monsterinsights_sitenote_active":false,"_monsterinsights_sitenote_note":"","_monsterinsights_sitenote_category":0},"product_brand":[],"product_cat":[12370,12304],"product_tag":[],"class_list":{"0":"post-714270","1":"product","2":"type-product","3":"status-publish","5":"product_cat-arastirma-inceleme","6":"product_cat-tarih","7":"pa_cilt-ciltli","8":"pa_tur-kitap","9":"pa_yayinevi-is-bankasi-kultur-yayinlari","10":"pa_yazar-kollektif","12":"first","13":"instock","14":"sale","15":"shipping-taxable","16":"purchasable","17":"product-type-simple"},"_links":{"self":[{"href":"https:\/\/roveyayinevi.com.tr\/index.php\/wp-json\/wp\/v2\/product\/714270","targetHints":{"allow":["GET"]}}],"collection":[{"href":"https:\/\/roveyayinevi.com.tr\/index.php\/wp-json\/wp\/v2\/product"}],"about":[{"href":"https:\/\/roveyayinevi.com.tr\/index.php\/wp-json\/wp\/v2\/types\/product"}],"wp:attachment":[{"href":"https:\/\/roveyayinevi.com.tr\/index.php\/wp-json\/wp\/v2\/media?parent=714270"}],"wp:term":[{"taxonomy":"product_brand","embeddable":true,"href":"https:\/\/roveyayinevi.com.tr\/index.php\/wp-json\/wp\/v2\/product_brand?post=714270"},{"taxonomy":"product_cat","embeddable":true,"href":"https:\/\/roveyayinevi.com.tr\/index.php\/wp-json\/wp\/v2\/product_cat?post=714270"},{"taxonomy":"product_tag","embeddable":true,"href":"https:\/\/roveyayinevi.com.tr\/index.php\/wp-json\/wp\/v2\/product_tag?post=714270"}],"curies":[{"name":"wp","href":"https:\/\/api.w.org\/{rel}","templated":true}]}}