{"id":714269,"date":"2025-08-27T17:16:45","date_gmt":"2025-08-27T14:16:45","guid":{"rendered":"https:\/\/roveyayinevi.com.tr\/index.php\/urun\/sair-evlenmesi-gunumuz-turkcesiyle\/"},"modified":"2026-04-16T02:22:46","modified_gmt":"2026-04-15T23:22:46","slug":"sair-evlenmesi-gunumuz-turkcesiyle","status":"publish","type":"product","link":"https:\/\/roveyayinevi.com.tr\/index.php\/urun\/sair-evlenmesi-gunumuz-turkcesiyle\/","title":{"rendered":"\u015eair Evlenmesi (G\u00fcn\u00fcm\u00fcz T\u00fcrk\u00e7esiyle)"},"content":{"rendered":"<p>\u015eair Evlenmesi oyunu, alafranga davran\u0131\u015flar\u0131 ve k\u0131yafetiyle mahallelinin pek de ho\u015funa gitmeyen M\u00fc\u015ftak Bey ad\u0131nda yoksul fakat ileri g\u00f6r\u00fc\u015fl\u00fc bir \u015fairin sevip istedi\u011fi gen\u00e7 ve g\u00fczel Kumru Han\u0131m yerine onun huysuz ve ya\u015fl\u0131 ablas\u0131 Sakine Han\u0131m\u2019la evlenmeye mecbur edilmesini konu edinir. Bu k\u00fc\u00e7\u00fck entrika etraf\u0131nda \u00e7\u00f6p\u00e7\u00fcs\u00fcnden bek\u00e7isine, imam\u0131ndan yenge han\u0131m\u0131na b\u00fct\u00fcn mahalle halk\u0131 bir araya gelir. \u015einasi, \u00e7a\u011fda\u015f bir edebiyatta tiyatro t\u00fcr\u00fcn\u00fcn gereklili\u011fini anlam\u0131\u015f, \u015eair Evlenmesi\u2019ni yazarak T\u00fcrk tiyatrosunun da ilk yap\u0131t\u0131n\u0131 ortaya koymu\u015ftur.<\/p>\n","protected":false},"excerpt":{"rendered":"<p>\u015eair Evlenmesi oyunu, alafranga davran\u0131\u015flar\u0131 ve k\u0131yafetiyle mahallelinin pek de ho\u015funa gitmeyen M\u00fc\u015ftak Bey ad\u0131nda yoksul fakat ileri g\u00f6r\u00fc\u015fl\u00fc bir \u015fairin sevip istedi\u011fi gen\u00e7 ve g\u00fczel<span class=\"excerpt-hellip\"> [\u2026]<\/span><\/p>\n","protected":false},"featured_media":0,"template":"","meta":{"_monsterinsights_skip_tracking":false,"_monsterinsights_sitenote_active":false,"_monsterinsights_sitenote_note":"","_monsterinsights_sitenote_category":0},"product_brand":[],"product_cat":[12274,20117],"product_tag":[],"class_list":{"0":"post-714269","1":"product","2":"type-product","3":"status-publish","5":"product_cat-cocuk-ve-genclik-kitaplari","6":"product_cat-turk-klasikleri","7":"pa_cilt-ciltsiz","8":"pa_tur-kitap","9":"pa_yayinevi-is-bankasi-kultur-yayinlari","10":"pa_yazar-sinasi","12":"first","13":"instock","14":"sale","15":"shipping-taxable","16":"purchasable","17":"product-type-simple"},"_links":{"self":[{"href":"https:\/\/roveyayinevi.com.tr\/index.php\/wp-json\/wp\/v2\/product\/714269","targetHints":{"allow":["GET"]}}],"collection":[{"href":"https:\/\/roveyayinevi.com.tr\/index.php\/wp-json\/wp\/v2\/product"}],"about":[{"href":"https:\/\/roveyayinevi.com.tr\/index.php\/wp-json\/wp\/v2\/types\/product"}],"wp:attachment":[{"href":"https:\/\/roveyayinevi.com.tr\/index.php\/wp-json\/wp\/v2\/media?parent=714269"}],"wp:term":[{"taxonomy":"product_brand","embeddable":true,"href":"https:\/\/roveyayinevi.com.tr\/index.php\/wp-json\/wp\/v2\/product_brand?post=714269"},{"taxonomy":"product_cat","embeddable":true,"href":"https:\/\/roveyayinevi.com.tr\/index.php\/wp-json\/wp\/v2\/product_cat?post=714269"},{"taxonomy":"product_tag","embeddable":true,"href":"https:\/\/roveyayinevi.com.tr\/index.php\/wp-json\/wp\/v2\/product_tag?post=714269"}],"curies":[{"name":"wp","href":"https:\/\/api.w.org\/{rel}","templated":true}]}}