{"id":714268,"date":"2025-08-27T17:16:44","date_gmt":"2025-08-27T14:16:44","guid":{"rendered":"https:\/\/roveyayinevi.com.tr\/index.php\/urun\/vatan-yahut-silistre-gunumuz-turkcesiyle\/"},"modified":"2026-04-16T02:22:46","modified_gmt":"2026-04-15T23:22:46","slug":"vatan-yahut-silistre-gunumuz-turkcesiyle","status":"publish","type":"product","link":"https:\/\/roveyayinevi.com.tr\/index.php\/urun\/vatan-yahut-silistre-gunumuz-turkcesiyle\/","title":{"rendered":"Vatan Yahut Silistre (G\u00fcn\u00fcm\u00fcz T\u00fcrk\u00e7esiyle)"},"content":{"rendered":"<p>Nam\u0131k Kemal i\u00e7in tiyatro, halka do\u011frudan ula\u015fabilmesi bak\u0131m\u0131ndan olduk\u00e7a \u00f6nemli bir t\u00fcrd\u00fcr. Vatan yahut Silistre oyununda da vatan sevgisini t\u00fcrl\u00fc duygularla \u00e7arp\u0131\u015ft\u0131r\u0131p nihayet hepsinden \u00fcst\u00fcn \u00e7\u0131kararak halka vatan fikrini ve sevgisini a\u015f\u0131lamak ister. K\u0131r\u0131m Sava\u015f\u0131\u2019n\u0131n ya\u015fand\u0131\u011f\u0131 y\u0131llarda Zekiye ve \u0130slam Bey aras\u0131nda yeni ba\u015flayan a\u015fk, \u0130slam Bey\u2019in cepheye gitmesiyle beklenmedik bir hal al\u0131r. Zekiye \u0130slam Bey\u2019in ard\u0131 s\u0131ra erkek k\u0131l\u0131\u011f\u0131na girerek Silistre savunmas\u0131na kat\u0131l\u0131r ve b\u00f6ylece sava\u015f meydan\u0131nda a\u015fk\u0131n, vatan sevgisinin, millet fikrinin i\u00e7 i\u00e7e ge\u00e7ti\u011fi olaylar ya\u015fan\u0131r. Vatan yahut Silistre 1 Nisan 1873\u2019te ilk kez sahnelendi\u011finde halk \u00fczerinde g\u00f6sterilere varan b\u00fcy\u00fck bir co\u015fku yaratm\u0131\u015f, bu etkinin di\u011fer bir sonucu olarak Nam\u0131k Kemal\u2019in gazetesi \u0130bret kapat\u0131lm\u0131\u015f, kendisi de Magosa\u2019ya s\u00fcr\u00fclm\u00fc\u015ft\u00fcr. Yazar\u0131 hayattayken Rus\u00e7aya ve Almancaya \u00e7evrilen eser, daha sonra pek \u00e7ok dilde yay\u0131mlan\u0131r. \ufffc<\/p>\n","protected":false},"excerpt":{"rendered":"<p>Nam\u0131k Kemal i\u00e7in tiyatro, halka do\u011frudan ula\u015fabilmesi bak\u0131m\u0131ndan olduk\u00e7a \u00f6nemli bir t\u00fcrd\u00fcr. Vatan yahut Silistre oyununda da vatan sevgisini t\u00fcrl\u00fc duygularla \u00e7arp\u0131\u015ft\u0131r\u0131p nihayet hepsinden \u00fcst\u00fcn \u00e7\u0131kararak<span class=\"excerpt-hellip\"> [\u2026]<\/span><\/p>\n","protected":false},"featured_media":0,"template":"","meta":{"_monsterinsights_skip_tracking":false,"_monsterinsights_sitenote_active":false,"_monsterinsights_sitenote_note":"","_monsterinsights_sitenote_category":0},"product_brand":[],"product_cat":[12274,20117],"product_tag":[],"class_list":{"0":"post-714268","1":"product","2":"type-product","3":"status-publish","5":"product_cat-cocuk-ve-genclik-kitaplari","6":"product_cat-turk-klasikleri","7":"pa_cilt-ciltsiz","8":"pa_tur-kitap","9":"pa_yayinevi-is-bankasi-kultur-yayinlari","10":"pa_yazar-namik-kemal","12":"first","13":"instock","14":"sale","15":"shipping-taxable","16":"purchasable","17":"product-type-simple"},"_links":{"self":[{"href":"https:\/\/roveyayinevi.com.tr\/index.php\/wp-json\/wp\/v2\/product\/714268","targetHints":{"allow":["GET"]}}],"collection":[{"href":"https:\/\/roveyayinevi.com.tr\/index.php\/wp-json\/wp\/v2\/product"}],"about":[{"href":"https:\/\/roveyayinevi.com.tr\/index.php\/wp-json\/wp\/v2\/types\/product"}],"wp:attachment":[{"href":"https:\/\/roveyayinevi.com.tr\/index.php\/wp-json\/wp\/v2\/media?parent=714268"}],"wp:term":[{"taxonomy":"product_brand","embeddable":true,"href":"https:\/\/roveyayinevi.com.tr\/index.php\/wp-json\/wp\/v2\/product_brand?post=714268"},{"taxonomy":"product_cat","embeddable":true,"href":"https:\/\/roveyayinevi.com.tr\/index.php\/wp-json\/wp\/v2\/product_cat?post=714268"},{"taxonomy":"product_tag","embeddable":true,"href":"https:\/\/roveyayinevi.com.tr\/index.php\/wp-json\/wp\/v2\/product_tag?post=714268"}],"curies":[{"name":"wp","href":"https:\/\/api.w.org\/{rel}","templated":true}]}}