{"id":714266,"date":"2025-08-27T17:16:43","date_gmt":"2025-08-27T14:16:43","guid":{"rendered":"https:\/\/roveyayinevi.com.tr\/index.php\/urun\/yasli-denizcinin-ezgisi-ingilizce-turkce\/"},"modified":"2026-04-16T02:22:46","modified_gmt":"2026-04-15T23:22:46","slug":"yasli-denizcinin-ezgisi-ingilizce-turkce","status":"publish","type":"product","link":"https:\/\/roveyayinevi.com.tr\/index.php\/urun\/yasli-denizcinin-ezgisi-ingilizce-turkce\/","title":{"rendered":"Ya\u015fl\u0131 Denizcinin Ezgisi (\u0130ngilizce \u2013 T\u00fcrk\u00e7e)"},"content":{"rendered":"<p>Samuel Taylor Coleridge (1772-1834): William Wordsworth ile birlikte \u0130ngiliz \u015fiirindeki Romantik devrimin \u00f6nc\u00fclerindendir. \u00dc\u00e7 b\u00fcy\u00fck \u015fiiri Ya\u015fl\u0131 Denizcinin Ezgisi, Christabel ve Kubilay Han ile okuru g\u00fcn\u00fcm\u00fczde dahi b\u00fcy\u00fclemeyi ba\u015faran \u015fair, ayn\u0131 zamanda edebiyat ele\u015ftirisinin ve d\u00fc\u015f\u00fcncesinin de k\u00f6\u015fe ta\u015flar\u0131ndan biridir. \u0130lk kez 1798\u2019de Lyrical Ballads\u2019\u0131n i\u00e7inde yay\u0131mlanan Ya\u015fl\u0131 Denizcinin Ezgisi (The Rime of the Ancient Mariner) hi\u00e7bir ele\u015ftirel form\u00fcle s\u0131\u011fmayan, d\u00fc\u015f\u00fcnceyle t\u00fcketilemeyen, Romantik tecr\u00fcbeyi dahi a\u015fan, okura \u015fiirin k\u00f6kenine do\u011fru hareket etti\u011fi hissini veren gizemli bir yap\u0131tt\u0131r. Modern \u015fiirin Odysseia\u2019s\u0131 olarak nitelendirilebilecek Ya\u015fl\u0131 Denizcinin Ezgisi, yepyeni bir \u00e7eviri ve \u015fiire can veren Gustave Dor\u00e9\u2019nin e\u015fsiz ill\u00fcstrasyonlar\u0131yla Hasan \u00c2li Y\u00fccel Klasikler Dizisi\u2019nde yerini al\u0131yor. \ufffc<\/p>\n","protected":false},"excerpt":{"rendered":"<p>Samuel Taylor Coleridge (1772-1834): William Wordsworth ile birlikte \u0130ngiliz \u015fiirindeki Romantik devrimin \u00f6nc\u00fclerindendir. \u00dc\u00e7 b\u00fcy\u00fck \u015fiiri Ya\u015fl\u0131 Denizcinin Ezgisi, Christabel ve Kubilay Han ile okuru g\u00fcn\u00fcm\u00fczde<span class=\"excerpt-hellip\"> [\u2026]<\/span><\/p>\n","protected":false},"featured_media":0,"template":"","meta":{"_monsterinsights_skip_tracking":false,"_monsterinsights_sitenote_active":false,"_monsterinsights_sitenote_note":"","_monsterinsights_sitenote_category":0},"product_brand":[],"product_cat":[12291,12866],"product_tag":[],"class_list":{"0":"post-714266","1":"product","2":"type-product","3":"status-publish","5":"product_cat-edebiyat","6":"product_cat-ingiliz-edebiyati","7":"pa_cilt-ciltsiz","8":"pa_tur-kitap","9":"pa_yayinevi-is-bankasi-kultur-yayinlari","10":"pa_yazar-s-t-coleridge","12":"first","13":"instock","14":"sale","15":"shipping-taxable","16":"purchasable","17":"product-type-simple"},"_links":{"self":[{"href":"https:\/\/roveyayinevi.com.tr\/index.php\/wp-json\/wp\/v2\/product\/714266","targetHints":{"allow":["GET"]}}],"collection":[{"href":"https:\/\/roveyayinevi.com.tr\/index.php\/wp-json\/wp\/v2\/product"}],"about":[{"href":"https:\/\/roveyayinevi.com.tr\/index.php\/wp-json\/wp\/v2\/types\/product"}],"wp:attachment":[{"href":"https:\/\/roveyayinevi.com.tr\/index.php\/wp-json\/wp\/v2\/media?parent=714266"}],"wp:term":[{"taxonomy":"product_brand","embeddable":true,"href":"https:\/\/roveyayinevi.com.tr\/index.php\/wp-json\/wp\/v2\/product_brand?post=714266"},{"taxonomy":"product_cat","embeddable":true,"href":"https:\/\/roveyayinevi.com.tr\/index.php\/wp-json\/wp\/v2\/product_cat?post=714266"},{"taxonomy":"product_tag","embeddable":true,"href":"https:\/\/roveyayinevi.com.tr\/index.php\/wp-json\/wp\/v2\/product_tag?post=714266"}],"curies":[{"name":"wp","href":"https:\/\/api.w.org\/{rel}","templated":true}]}}