{"id":714265,"date":"2025-08-27T17:16:43","date_gmt":"2025-08-27T14:16:43","guid":{"rendered":"https:\/\/roveyayinevi.com.tr\/index.php\/urun\/10-sinif-fizik-soru-bankasi\/"},"modified":"2026-04-16T02:22:46","modified_gmt":"2026-04-15T23:22:46","slug":"10-sinif-fizik-soru-bankasi","status":"publish","type":"product","link":"https:\/\/roveyayinevi.com.tr\/index.php\/urun\/10-sinif-fizik-soru-bankasi\/","title":{"rendered":"10. S\u0131n\u0131f Fizik Soru Bankas\u0131"},"content":{"rendered":"<p>10. S\u0131n\u0131f Fizik Soru Bankas\u0131<\/p>\n","protected":false},"excerpt":{"rendered":"<p>10. S\u0131n\u0131f Fizik Soru Bankas\u0131<\/p>\n","protected":false},"featured_media":0,"template":"","meta":{"_monsterinsights_skip_tracking":false,"_monsterinsights_sitenote_active":false,"_monsterinsights_sitenote_note":"","_monsterinsights_sitenote_category":0},"product_brand":[],"product_cat":[56032,56034,56033,12566,43675,13473],"product_tag":[],"class_list":{"0":"post-714265","1":"product","2":"type-product","3":"status-publish","5":"product_cat-10-sinif","6":"product_cat-10-sinif-fizik-soru-bankasi","7":"product_cat-10-sinif-fizik","8":"product_cat-egitim","9":"product_cat-lise-yardimci-kitaplari","10":"product_cat-sinavlara-hazirlik-okula-yardimci-kaynaklar","11":"pa_cilt-ciltsiz","12":"pa_tur-kitap","13":"pa_yayinevi-nitelik-yayinlari","14":"pa_yazar-ekrem-pala-ali-yener","16":"first","17":"instock","18":"sale","19":"shipping-taxable","20":"purchasable","21":"product-type-simple"},"_links":{"self":[{"href":"https:\/\/roveyayinevi.com.tr\/index.php\/wp-json\/wp\/v2\/product\/714265","targetHints":{"allow":["GET"]}}],"collection":[{"href":"https:\/\/roveyayinevi.com.tr\/index.php\/wp-json\/wp\/v2\/product"}],"about":[{"href":"https:\/\/roveyayinevi.com.tr\/index.php\/wp-json\/wp\/v2\/types\/product"}],"wp:attachment":[{"href":"https:\/\/roveyayinevi.com.tr\/index.php\/wp-json\/wp\/v2\/media?parent=714265"}],"wp:term":[{"taxonomy":"product_brand","embeddable":true,"href":"https:\/\/roveyayinevi.com.tr\/index.php\/wp-json\/wp\/v2\/product_brand?post=714265"},{"taxonomy":"product_cat","embeddable":true,"href":"https:\/\/roveyayinevi.com.tr\/index.php\/wp-json\/wp\/v2\/product_cat?post=714265"},{"taxonomy":"product_tag","embeddable":true,"href":"https:\/\/roveyayinevi.com.tr\/index.php\/wp-json\/wp\/v2\/product_tag?post=714265"}],"curies":[{"name":"wp","href":"https:\/\/api.w.org\/{rel}","templated":true}]}}