{"id":714263,"date":"2025-08-27T17:16:41","date_gmt":"2025-08-27T14:16:41","guid":{"rendered":"https:\/\/roveyayinevi.com.tr\/index.php\/urun\/eyvah-kalbim-kirildi\/"},"modified":"2026-04-16T02:22:46","modified_gmt":"2026-04-15T23:22:46","slug":"eyvah-kalbim-kirildi","status":"publish","type":"product","link":"https:\/\/roveyayinevi.com.tr\/index.php\/urun\/eyvah-kalbim-kirildi\/","title":{"rendered":"Eyvah Kalbim K\u0131r\u0131ld\u0131!"},"content":{"rendered":"<p>Kalben, mavi beyaz bir Ege kasabas\u0131nda ya\u015fayan k\u00fc\u00e7\u00fck bir k\u0131zd\u0131r. Bir g\u00fcn arkada\u015flar\u0131 oyun oynarken onu aralar\u0131na almay\u0131nca minik kalbi ki r\u0131h verir. Elif Yemenici&#8217;nin yaz\u0131p resimledi\u011fi bu kitapta Kalben&#8217;in hikaye boyunca kalbini tamir etmek i\u00e7in arad\u0131\u011f\u0131 farkl\u0131 yollar, esprili bir \u015fekilde okura anlat\u0131l\u0131yor. Sanat\u00e7\u0131n\u0131n bu ilk kitab\u0131nda zengin Ege manzaralar\u0131 hem i\u00e7inizi \u0131s\u0131tacak hem de size yaz aylar\u0131n\u0131 \u00f6zletecek! \ufffcTan\u0131t\u0131m Metni<\/p>\n","protected":false},"excerpt":{"rendered":"<p>Kalben, mavi beyaz bir Ege kasabas\u0131nda ya\u015fayan k\u00fc\u00e7\u00fck bir k\u0131zd\u0131r. Bir g\u00fcn arkada\u015flar\u0131 oyun oynarken onu aralar\u0131na almay\u0131nca minik kalbi ki r\u0131h verir. Elif Yemenici&#8217;nin yaz\u0131p<span class=\"excerpt-hellip\"> [\u2026]<\/span><\/p>\n","protected":false},"featured_media":0,"template":"","meta":{"_monsterinsights_skip_tracking":false,"_monsterinsights_sitenote_active":false,"_monsterinsights_sitenote_note":"","_monsterinsights_sitenote_category":0},"product_brand":[],"product_cat":[12274,12284],"product_tag":[],"class_list":{"0":"post-714263","1":"product","2":"type-product","3":"status-publish","5":"product_cat-cocuk-ve-genclik-kitaplari","6":"product_cat-hikayeler","7":"pa_cilt-ciltsiz","8":"pa_tur-kitap","9":"pa_yayinevi-redhouse-kidz-yayinlari","10":"pa_yazar-elif-yemenici","12":"first","13":"instock","14":"sale","15":"shipping-taxable","16":"purchasable","17":"product-type-simple"},"_links":{"self":[{"href":"https:\/\/roveyayinevi.com.tr\/index.php\/wp-json\/wp\/v2\/product\/714263","targetHints":{"allow":["GET"]}}],"collection":[{"href":"https:\/\/roveyayinevi.com.tr\/index.php\/wp-json\/wp\/v2\/product"}],"about":[{"href":"https:\/\/roveyayinevi.com.tr\/index.php\/wp-json\/wp\/v2\/types\/product"}],"wp:attachment":[{"href":"https:\/\/roveyayinevi.com.tr\/index.php\/wp-json\/wp\/v2\/media?parent=714263"}],"wp:term":[{"taxonomy":"product_brand","embeddable":true,"href":"https:\/\/roveyayinevi.com.tr\/index.php\/wp-json\/wp\/v2\/product_brand?post=714263"},{"taxonomy":"product_cat","embeddable":true,"href":"https:\/\/roveyayinevi.com.tr\/index.php\/wp-json\/wp\/v2\/product_cat?post=714263"},{"taxonomy":"product_tag","embeddable":true,"href":"https:\/\/roveyayinevi.com.tr\/index.php\/wp-json\/wp\/v2\/product_tag?post=714263"}],"curies":[{"name":"wp","href":"https:\/\/api.w.org\/{rel}","templated":true}]}}