{"id":714262,"date":"2025-08-27T17:16:41","date_gmt":"2025-08-27T14:16:41","guid":{"rendered":"https:\/\/roveyayinevi.com.tr\/index.php\/urun\/turkiyede-din-politikalari-ve-din-siyaset-iliskisi\/"},"modified":"2026-04-16T02:22:46","modified_gmt":"2026-04-15T23:22:46","slug":"turkiyede-din-politikalari-ve-din-siyaset-iliskisi","status":"publish","type":"product","link":"https:\/\/roveyayinevi.com.tr\/index.php\/urun\/turkiyede-din-politikalari-ve-din-siyaset-iliskisi\/","title":{"rendered":"T\u00fcrkiye&#8217;de Din Politikalar\u0131 ve Din &#8211; Siyaset \u0130li\u015fkisi"},"content":{"rendered":"<p>Elinizdeki bu \u00e7al\u0131\u015fma Osmanl\u0131 klasik d\u00f6nemi din uygulamalar\u0131ndan Tanzimat d\u00f6nemine, oradan da Cumhuriyet d\u00f6neminde din &#8211; siyaset m\u00fcnasebetlerine bir g\u00f6z atarak as\u0131l vurguyu 1946 y\u0131l\u0131ndan 1960 darbesine kadar ge\u00e7en s\u00fcre\u00e7te ortaya \u00e7\u0131kan laiklik tart\u0131\u015fmalar\u0131 ile bunu ortaya \u00e7\u0131karan din &#8211; siyaset m\u00fcnasebetlerini devrinin kaynaklar\u0131 ile isabetli bir \u015fekilde ele almakta ve konuyu ayd\u0131nlatmaktad\u0131r. B\u00f6ylece ge\u00e7mi\u015ften g\u00fcn\u00fcm\u00fcze bu konudaki de\u011fi\u015fme ve geli\u015fmeler konusunda bir altyap\u0131 sa\u011flamaktad\u0131r. Eser g\u00fcn\u00fcm\u00fczde yeniden ortaya \u00e7\u0131kan tart\u0131\u015fmalara son verecek mahiyettedir.Do\u00e7. Dr. Seyfi Y\u0131ld\u0131r\u0131m <\/p>\n","protected":false},"excerpt":{"rendered":"<p>Elinizdeki bu \u00e7al\u0131\u015fma Osmanl\u0131 klasik d\u00f6nemi din uygulamalar\u0131ndan Tanzimat d\u00f6nemine, oradan da Cumhuriyet d\u00f6neminde din &#8211; siyaset m\u00fcnasebetlerine bir g\u00f6z atarak as\u0131l vurguyu 1946 y\u0131l\u0131ndan 1960<span class=\"excerpt-hellip\"> [\u2026]<\/span><\/p>\n","protected":false},"featured_media":0,"template":"","meta":{"_monsterinsights_skip_tracking":false,"_monsterinsights_sitenote_active":false,"_monsterinsights_sitenote_note":"","_monsterinsights_sitenote_category":0},"product_brand":[],"product_cat":[13590,12337],"product_tag":[],"class_list":{"0":"post-714262","1":"product","2":"type-product","3":"status-publish","5":"product_cat-arastirma-inceleme-politika-siyaset","6":"product_cat-politika-siyaset","7":"pa_cilt-ciltsiz","8":"pa_tur-kitap","9":"pa_yayinevi-otuken-nesriyat","10":"pa_yazar-sinan-ates","12":"first","13":"instock","14":"sale","15":"shipping-taxable","16":"purchasable","17":"product-type-simple"},"_links":{"self":[{"href":"https:\/\/roveyayinevi.com.tr\/index.php\/wp-json\/wp\/v2\/product\/714262","targetHints":{"allow":["GET"]}}],"collection":[{"href":"https:\/\/roveyayinevi.com.tr\/index.php\/wp-json\/wp\/v2\/product"}],"about":[{"href":"https:\/\/roveyayinevi.com.tr\/index.php\/wp-json\/wp\/v2\/types\/product"}],"wp:attachment":[{"href":"https:\/\/roveyayinevi.com.tr\/index.php\/wp-json\/wp\/v2\/media?parent=714262"}],"wp:term":[{"taxonomy":"product_brand","embeddable":true,"href":"https:\/\/roveyayinevi.com.tr\/index.php\/wp-json\/wp\/v2\/product_brand?post=714262"},{"taxonomy":"product_cat","embeddable":true,"href":"https:\/\/roveyayinevi.com.tr\/index.php\/wp-json\/wp\/v2\/product_cat?post=714262"},{"taxonomy":"product_tag","embeddable":true,"href":"https:\/\/roveyayinevi.com.tr\/index.php\/wp-json\/wp\/v2\/product_tag?post=714262"}],"curies":[{"name":"wp","href":"https:\/\/api.w.org\/{rel}","templated":true}]}}