{"id":714261,"date":"2025-08-27T17:16:40","date_gmt":"2025-08-27T14:16:40","guid":{"rendered":"https:\/\/roveyayinevi.com.tr\/index.php\/urun\/klasik-liberalizm-bir-el-kitabi\/"},"modified":"2026-04-16T02:22:46","modified_gmt":"2026-04-15T23:22:46","slug":"klasik-liberalizm-bir-el-kitabi","status":"publish","type":"product","link":"https:\/\/roveyayinevi.com.tr\/index.php\/urun\/klasik-liberalizm-bir-el-kitabi\/","title":{"rendered":"Klasik Liberalizm Bir El Kitab\u0131"},"content":{"rendered":"<p>Klasik liberalizm, siyasal ve sosyal felsefenin en \u00f6nemli ak\u0131mlar\u0131ndan biridir. \u2018Bat\u0131l\u0131 bir ideoloji&#8217; olarak g\u00f6r\u00fclmek yerine, y\u00f6nelim bak\u0131m\u0131ndan evrensel ve d\u00fcnyadaki t\u00fcm k\u00fclt\u00fcr ve medeniyetlerdeki uyumlu ve olumlu gelenekleri kullanan bir ak\u0131m olarak g\u00f6r\u00fclmelidir.   Bu \u00e7al\u0131\u015fma, klasik liberalizmin ne oldu\u011funu ve ne olmad\u0131\u011f\u0131n\u0131 tarif etme konusunda kusursuz bir i\u015f \u00e7\u0131karmaktad\u0131r. Klasik liberalizmin ilkeleri, karakteri ve eli\u015fimine ili\u015fkin anla\u015f\u0131l\u0131r bir ba\u015flang\u0131\u00e7 sunarak sosyal, siyas\u00ee ve ekonomik \u00f6zg\u00fcrl\u00fc\u011fe ili\u015fkin genel konseptini, ayn\u0131 zamanda temel \u00f6\u011feleriyle birlikte sistematik g\u00f6r\u00fcnt\u00fcs\u00fcn\u00fc anlamaya \u00e7al\u0131\u015fan \u00f6\u011frenci ve okuyucular i\u00e7in tasarlanm\u0131\u015ft\u0131r. <\/p>\n","protected":false},"excerpt":{"rendered":"<p>Klasik liberalizm, siyasal ve sosyal felsefenin en \u00f6nemli ak\u0131mlar\u0131ndan biridir. \u2018Bat\u0131l\u0131 bir ideoloji&#8217; olarak g\u00f6r\u00fclmek yerine, y\u00f6nelim bak\u0131m\u0131ndan evrensel ve d\u00fcnyadaki t\u00fcm k\u00fclt\u00fcr ve medeniyetlerdeki uyumlu<span class=\"excerpt-hellip\"> [\u2026]<\/span><\/p>\n","protected":false},"featured_media":0,"template":"","meta":{"_monsterinsights_skip_tracking":false,"_monsterinsights_sitenote_active":false,"_monsterinsights_sitenote_note":"","_monsterinsights_sitenote_category":0},"product_brand":[],"product_cat":[13590,12337],"product_tag":[],"class_list":{"0":"post-714261","1":"product","2":"type-product","3":"status-publish","5":"product_cat-arastirma-inceleme-politika-siyaset","6":"product_cat-politika-siyaset","7":"pa_cilt-ciltsiz","8":"pa_tur-kitap","9":"pa_yayinevi-liberte-yayinlari","10":"pa_yazar-eamonn-butler","12":"first","13":"instock","14":"sale","15":"shipping-taxable","16":"purchasable","17":"product-type-simple"},"_links":{"self":[{"href":"https:\/\/roveyayinevi.com.tr\/index.php\/wp-json\/wp\/v2\/product\/714261","targetHints":{"allow":["GET"]}}],"collection":[{"href":"https:\/\/roveyayinevi.com.tr\/index.php\/wp-json\/wp\/v2\/product"}],"about":[{"href":"https:\/\/roveyayinevi.com.tr\/index.php\/wp-json\/wp\/v2\/types\/product"}],"wp:attachment":[{"href":"https:\/\/roveyayinevi.com.tr\/index.php\/wp-json\/wp\/v2\/media?parent=714261"}],"wp:term":[{"taxonomy":"product_brand","embeddable":true,"href":"https:\/\/roveyayinevi.com.tr\/index.php\/wp-json\/wp\/v2\/product_brand?post=714261"},{"taxonomy":"product_cat","embeddable":true,"href":"https:\/\/roveyayinevi.com.tr\/index.php\/wp-json\/wp\/v2\/product_cat?post=714261"},{"taxonomy":"product_tag","embeddable":true,"href":"https:\/\/roveyayinevi.com.tr\/index.php\/wp-json\/wp\/v2\/product_tag?post=714261"}],"curies":[{"name":"wp","href":"https:\/\/api.w.org\/{rel}","templated":true}]}}