{"id":714260,"date":"2025-08-27T17:16:40","date_gmt":"2025-08-27T14:16:40","guid":{"rendered":"https:\/\/roveyayinevi.com.tr\/index.php\/urun\/cevrimici-ifade-ozgurlugu-teorisi-ve-hukuku\/"},"modified":"2026-04-16T02:22:46","modified_gmt":"2026-04-15T23:22:46","slug":"cevrimici-ifade-ozgurlugu-teorisi-ve-hukuku","status":"publish","type":"product","link":"https:\/\/roveyayinevi.com.tr\/index.php\/urun\/cevrimici-ifade-ozgurlugu-teorisi-ve-hukuku\/","title":{"rendered":"\u00c7evrimi\u00e7i \u0130fade \u00d6zg\u00fcrl\u00fc\u011f\u00fc &#8211; Teorisi ve Hukuku"},"content":{"rendered":"<p>Bu \u00e7al\u0131\u015fma, \u0130nternet\u2019te ifade \u00f6zg\u00fcrl\u00fc\u011f\u00fc ile klasik ifade \u00f6zg\u00fcrl\u00fc\u011f\u00fc aras\u0131nda bir ayr\u0131m\u0131n yap\u0131lmas\u0131 gerekti\u011fi iddias\u0131na dayanmaktad\u0131r. Buradan hareketle, \u00c7evrimi\u00e7i \u0130fade \u00d6zg\u00fcrl\u00fc\u011f\u00fc tezi \u0130nternet&#8217;in a\u011f mimarisinden, \u0130nternet y\u00f6netiminden ve \u0130nternetin sundu\u011fu servisler sayesinde de\u011fi\u015fen ileti\u015fim al\u0131\u015fkanl\u0131klar\u0131ndan yola \u00e7\u0131k\u0131larak, \u0130nternetin klasik ifade \u00f6zg\u00fcrl\u00fc\u011f\u00fcn\u00fcn ayr\u0131 ayr\u0131 prensiplerini nas\u0131l d\u00f6n\u00fc\u015ft\u00fcrd\u00fc\u011f\u00fc veya yetkin bir ifade \u00f6zg\u00fcrl\u00fc\u011f\u00fc korumas\u0131 i\u00e7in d\u00f6n\u00fc\u015ft\u00fcrmesi gerekti\u011fi anlat\u0131l\u0131p b\u00fct\u00fcnc\u00fcl \u00c7evrimi\u00e7i \u0130fade \u00d6zg\u00fcrl\u00fc\u011f\u00fc tezine ula\u015f\u0131lm\u0131\u015ft\u0131r. K\u0131saca, kitapta klasik ifade \u00f6zg\u00fcrl\u00fc\u011f\u00fc teorisi ve hukukunun \u0130nternet&#8217;e basit\u00e7e uyarlanmas\u0131n\u0131n yeterli olmad\u0131\u011f\u0131n\u0131, ifade \u00f6zg\u00fcrl\u00fc\u011f\u00fc teorisi ve hukuku hakk\u0131nda farkl\u0131 d\u00fc\u015f\u00fcn\u00fc\u015f tarz\u0131n\u0131 zorunlu k\u0131lan yeni paradigmalara ihtiyac\u0131m\u0131z oldu\u011fu ileri s\u00fcr\u00fclm\u00fc\u015ft\u00fcr. \ufffcTan\u0131t\u0131m Metni<\/p>\n","protected":false},"excerpt":{"rendered":"<p>Bu \u00e7al\u0131\u015fma, \u0130nternet\u2019te ifade \u00f6zg\u00fcrl\u00fc\u011f\u00fc ile klasik ifade \u00f6zg\u00fcrl\u00fc\u011f\u00fc aras\u0131nda bir ayr\u0131m\u0131n yap\u0131lmas\u0131 gerekti\u011fi iddias\u0131na dayanmaktad\u0131r. Buradan hareketle, \u00c7evrimi\u00e7i \u0130fade \u00d6zg\u00fcrl\u00fc\u011f\u00fc tezi \u0130nternet&#8217;in a\u011f mimarisinden, \u0130nternet<span class=\"excerpt-hellip\"> [\u2026]<\/span><\/p>\n","protected":false},"featured_media":0,"template":"","meta":{"_monsterinsights_skip_tracking":false,"_monsterinsights_sitenote_active":false,"_monsterinsights_sitenote_note":"","_monsterinsights_sitenote_category":0},"product_brand":[],"product_cat":[15983,13488],"product_tag":[],"class_list":{"0":"post-714260","1":"product","2":"type-product","3":"status-publish","5":"product_cat-iletisim-ve-medya","6":"product_cat-toplum-ve-insan","7":"pa_cilt-ciltsiz","8":"pa_tur-kitap","9":"pa_yayinevi-liberte-yayinlari","10":"pa_yazar-cabir-aliyev","12":"first","13":"instock","14":"sale","15":"shipping-taxable","16":"purchasable","17":"product-type-simple"},"_links":{"self":[{"href":"https:\/\/roveyayinevi.com.tr\/index.php\/wp-json\/wp\/v2\/product\/714260","targetHints":{"allow":["GET"]}}],"collection":[{"href":"https:\/\/roveyayinevi.com.tr\/index.php\/wp-json\/wp\/v2\/product"}],"about":[{"href":"https:\/\/roveyayinevi.com.tr\/index.php\/wp-json\/wp\/v2\/types\/product"}],"wp:attachment":[{"href":"https:\/\/roveyayinevi.com.tr\/index.php\/wp-json\/wp\/v2\/media?parent=714260"}],"wp:term":[{"taxonomy":"product_brand","embeddable":true,"href":"https:\/\/roveyayinevi.com.tr\/index.php\/wp-json\/wp\/v2\/product_brand?post=714260"},{"taxonomy":"product_cat","embeddable":true,"href":"https:\/\/roveyayinevi.com.tr\/index.php\/wp-json\/wp\/v2\/product_cat?post=714260"},{"taxonomy":"product_tag","embeddable":true,"href":"https:\/\/roveyayinevi.com.tr\/index.php\/wp-json\/wp\/v2\/product_tag?post=714260"}],"curies":[{"name":"wp","href":"https:\/\/api.w.org\/{rel}","templated":true}]}}