{"id":714259,"date":"2025-08-27T17:16:39","date_gmt":"2025-08-27T14:16:39","guid":{"rendered":"https:\/\/roveyayinevi.com.tr\/index.php\/urun\/daragacinda-sallanan-bayraklar\/"},"modified":"2026-04-07T02:30:03","modified_gmt":"2026-04-06T23:30:03","slug":"daragacinda-sallanan-bayraklar","status":"publish","type":"product","link":"https:\/\/roveyayinevi.com.tr\/index.php\/urun\/daragacinda-sallanan-bayraklar\/","title":{"rendered":"Dara\u011fac\u0131nda Sallanan Bayraklar"},"content":{"rendered":"<p>Bu kitaptaki hik\u00e2yeler, bir toplumun maruz kald\u0131\u011f\u0131 bask\u0131 ve zul\u00fcmleri, ya\u015fad\u0131\u011f\u0131 ac\u0131lar\u0131 ve haks\u0131zl\u0131klar\u0131 dile getirmektedir. Tamamen ya\u015fanm\u0131\u015f olan bu ger\u00e7ek olaylar, g\u00f6r\u00fclece\u011fi \u00fczere bir toplumun ya\u015fad\u0131\u011f\u0131 insanl\u0131k dram\u0131n\u0131 yans\u0131tmaktad\u0131r.De\u011fi\u015fik zaman ve yerlerde yay\u0131nlanm\u0131\u015f olan bu hik\u00e2yelerin asl\u0131, yaz\u0131lanlardan daha da ac\u0131kl\u0131 ve \u00fcrk\u00fct\u00fcc\u00fcd\u00fcr. Olaylar\u0131n ger\u00e7e\u011fini anlatabilmek ve asl\u0131n\u0131 yans\u0131tabilmek do\u011frusu kolay olmamaktad\u0131r. Ya\u015fanan dramlar\u0131 b\u00fct\u00fcn \u00e7arp\u0131kl\u0131\u011f\u0131yla sunabilmek i\u00e7in, olaylar\u0131n hik\u00e2ye tarz\u0131nda ele al\u0131nmas\u0131 tercih edilmi\u015ftir. Irak T\u00fcrkmen toplumunun ya\u015fad\u0131\u011f\u0131 ac\u0131lar\u0131 anlatmak ve daha geni\u015f kitlelere duyurmak, ayd\u0131nlar\u0131n ka\u00e7\u0131n\u0131lmaz bir g\u00f6revi say\u0131l\u0131r. Bu g\u00f6revin yerine getirilip getirilmedi\u011fi hususu ise okuyucular\u0131n takdirine b\u0131rak\u0131lm\u0131\u015ft\u0131r. <\/p>\n","protected":false},"excerpt":{"rendered":"<p>Bu kitaptaki hik\u00e2yeler, bir toplumun maruz kald\u0131\u011f\u0131 bask\u0131 ve zul\u00fcmleri, ya\u015fad\u0131\u011f\u0131 ac\u0131lar\u0131 ve haks\u0131zl\u0131klar\u0131 dile getirmektedir. Tamamen ya\u015fanm\u0131\u015f olan bu ger\u00e7ek olaylar, g\u00f6r\u00fclece\u011fi \u00fczere bir toplumun<span class=\"excerpt-hellip\"> [\u2026]<\/span><\/p>\n","protected":false},"featured_media":0,"template":"","meta":{"_monsterinsights_skip_tracking":false,"_monsterinsights_sitenote_active":false,"_monsterinsights_sitenote_note":"","_monsterinsights_sitenote_category":0},"product_brand":[],"product_cat":[12291,12711],"product_tag":[],"class_list":{"0":"post-714259","1":"product","2":"type-product","3":"status-publish","5":"product_cat-edebiyat","6":"product_cat-roman-oyku","7":"pa_cilt-ciltsiz","8":"pa_tur-kitap","9":"pa_yayinevi-otuken-nesriyat","10":"pa_yazar-suphi-saatci","12":"first","13":"instock","14":"sale","15":"shipping-taxable","16":"purchasable","17":"product-type-simple"},"_links":{"self":[{"href":"https:\/\/roveyayinevi.com.tr\/index.php\/wp-json\/wp\/v2\/product\/714259","targetHints":{"allow":["GET"]}}],"collection":[{"href":"https:\/\/roveyayinevi.com.tr\/index.php\/wp-json\/wp\/v2\/product"}],"about":[{"href":"https:\/\/roveyayinevi.com.tr\/index.php\/wp-json\/wp\/v2\/types\/product"}],"wp:attachment":[{"href":"https:\/\/roveyayinevi.com.tr\/index.php\/wp-json\/wp\/v2\/media?parent=714259"}],"wp:term":[{"taxonomy":"product_brand","embeddable":true,"href":"https:\/\/roveyayinevi.com.tr\/index.php\/wp-json\/wp\/v2\/product_brand?post=714259"},{"taxonomy":"product_cat","embeddable":true,"href":"https:\/\/roveyayinevi.com.tr\/index.php\/wp-json\/wp\/v2\/product_cat?post=714259"},{"taxonomy":"product_tag","embeddable":true,"href":"https:\/\/roveyayinevi.com.tr\/index.php\/wp-json\/wp\/v2\/product_tag?post=714259"}],"curies":[{"name":"wp","href":"https:\/\/api.w.org\/{rel}","templated":true}]}}