{"id":714257,"date":"2025-08-27T17:16:38","date_gmt":"2025-08-27T14:16:38","guid":{"rendered":"https:\/\/roveyayinevi.com.tr\/index.php\/urun\/islam-tarihi-hz-peygamberden-gunumuze-kadar-ciltli\/"},"modified":"2026-04-16T02:22:46","modified_gmt":"2026-04-15T23:22:46","slug":"islam-tarihi-hz-peygamberden-gunumuze-kadar-ciltli","status":"publish","type":"product","link":"https:\/\/roveyayinevi.com.tr\/index.php\/urun\/islam-tarihi-hz-peygamberden-gunumuze-kadar-ciltli\/","title":{"rendered":"\u0130slam Tarihi Hz. Peygamber&#8217;den G\u00fcn\u00fcm\u00fcze Kadar (Ciltli)"},"content":{"rendered":"<p>\u0130lk bask\u0131s\u0131 1974&#8217;de, ikinci bask\u0131s\u0131 ise 1982&#8217;de tek cilt olarak yap\u0131lan eseri yay\u0131nevimiz yeniden ele alarak \u00fcc cilt halinde yay\u0131nlam\u0131\u015ft\u0131r. Elinizdeki bask\u0131s\u0131yla kitab\u0131n tek ciltlik eski d\u00fczenine d\u00f6n\u00fclm\u00fc\u015ft\u00fcr. \u0130slam Tarihi, Filibeli Ahmet Hilmi ve Ziya Nur Aksun&#8217;un takriben yar\u0131m as\u0131r ara ile ama neredeyse m\u00fc\u015ftereken denilebilecek tarzda kaleme ald\u0131klar\u0131 bir eserdir. Ziya Nur, Filibeli \u015eehbenderz\u00e2de Ahmet Hilmi&#8217;nin \u0130slam Tarihi&#8217;ni sadele\u015ftirerek, geni\u015f bir \u015fekilde \u015ferh ederek ve gerekli g\u00f6rd\u00fc\u011f\u00fc ilaveleri yaparak adeta yeniden yazm\u0131\u015f ve ne\u015fretmi\u015ftir. Esere Filibeli hakk\u0131nda etrafl\u0131 tetkike dayanan bir biyografi de eklemi\u015ftir. Eser, usul bak\u0131m\u0131ndan emsallerinden farkl\u0131 oldu\u011fu gibi, dini-siyasi cereyanlar\u0131 bug\u00fcnk\u00fc nesillerin sorular\u0131na cevap verecek bir bilgi, \u00f6zet ve muhakeme tarz\u0131yla tebar\u00fcz ettirir. Dokusunu milli ve dini \u015fuur, &#8220;dinimizin ve milletimizin bin d\u00f6rt y\u00fcz y\u0131ll\u0131k genetik sarmal\u0131n\u0131n olu\u015fturdu\u011fu bu hikemi telif; modern \u00e7a\u011flara \u015fahsiyetli bir y\u00f6neli\u015fi sa\u011flamak gibi y\u00fcksek bir gaye ile kaleme alm\u0131\u015ft\u0131r. \u0130slam Tarihi, hakikat aray\u0131c\u0131l\u0131\u011f\u0131n\u0131 ilim ve iman\u0131n \u00f6z\u00fc olarak de\u011ferlendirenlerin ba\u015f t\u00e2c\u0131 edecekleri cinsten bir eserdir. Bu eseri felsefe m\u00fcderrisi Ahmed Hilmi ile, &#8220;fen\u00e2 fi&#8217;d-devle&#8221; mertebesine eri\u015fmi\u015f Ziya Nur&#8217;un \u00fcslubundan okumak m\u00fcstesna bir lezzettir. \ufffcTan\u0131t\u0131m Metni<\/p>\n","protected":false},"excerpt":{"rendered":"<p>\u0130lk bask\u0131s\u0131 1974&#8217;de, ikinci bask\u0131s\u0131 ise 1982&#8217;de tek cilt olarak yap\u0131lan eseri yay\u0131nevimiz yeniden ele alarak \u00fcc cilt halinde yay\u0131nlam\u0131\u015ft\u0131r. Elinizdeki bask\u0131s\u0131yla kitab\u0131n tek ciltlik eski<span class=\"excerpt-hellip\"> [\u2026]<\/span><\/p>\n","protected":false},"featured_media":0,"template":"","meta":{"_monsterinsights_skip_tracking":false,"_monsterinsights_sitenote_active":false,"_monsterinsights_sitenote_note":"","_monsterinsights_sitenote_category":0},"product_brand":[],"product_cat":[12718,12719,18109],"product_tag":[],"class_list":{"0":"post-714257","1":"product","2":"type-product","3":"status-publish","5":"product_cat-din","6":"product_cat-islam","7":"product_cat-islam-tarihi","8":"pa_cilt-ciltli","9":"pa_tur-kitap","10":"pa_yayinevi-otuken-nesriyat","11":"pa_yazar-ziya-nur-aksun-sehbenderzade-filibeli-ahmed-hilmi","13":"first","14":"instock","15":"sale","16":"shipping-taxable","17":"purchasable","18":"product-type-simple"},"_links":{"self":[{"href":"https:\/\/roveyayinevi.com.tr\/index.php\/wp-json\/wp\/v2\/product\/714257","targetHints":{"allow":["GET"]}}],"collection":[{"href":"https:\/\/roveyayinevi.com.tr\/index.php\/wp-json\/wp\/v2\/product"}],"about":[{"href":"https:\/\/roveyayinevi.com.tr\/index.php\/wp-json\/wp\/v2\/types\/product"}],"wp:attachment":[{"href":"https:\/\/roveyayinevi.com.tr\/index.php\/wp-json\/wp\/v2\/media?parent=714257"}],"wp:term":[{"taxonomy":"product_brand","embeddable":true,"href":"https:\/\/roveyayinevi.com.tr\/index.php\/wp-json\/wp\/v2\/product_brand?post=714257"},{"taxonomy":"product_cat","embeddable":true,"href":"https:\/\/roveyayinevi.com.tr\/index.php\/wp-json\/wp\/v2\/product_cat?post=714257"},{"taxonomy":"product_tag","embeddable":true,"href":"https:\/\/roveyayinevi.com.tr\/index.php\/wp-json\/wp\/v2\/product_tag?post=714257"}],"curies":[{"name":"wp","href":"https:\/\/api.w.org\/{rel}","templated":true}]}}