{"id":714256,"date":"2025-08-27T17:16:38","date_gmt":"2025-08-27T14:16:38","guid":{"rendered":"https:\/\/roveyayinevi.com.tr\/index.php\/urun\/jupiter-kac-lira\/"},"modified":"2026-02-23T11:17:08","modified_gmt":"2026-02-23T08:17:08","slug":"jupiter-kac-lira","status":"publish","type":"product","link":"https:\/\/roveyayinevi.com.tr\/index.php\/urun\/jupiter-kac-lira\/","title":{"rendered":"J\u00fcpiter Ka\u00e7 Lira?"},"content":{"rendered":"<p>&#8211; Ayr\u0131nt\u0131 ve tespit mizah\u0131n\u0131n yarat\u0131c\u0131s\u0131 Metin Fidan\u2019dan&#8230; -S\u0131radan hayatlar\u0131n s\u0131rad\u0131\u015f\u0131 insanlar\u0131, anlar\u0131, ayr\u0131nt\u0131lar\u0131, her ki\u015fisel \u00f6yk\u00fcn\u00fcn incelemeye de\u011fer birer eser oldu\u011funu d\u00fc\u015f\u00fcnd\u00fcr\u00fcyor. Bu insanlar birbirinden kahraman, bu anlar ve ayr\u0131nt\u0131lar birbirinden kurgu gibi geliyor; bir akraban\u0131n gariban hayat\u0131, bir arkada\u015f\u0131n saplant\u0131lar\u0131, kom\u015fular\u0131n yaygaras\u0131, hevesler, deneyler, yanl\u0131\u015f anla\u015f\u0131lmalar, tam yerine rast gelmeler&#8230;Metin Fidan, g\u00fcn\u00fcm\u00fcz\u00fcn ince mizah dilini \u015fekillendiren m\u00fctevaz\u0131 isimlerden. G\u0131rg\u0131r sonras\u0131 LeMan ku\u015fa\u011f\u0131, onu ve efsane k\u00f6\u015fesi Ayr\u0131nt\u0131lar\u2019\u0131 \u00e7ok iyi hat\u0131rl\u0131yor. \u015eimdi ise bamba\u015fka bir \u015fekilde ve yine g\u00fcl\u00fcmseterek kendini hat\u0131rlat\u0131yor. J\u00fcpiter Ka\u00e7 Lira?, Metin Fidan\u2019\u0131n ayn\u0131 keyifli dilini kulland\u0131\u011f\u0131 ve \u00e7ok daha \u00f6zg\u00fcrce d\u00fc\u015f\u00fcnerek yazd\u0131\u011f\u0131 ilk mizah \u00f6yk\u00fclerinden olu\u015fuyor. <\/p>\n","protected":false},"excerpt":{"rendered":"<p>&#8211; Ayr\u0131nt\u0131 ve tespit mizah\u0131n\u0131n yarat\u0131c\u0131s\u0131 Metin Fidan\u2019dan&#8230; -S\u0131radan hayatlar\u0131n s\u0131rad\u0131\u015f\u0131 insanlar\u0131, anlar\u0131, ayr\u0131nt\u0131lar\u0131, her ki\u015fisel \u00f6yk\u00fcn\u00fcn incelemeye de\u011fer birer eser oldu\u011funu d\u00fc\u015f\u00fcnd\u00fcr\u00fcyor. Bu insanlar birbirinden<span class=\"excerpt-hellip\"> [\u2026]<\/span><\/p>\n","protected":false},"featured_media":0,"template":"","meta":{"_monsterinsights_skip_tracking":false,"_monsterinsights_sitenote_active":false,"_monsterinsights_sitenote_note":"","_monsterinsights_sitenote_category":0},"product_brand":[],"product_cat":[12291,12711],"product_tag":[],"class_list":{"0":"post-714256","1":"product","2":"type-product","3":"status-publish","5":"product_cat-edebiyat","6":"product_cat-roman-oyku","7":"pa_cilt-ciltsiz","8":"pa_tur-kitap","9":"pa_yayinevi-kara-karga-yayinlari","10":"pa_yazar-metin-fidan","12":"first","13":"instock","14":"sale","15":"shipping-taxable","16":"purchasable","17":"product-type-simple"},"_links":{"self":[{"href":"https:\/\/roveyayinevi.com.tr\/index.php\/wp-json\/wp\/v2\/product\/714256","targetHints":{"allow":["GET"]}}],"collection":[{"href":"https:\/\/roveyayinevi.com.tr\/index.php\/wp-json\/wp\/v2\/product"}],"about":[{"href":"https:\/\/roveyayinevi.com.tr\/index.php\/wp-json\/wp\/v2\/types\/product"}],"wp:attachment":[{"href":"https:\/\/roveyayinevi.com.tr\/index.php\/wp-json\/wp\/v2\/media?parent=714256"}],"wp:term":[{"taxonomy":"product_brand","embeddable":true,"href":"https:\/\/roveyayinevi.com.tr\/index.php\/wp-json\/wp\/v2\/product_brand?post=714256"},{"taxonomy":"product_cat","embeddable":true,"href":"https:\/\/roveyayinevi.com.tr\/index.php\/wp-json\/wp\/v2\/product_cat?post=714256"},{"taxonomy":"product_tag","embeddable":true,"href":"https:\/\/roveyayinevi.com.tr\/index.php\/wp-json\/wp\/v2\/product_tag?post=714256"}],"curies":[{"name":"wp","href":"https:\/\/api.w.org\/{rel}","templated":true}]}}