{"id":714255,"date":"2025-08-27T17:16:37","date_gmt":"2025-08-27T14:16:37","guid":{"rendered":"https:\/\/roveyayinevi.com.tr\/index.php\/urun\/agackakan-piki-ve-puskullu-kokarca\/"},"modified":"2026-04-16T02:22:45","modified_gmt":"2026-04-15T23:22:45","slug":"agackakan-piki-ve-puskullu-kokarca","status":"publish","type":"product","link":"https:\/\/roveyayinevi.com.tr\/index.php\/urun\/agackakan-piki-ve-puskullu-kokarca\/","title":{"rendered":"A\u011fa\u00e7kakan Piki ve P\u00fcsk\u00fcll\u00fc Kokarca"},"content":{"rendered":"<p>A\u011fa\u00e7kakan Piki cevizi \u00e7ok seviyordu. Akl\u0131na orman\u0131n bitip kayal\u0131klar\u0131n ba\u015flad\u0131\u011f\u0131 yerdeki ceviz a\u011fa\u00e7lar\u0131 geldi. Sevin\u00e7 i\u00e7inde bazen u\u00e7arak, bazen de z\u0131playarak ula\u015ft\u0131 varaca\u011f\u0131 yere. Daldan dala s\u0131\u00e7rayarak d\u00fc\u015f\u00fcrd\u00fc\u011f\u00fc cevizleri yerken P\u00fcsk\u00fcll\u00fc Kokarca\u2019y\u0131 g\u00f6rd\u00fc.  A\u011fa\u00e7kakan Piki d\u00fcnya turnesi s\u0131ras\u0131nda bir\u00e7ok yer gezmi\u015f, farkl\u0131 t\u00fcrde bir\u00e7ok canl\u0131 g\u00f6rm\u00fc\u015ft\u00fc.P\u00fcsk\u00fcll\u00fc Kokarca ile A\u011fa\u00e7kakan Piki insanlarla ilgili sohbet etmeye ba\u015flad\u0131lar. Ceviz a\u011fac\u0131 da kat\u0131ld\u0131 sohbete dayanamay\u0131p. \u0130nsanlar\u0131n farkl\u0131l\u0131klar\u0131 kar\u015f\u0131s\u0131nda kafalar\u0131 kar\u0131\u015ft\u0131 . \u201cFarkl\u0131l\u0131klara Sayg\u0131\u201c \u015fiirini yazd\u0131lar. Az da olsa kafalar\u0131n\u0131n kar\u0131\u015f\u0131kl\u0131\u011f\u0131 gitti.Hayvanlar\u0131n g\u00f6z\u00fcnden biz insanlar nas\u0131l g\u00f6z\u00fck\u00fcyoruz acaba? <\/p>\n","protected":false},"excerpt":{"rendered":"<p>A\u011fa\u00e7kakan Piki cevizi \u00e7ok seviyordu. Akl\u0131na orman\u0131n bitip kayal\u0131klar\u0131n ba\u015flad\u0131\u011f\u0131 yerdeki ceviz a\u011fa\u00e7lar\u0131 geldi. Sevin\u00e7 i\u00e7inde bazen u\u00e7arak, bazen de z\u0131playarak ula\u015ft\u0131 varaca\u011f\u0131 yere. Daldan dala<span class=\"excerpt-hellip\"> [\u2026]<\/span><\/p>\n","protected":false},"featured_media":0,"template":"","meta":{"_monsterinsights_skip_tracking":false,"_monsterinsights_sitenote_active":false,"_monsterinsights_sitenote_note":"","_monsterinsights_sitenote_category":0},"product_brand":[],"product_cat":[12274,12518],"product_tag":[],"class_list":{"0":"post-714255","1":"product","2":"type-product","3":"status-publish","5":"product_cat-cocuk-ve-genclik-kitaplari","6":"product_cat-okul-oncesi-kitaplar","7":"pa_cilt-ciltsiz","8":"pa_tur-kitap","9":"pa_yayinevi-egiten-kitap","10":"pa_yazar-mahmut-yilmaz","12":"first","13":"instock","14":"sale","15":"shipping-taxable","16":"purchasable","17":"product-type-simple"},"_links":{"self":[{"href":"https:\/\/roveyayinevi.com.tr\/index.php\/wp-json\/wp\/v2\/product\/714255","targetHints":{"allow":["GET"]}}],"collection":[{"href":"https:\/\/roveyayinevi.com.tr\/index.php\/wp-json\/wp\/v2\/product"}],"about":[{"href":"https:\/\/roveyayinevi.com.tr\/index.php\/wp-json\/wp\/v2\/types\/product"}],"wp:attachment":[{"href":"https:\/\/roveyayinevi.com.tr\/index.php\/wp-json\/wp\/v2\/media?parent=714255"}],"wp:term":[{"taxonomy":"product_brand","embeddable":true,"href":"https:\/\/roveyayinevi.com.tr\/index.php\/wp-json\/wp\/v2\/product_brand?post=714255"},{"taxonomy":"product_cat","embeddable":true,"href":"https:\/\/roveyayinevi.com.tr\/index.php\/wp-json\/wp\/v2\/product_cat?post=714255"},{"taxonomy":"product_tag","embeddable":true,"href":"https:\/\/roveyayinevi.com.tr\/index.php\/wp-json\/wp\/v2\/product_tag?post=714255"}],"curies":[{"name":"wp","href":"https:\/\/api.w.org\/{rel}","templated":true}]}}