{"id":714253,"date":"2025-08-27T17:16:36","date_gmt":"2025-08-27T14:16:36","guid":{"rendered":"https:\/\/roveyayinevi.com.tr\/index.php\/urun\/alparslan-turkes\/"},"modified":"2026-03-12T02:30:40","modified_gmt":"2026-03-11T23:30:40","slug":"alparslan-turkes","status":"publish","type":"product","link":"https:\/\/roveyayinevi.com.tr\/index.php\/urun\/alparslan-turkes\/","title":{"rendered":"Alparslan T\u00fcrke\u015f"},"content":{"rendered":"<p>Alparslan T\u00fcrke\u015f, 20. Y\u00fczy\u0131l\u0131n ikinci yar\u0131s\u0131nda ad\u0131ndan en \u00e7ok bahsettiren liderlerin ba\u015f\u0131nda gelir. Ba\u015fbu\u011f T\u00fcrke\u015f, fikrinin \u00e7ilesini ve cefas\u0131n\u0131 \u00e7ekmi\u015f bir liderdir. Ya\u015fad\u0131\u011f\u0131 veya maruz kald\u0131\u011f\u0131 her t\u00fcrl\u00fc menfi hadiseye hi\u00e7bir zaman sitem etmemi\u015f ve ilkeli duru\u015fundan da asla taviz vermemi\u015ftir.Hayat\u0131n\u0131 T\u00fcrk-\u0130slam davas\u0131na adam\u0131\u015f, her daim T\u00fcrk milleti ve devletinin bekas\u0131n\u0131 d\u00fc\u015f\u00fcnen, ilke-\u00fclk\u00fc-\u00fclke parolas\u0131n\u0131 ya\u015fam tarz\u0131 olarak benimsemi\u015f olan Ba\u015fbu\u011f Alparslan T\u00fcrke\u015f, \u00e7ok az defa iktidarda vazifeli olmu\u015f olsa bile kendisinin gerek memleket meseleler\u015fnde gerek d\u0131\u015f meselelere kar\u015f\u0131 izledi\u011fi, tavsiye ve telkinde bulundu\u011fu bir\u00e7ok husus zaman\u0131nda iyi de\u011ferlendirilememi\u015f veya siyasi muhataplar\u0131 taraf\u0131ndan hafife al\u0131nm\u0131\u015ft\u0131r. Ancak aradan ge\u00e7en y\u0131llar g\u00f6stermi\u015ftir ki T\u00dcRKE\u015e&#8217;in yaz\u0131p \u00e7izdi\u011fi stratejilerin tatbik edilmesi onu yine hakl\u0131 \u00e7\u0131karm\u0131\u015ft\u0131r. T\u00fcm bu m\u00fcspet hususiyetleri kendisinde bulunduran bir \u015fahsiyetin parti liderinden ziyade bir devlet ve dava adam\u0131 oldu\u011funu s\u00f6ylemek en do\u011fru, en sa\u011fl\u0131kl\u0131, en ak\u0131lc\u0131 ve en makul bir izah olacakt\u0131r. <\/p>\n","protected":false},"excerpt":{"rendered":"<p>Alparslan T\u00fcrke\u015f, 20. Y\u00fczy\u0131l\u0131n ikinci yar\u0131s\u0131nda ad\u0131ndan en \u00e7ok bahsettiren liderlerin ba\u015f\u0131nda gelir. Ba\u015fbu\u011f T\u00fcrke\u015f, fikrinin \u00e7ilesini ve cefas\u0131n\u0131 \u00e7ekmi\u015f bir liderdir. Ya\u015fad\u0131\u011f\u0131 veya maruz kald\u0131\u011f\u0131<span class=\"excerpt-hellip\"> [\u2026]<\/span><\/p>\n","protected":false},"featured_media":0,"template":"","meta":{"_monsterinsights_skip_tracking":false,"_monsterinsights_sitenote_active":false,"_monsterinsights_sitenote_note":"","_monsterinsights_sitenote_category":0},"product_brand":[],"product_cat":[13059,12337],"product_tag":[],"class_list":{"0":"post-714253","1":"product","2":"type-product","3":"status-publish","5":"product_cat-diger-politika-siyaset","6":"product_cat-politika-siyaset","7":"pa_cilt-ciltsiz","8":"pa_tur-kitap","9":"pa_yayinevi-kirmizi-cati-yayinlari","10":"pa_yazar-selcuk-ozcelik","12":"first","13":"instock","14":"sale","15":"shipping-taxable","16":"purchasable","17":"product-type-simple"},"_links":{"self":[{"href":"https:\/\/roveyayinevi.com.tr\/index.php\/wp-json\/wp\/v2\/product\/714253","targetHints":{"allow":["GET"]}}],"collection":[{"href":"https:\/\/roveyayinevi.com.tr\/index.php\/wp-json\/wp\/v2\/product"}],"about":[{"href":"https:\/\/roveyayinevi.com.tr\/index.php\/wp-json\/wp\/v2\/types\/product"}],"wp:attachment":[{"href":"https:\/\/roveyayinevi.com.tr\/index.php\/wp-json\/wp\/v2\/media?parent=714253"}],"wp:term":[{"taxonomy":"product_brand","embeddable":true,"href":"https:\/\/roveyayinevi.com.tr\/index.php\/wp-json\/wp\/v2\/product_brand?post=714253"},{"taxonomy":"product_cat","embeddable":true,"href":"https:\/\/roveyayinevi.com.tr\/index.php\/wp-json\/wp\/v2\/product_cat?post=714253"},{"taxonomy":"product_tag","embeddable":true,"href":"https:\/\/roveyayinevi.com.tr\/index.php\/wp-json\/wp\/v2\/product_tag?post=714253"}],"curies":[{"name":"wp","href":"https:\/\/api.w.org\/{rel}","templated":true}]}}