{"id":714252,"date":"2025-08-27T17:16:35","date_gmt":"2025-08-27T14:16:35","guid":{"rendered":"https:\/\/roveyayinevi.com.tr\/index.php\/urun\/okul-deneyimi\/"},"modified":"2026-04-16T02:22:45","modified_gmt":"2026-04-15T23:22:45","slug":"okul-deneyimi","status":"publish","type":"product","link":"https:\/\/roveyayinevi.com.tr\/index.php\/urun\/okul-deneyimi\/","title":{"rendered":"Okul Deneyimi"},"content":{"rendered":"<p>Okul Deneyimi dersinin genel amac\u0131 \u00f6\u011fretmen adaylar\u0131na okul ya\u015fam\u0131nda e\u011fitim ve \u00f6\u011fretim faaliyetleri hakk\u0131nda genel bir bilgi vermek ve onlar\u0131 \u00f6\u011fretim tecr\u00fcbesine haz\u0131rlamakt\u0131r. Bu ama\u00e7la Okul Deneyimi dersi kapsam\u0131nda yap\u0131lacak i\u015flerin planlanmas\u0131 \u00f6nem ta\u015f\u0131maktad\u0131r.Planlamay\u0131 ger\u00e7ekle\u015ftirecek olanlar fak\u00fcltede dan\u0131\u015fman \u00f6\u011fretim eleman\u0131n\u0131z, g\u00f6zlemlenecek okuldaki uygulama \u00f6\u011fretmeniniz ve \u00f6\u011fretmen aday\u0131 olarak sizlersiniz. D\u00f6nem plan\u0131 \u00e7er\u00e7evesinde bu kitapta her hafta i\u00e7in belirlenen etkinlikler tart\u0131\u015f\u0131labilir, bu etkinliklerin s\u0131ras\u0131 de\u011fi\u015ftirilebilir, baz\u0131 etkinlikler \u00e7\u0131kar\u0131labilir veya yeni etkinlikler eklenebilir. <\/p>\n","protected":false},"excerpt":{"rendered":"<p>Okul Deneyimi dersinin genel amac\u0131 \u00f6\u011fretmen adaylar\u0131na okul ya\u015fam\u0131nda e\u011fitim ve \u00f6\u011fretim faaliyetleri hakk\u0131nda genel bir bilgi vermek ve onlar\u0131 \u00f6\u011fretim tecr\u00fcbesine haz\u0131rlamakt\u0131r. Bu ama\u00e7la Okul<span class=\"excerpt-hellip\"> [\u2026]<\/span><\/p>\n","protected":false},"featured_media":0,"template":"","meta":{"_monsterinsights_skip_tracking":false,"_monsterinsights_sitenote_active":false,"_monsterinsights_sitenote_note":"","_monsterinsights_sitenote_category":0},"product_brand":[],"product_cat":[12573,12566],"product_tag":[],"class_list":{"0":"post-714252","1":"product","2":"type-product","3":"status-publish","5":"product_cat-akademik-kitaplar","6":"product_cat-egitim","7":"pa_cilt-ciltsiz","8":"pa_tur-kitap","9":"pa_yayinevi-egiten-kitap","10":"pa_yazar-cumali-oksuz","12":"first","13":"instock","14":"sale","15":"shipping-taxable","16":"purchasable","17":"product-type-simple"},"_links":{"self":[{"href":"https:\/\/roveyayinevi.com.tr\/index.php\/wp-json\/wp\/v2\/product\/714252","targetHints":{"allow":["GET"]}}],"collection":[{"href":"https:\/\/roveyayinevi.com.tr\/index.php\/wp-json\/wp\/v2\/product"}],"about":[{"href":"https:\/\/roveyayinevi.com.tr\/index.php\/wp-json\/wp\/v2\/types\/product"}],"wp:attachment":[{"href":"https:\/\/roveyayinevi.com.tr\/index.php\/wp-json\/wp\/v2\/media?parent=714252"}],"wp:term":[{"taxonomy":"product_brand","embeddable":true,"href":"https:\/\/roveyayinevi.com.tr\/index.php\/wp-json\/wp\/v2\/product_brand?post=714252"},{"taxonomy":"product_cat","embeddable":true,"href":"https:\/\/roveyayinevi.com.tr\/index.php\/wp-json\/wp\/v2\/product_cat?post=714252"},{"taxonomy":"product_tag","embeddable":true,"href":"https:\/\/roveyayinevi.com.tr\/index.php\/wp-json\/wp\/v2\/product_tag?post=714252"}],"curies":[{"name":"wp","href":"https:\/\/api.w.org\/{rel}","templated":true}]}}