{"id":714251,"date":"2025-08-27T17:16:35","date_gmt":"2025-08-27T14:16:35","guid":{"rendered":"https:\/\/roveyayinevi.com.tr\/index.php\/urun\/okul-oncesi-egitimde-sinif-yonetimi\/"},"modified":"2026-04-16T02:22:45","modified_gmt":"2026-04-15T23:22:45","slug":"okul-oncesi-egitimde-sinif-yonetimi","status":"publish","type":"product","link":"https:\/\/roveyayinevi.com.tr\/index.php\/urun\/okul-oncesi-egitimde-sinif-yonetimi\/","title":{"rendered":"Okul \u00d6ncesi E\u011fitimde S\u0131n\u0131f Y\u00f6netimi"},"content":{"rendered":"<p>Okul \u00f6ncesi e\u011fitim \u00e7ocuk e\u011fitiminin temelidir. \u00c7ocuklar\u0131n \u00f6\u011frenim ya\u015famlar\u0131n\u0131n ilk basama\u011f\u0131 ve okula kar\u015f\u0131 olumlu tutum geli\u015ftirmede kritik bir d\u00f6nem olmas\u0131 sebebiyle okul \u00f6ncesi \u00f6\u011fretmeninin etkili s\u0131n\u0131f y\u00f6netimi becerilerine sahip olmas\u0131 daha fazla \u00f6nem kazanmaktad\u0131r. S\u0131n\u0131f y\u00f6netimi, s\u0131n\u0131f i\u00e7erisinde \u00f6\u011frenme ve \u00f6\u011fretmenin ger\u00e7ekle\u015fmesi i\u00e7in uygun e\u011fitim ortam\u0131n\u0131n sa\u011flanmas\u0131 amac\u0131yla gerekli haz\u0131rl\u0131k ve uygulamalar\u0131n tamam\u0131n\u0131 kapsamaktad\u0131r. Bu kitapta okul \u00f6ncesi \u00f6\u011fretmen adaylar\u0131 ve \u00f6\u011fretmenlere e\u011fitim ama\u00e7lar\u0131na ula\u015fmada \u00f6nemli bir ara\u00e7 olan s\u0131n\u0131f y\u00f6netimi konusunda s\u0131n\u0131f y\u00f6netiminin tan\u0131m\u0131ndan ba\u015flayarak giderek daha fazla \u00f6nem kazanmaya ba\u015flayan okul \u00f6ncesi e\u011fitim ortamlar\u0131nda zaman y\u00f6netimine kadar geni\u015f bir yelpazede s\u0131n\u0131f y\u00f6netimi becerilerine etki edecek konular ele al\u0131nmaya \u00e7al\u0131\u015f\u0131lm\u0131\u015ft\u0131r. Bu ama\u00e7la her bir b\u00f6l\u00fcm\u00fcn birbirini tamamlar nitelikte olmas\u0131na gayret edilmi\u015ftir. <\/p>\n","protected":false},"excerpt":{"rendered":"<p>Okul \u00f6ncesi e\u011fitim \u00e7ocuk e\u011fitiminin temelidir. \u00c7ocuklar\u0131n \u00f6\u011frenim ya\u015famlar\u0131n\u0131n ilk basama\u011f\u0131 ve okula kar\u015f\u0131 olumlu tutum geli\u015ftirmede kritik bir d\u00f6nem olmas\u0131 sebebiyle okul \u00f6ncesi \u00f6\u011fretmeninin etkili<span class=\"excerpt-hellip\"> [\u2026]<\/span><\/p>\n","protected":false},"featured_media":0,"template":"","meta":{"_monsterinsights_skip_tracking":false,"_monsterinsights_sitenote_active":false,"_monsterinsights_sitenote_note":"","_monsterinsights_sitenote_category":0},"product_brand":[],"product_cat":[12573,12566],"product_tag":[],"class_list":{"0":"post-714251","1":"product","2":"type-product","3":"status-publish","5":"product_cat-akademik-kitaplar","6":"product_cat-egitim","7":"pa_cilt-ciltsiz","8":"pa_tur-kitap","9":"pa_yayinevi-egiten-kitap","10":"pa_yazar-kollektif","12":"first","13":"instock","14":"sale","15":"shipping-taxable","16":"purchasable","17":"product-type-simple"},"_links":{"self":[{"href":"https:\/\/roveyayinevi.com.tr\/index.php\/wp-json\/wp\/v2\/product\/714251","targetHints":{"allow":["GET"]}}],"collection":[{"href":"https:\/\/roveyayinevi.com.tr\/index.php\/wp-json\/wp\/v2\/product"}],"about":[{"href":"https:\/\/roveyayinevi.com.tr\/index.php\/wp-json\/wp\/v2\/types\/product"}],"wp:attachment":[{"href":"https:\/\/roveyayinevi.com.tr\/index.php\/wp-json\/wp\/v2\/media?parent=714251"}],"wp:term":[{"taxonomy":"product_brand","embeddable":true,"href":"https:\/\/roveyayinevi.com.tr\/index.php\/wp-json\/wp\/v2\/product_brand?post=714251"},{"taxonomy":"product_cat","embeddable":true,"href":"https:\/\/roveyayinevi.com.tr\/index.php\/wp-json\/wp\/v2\/product_cat?post=714251"},{"taxonomy":"product_tag","embeddable":true,"href":"https:\/\/roveyayinevi.com.tr\/index.php\/wp-json\/wp\/v2\/product_tag?post=714251"}],"curies":[{"name":"wp","href":"https:\/\/api.w.org\/{rel}","templated":true}]}}