{"id":714247,"date":"2025-08-27T17:16:32","date_gmt":"2025-08-27T14:16:32","guid":{"rendered":"https:\/\/roveyayinevi.com.tr\/index.php\/urun\/akilli-boyama-sihirli-sayilar-4-5-yas\/"},"modified":"2026-04-16T02:22:45","modified_gmt":"2026-04-15T23:22:45","slug":"akilli-boyama-sihirli-sayilar-4-5-yas","status":"publish","type":"product","link":"https:\/\/roveyayinevi.com.tr\/index.php\/urun\/akilli-boyama-sihirli-sayilar-4-5-yas\/","title":{"rendered":"Ak\u0131ll\u0131 Boyama Sihirli Say\u0131lar 4-5 Ya\u015f"},"content":{"rendered":"<p>Boyama yaparak keyifli bir \u00f6\u011frenme ser\u00fcveni&#8230; &#8220;Ak\u0131ll\u0131 Boyama\u201d serisi, renkleri, say\u0131lar\u0131, harfleri, \u015fekilleri ve sembolleri \u00f6\u011fretirken k\u00fc\u00e7\u00fck kas geli\u015fimine katk\u0131 sa\u011flamaktad\u0131r. Bu koleksiyonla \u00e7ocuklar; &#8211; Sihirli renklendirme sayesinde e\u011flenceli ve e\u011fitici bir \u015fekilde do\u011fru kodlar\u0131 bularak renklendirme yaparlar. &#8211; Ya\u015f d\u00fczeylerine uygun kavramlar ile \u00e7izgileri, sembolleri, say\u0131lar\u0131 ve harfleri ad\u0131m ad\u0131m tan\u0131maya ba\u015flarlar. <\/p>\n","protected":false},"excerpt":{"rendered":"<p>Boyama yaparak keyifli bir \u00f6\u011frenme ser\u00fcveni&#8230; &#8220;Ak\u0131ll\u0131 Boyama\u201d serisi, renkleri, say\u0131lar\u0131, harfleri, \u015fekilleri ve sembolleri \u00f6\u011fretirken k\u00fc\u00e7\u00fck kas geli\u015fimine katk\u0131 sa\u011flamaktad\u0131r. Bu koleksiyonla \u00e7ocuklar; &#8211; Sihirli<span class=\"excerpt-hellip\"> [\u2026]<\/span><\/p>\n","protected":false},"featured_media":0,"template":"","meta":{"_monsterinsights_skip_tracking":false,"_monsterinsights_sitenote_active":false,"_monsterinsights_sitenote_note":"","_monsterinsights_sitenote_category":0},"product_brand":[],"product_cat":[12913,12274],"product_tag":[],"class_list":{"0":"post-714247","1":"product","2":"type-product","3":"status-publish","5":"product_cat-3-6-yas-kitaplari","6":"product_cat-cocuk-ve-genclik-kitaplari","7":"pa_cilt-ciltsiz","8":"pa_tur-kitap","9":"pa_yayinevi-ucanbalik-yayincilik","10":"pa_yazar-kollektif","12":"first","13":"instock","14":"sale","15":"shipping-taxable","16":"purchasable","17":"product-type-simple"},"_links":{"self":[{"href":"https:\/\/roveyayinevi.com.tr\/index.php\/wp-json\/wp\/v2\/product\/714247","targetHints":{"allow":["GET"]}}],"collection":[{"href":"https:\/\/roveyayinevi.com.tr\/index.php\/wp-json\/wp\/v2\/product"}],"about":[{"href":"https:\/\/roveyayinevi.com.tr\/index.php\/wp-json\/wp\/v2\/types\/product"}],"wp:attachment":[{"href":"https:\/\/roveyayinevi.com.tr\/index.php\/wp-json\/wp\/v2\/media?parent=714247"}],"wp:term":[{"taxonomy":"product_brand","embeddable":true,"href":"https:\/\/roveyayinevi.com.tr\/index.php\/wp-json\/wp\/v2\/product_brand?post=714247"},{"taxonomy":"product_cat","embeddable":true,"href":"https:\/\/roveyayinevi.com.tr\/index.php\/wp-json\/wp\/v2\/product_cat?post=714247"},{"taxonomy":"product_tag","embeddable":true,"href":"https:\/\/roveyayinevi.com.tr\/index.php\/wp-json\/wp\/v2\/product_tag?post=714247"}],"curies":[{"name":"wp","href":"https:\/\/api.w.org\/{rel}","templated":true}]}}