{"id":714245,"date":"2025-08-27T17:16:31","date_gmt":"2025-08-27T14:16:31","guid":{"rendered":"https:\/\/roveyayinevi.com.tr\/index.php\/urun\/atasozu-kartlari-2\/"},"modified":"2026-04-16T02:22:45","modified_gmt":"2026-04-15T23:22:45","slug":"atasozu-kartlari-2","status":"publish","type":"product","link":"https:\/\/roveyayinevi.com.tr\/index.php\/urun\/atasozu-kartlari-2\/","title":{"rendered":"Atas\u00f6z\u00fc Kartlar\u0131 2"},"content":{"rendered":"<p>Ge\u00e7mi\u015ften g\u00fcn\u00fcm\u00fcze kadar ula\u015fm\u0131\u015f, uzun deneme ve g\u00f6zlemlere dayan\u0131larak s\u00f6ylenmi\u015f ve halka mal olmu\u015f \u00f6\u011f\u00fct verici nitelikteki s\u00f6zlere atas\u00f6z\u00fc denir.\u201cResimden Atas\u00f6z\u00fcne, Atas\u00f6z\u00fcnden A\u00e7\u0131klamaya\u201d adl\u0131 bu \u00e7al\u0131\u015fmada kartlar\u0131n \u00f6n y\u00fczlerindeki g\u00f6rsellerden hareketle atas\u00f6z\u00fcne ula\u015f\u0131lmas\u0131 ve arka y\u00fczlerdeki atas\u00f6zleriyle ilgili a\u00e7\u0131klamalar\u0131n okunarak atas\u00f6z\u00fcn\u00fcn kendisine ula\u015f\u0131lmas\u0131 ama\u00e7lanm\u0131\u015ft\u0131r.<\/p>\n","protected":false},"excerpt":{"rendered":"<p>Ge\u00e7mi\u015ften g\u00fcn\u00fcm\u00fcze kadar ula\u015fm\u0131\u015f, uzun deneme ve g\u00f6zlemlere dayan\u0131larak s\u00f6ylenmi\u015f ve halka mal olmu\u015f \u00f6\u011f\u00fct verici nitelikteki s\u00f6zlere atas\u00f6z\u00fc denir.\u201cResimden Atas\u00f6z\u00fcne, Atas\u00f6z\u00fcnden A\u00e7\u0131klamaya\u201d adl\u0131 bu \u00e7al\u0131\u015fmada<span class=\"excerpt-hellip\"> [\u2026]<\/span><\/p>\n","protected":false},"featured_media":0,"template":"","meta":{"_monsterinsights_skip_tracking":false,"_monsterinsights_sitenote_active":false,"_monsterinsights_sitenote_note":"","_monsterinsights_sitenote_category":0},"product_brand":[],"product_cat":[12274,17859],"product_tag":[],"class_list":{"0":"post-714245","1":"product","2":"type-product","3":"status-publish","5":"product_cat-cocuk-ve-genclik-kitaplari","6":"product_cat-oyun-kitaplari","7":"pa_cilt-ciltsiz","8":"pa_tur-kitap","9":"pa_yayinevi-egiten-kitap","10":"pa_yazar-elif-dumanli","12":"first","13":"instock","14":"sale","15":"shipping-taxable","16":"purchasable","17":"product-type-simple"},"_links":{"self":[{"href":"https:\/\/roveyayinevi.com.tr\/index.php\/wp-json\/wp\/v2\/product\/714245","targetHints":{"allow":["GET"]}}],"collection":[{"href":"https:\/\/roveyayinevi.com.tr\/index.php\/wp-json\/wp\/v2\/product"}],"about":[{"href":"https:\/\/roveyayinevi.com.tr\/index.php\/wp-json\/wp\/v2\/types\/product"}],"wp:attachment":[{"href":"https:\/\/roveyayinevi.com.tr\/index.php\/wp-json\/wp\/v2\/media?parent=714245"}],"wp:term":[{"taxonomy":"product_brand","embeddable":true,"href":"https:\/\/roveyayinevi.com.tr\/index.php\/wp-json\/wp\/v2\/product_brand?post=714245"},{"taxonomy":"product_cat","embeddable":true,"href":"https:\/\/roveyayinevi.com.tr\/index.php\/wp-json\/wp\/v2\/product_cat?post=714245"},{"taxonomy":"product_tag","embeddable":true,"href":"https:\/\/roveyayinevi.com.tr\/index.php\/wp-json\/wp\/v2\/product_tag?post=714245"}],"curies":[{"name":"wp","href":"https:\/\/api.w.org\/{rel}","templated":true}]}}