{"id":714242,"date":"2025-08-27T17:16:29","date_gmt":"2025-08-27T14:16:29","guid":{"rendered":"https:\/\/roveyayinevi.com.tr\/index.php\/urun\/deyim-kartlari-2\/"},"modified":"2026-04-16T02:22:45","modified_gmt":"2026-04-15T23:22:45","slug":"deyim-kartlari-2","status":"publish","type":"product","link":"https:\/\/roveyayinevi.com.tr\/index.php\/urun\/deyim-kartlari-2\/","title":{"rendered":"Deyim Kartlar\u0131 2"},"content":{"rendered":"<p>Resimli Deyim Kartlar\u0131, T\u00fcrk\u00e7ede en s\u0131k kullan\u0131lan deyimleri oyunla \u00f6\u011fretmek amac\u0131yla haz\u0131rlanm\u0131\u015ft\u0131r. Deyimlerin i\u00e7eriklerine uygun olarak \u00e7izilen kartlar\u0131n \u00f6n y\u00fczlerindeki g\u00f6rseller \u00e7ocu\u011fun \u00fcst d\u00fczey d\u00fc\u015f\u00fcnme becerilerini geli\u015ftirerek deyimi bulmas\u0131na olanak sa\u011flamaktad\u0131r. Kartlar\u0131n di\u011fer y\u00fczlerinde ise deyimlerin a\u00e7\u0131klamalar\u0131yla beraber \u00f6rnek c\u00fcmleler bulunmaktad\u0131r. <\/p>\n","protected":false},"excerpt":{"rendered":"<p>Resimli Deyim Kartlar\u0131, T\u00fcrk\u00e7ede en s\u0131k kullan\u0131lan deyimleri oyunla \u00f6\u011fretmek amac\u0131yla haz\u0131rlanm\u0131\u015ft\u0131r. Deyimlerin i\u00e7eriklerine uygun olarak \u00e7izilen kartlar\u0131n \u00f6n y\u00fczlerindeki g\u00f6rseller \u00e7ocu\u011fun \u00fcst d\u00fczey d\u00fc\u015f\u00fcnme becerilerini<span class=\"excerpt-hellip\"> [\u2026]<\/span><\/p>\n","protected":false},"featured_media":0,"template":"","meta":{"_monsterinsights_skip_tracking":false,"_monsterinsights_sitenote_active":false,"_monsterinsights_sitenote_note":"","_monsterinsights_sitenote_category":0},"product_brand":[],"product_cat":[12275,12274],"product_tag":[],"class_list":{"0":"post-714242","1":"product","2":"type-product","3":"status-publish","5":"product_cat-6-12-yas-kitaplari","6":"product_cat-cocuk-ve-genclik-kitaplari","7":"pa_cilt-ciltsiz","8":"pa_tur-kitap","9":"pa_yayinevi-egiten-kitap","10":"pa_yazar-elif-dumanli","12":"first","13":"instock","14":"sale","15":"shipping-taxable","16":"purchasable","17":"product-type-simple"},"_links":{"self":[{"href":"https:\/\/roveyayinevi.com.tr\/index.php\/wp-json\/wp\/v2\/product\/714242","targetHints":{"allow":["GET"]}}],"collection":[{"href":"https:\/\/roveyayinevi.com.tr\/index.php\/wp-json\/wp\/v2\/product"}],"about":[{"href":"https:\/\/roveyayinevi.com.tr\/index.php\/wp-json\/wp\/v2\/types\/product"}],"wp:attachment":[{"href":"https:\/\/roveyayinevi.com.tr\/index.php\/wp-json\/wp\/v2\/media?parent=714242"}],"wp:term":[{"taxonomy":"product_brand","embeddable":true,"href":"https:\/\/roveyayinevi.com.tr\/index.php\/wp-json\/wp\/v2\/product_brand?post=714242"},{"taxonomy":"product_cat","embeddable":true,"href":"https:\/\/roveyayinevi.com.tr\/index.php\/wp-json\/wp\/v2\/product_cat?post=714242"},{"taxonomy":"product_tag","embeddable":true,"href":"https:\/\/roveyayinevi.com.tr\/index.php\/wp-json\/wp\/v2\/product_tag?post=714242"}],"curies":[{"name":"wp","href":"https:\/\/api.w.org\/{rel}","templated":true}]}}