{"id":714241,"date":"2025-08-27T17:16:28","date_gmt":"2025-08-27T14:16:28","guid":{"rendered":"https:\/\/roveyayinevi.com.tr\/index.php\/urun\/kendini-bilmez-fil\/"},"modified":"2026-04-16T02:22:45","modified_gmt":"2026-04-15T23:22:45","slug":"kendini-bilmez-fil","status":"publish","type":"product","link":"https:\/\/roveyayinevi.com.tr\/index.php\/urun\/kendini-bilmez-fil\/","title":{"rendered":"Kendini Bilmez Fil"},"content":{"rendered":"<p>Orman birbirinden ilgin\u00e7 hayvanlarla dolu.Ah, ne \u015fa\u015fk\u0131nl\u0131k! Etraf\u0131na bakarken yavru fil, d\u00fc\u015ft\u00fc ba\u015f\u0131na bir Hindistan cevizi.Ve unuttu kim oldu\u011funu.Bakal\u0131m, kim oldu\u011funu bulma maceras\u0131nda neler neler ya\u015fayacak k\u00fc\u00e7\u00fck yavru. <\/p>\n","protected":false},"excerpt":{"rendered":"<p>Orman birbirinden ilgin\u00e7 hayvanlarla dolu.Ah, ne \u015fa\u015fk\u0131nl\u0131k! Etraf\u0131na bakarken yavru fil, d\u00fc\u015ft\u00fc ba\u015f\u0131na bir Hindistan cevizi.Ve unuttu kim oldu\u011funu.Bakal\u0131m, kim oldu\u011funu bulma maceras\u0131nda neler neler ya\u015fayacak<span class=\"excerpt-hellip\"> [\u2026]<\/span><\/p>\n","protected":false},"featured_media":0,"template":"","meta":{"_monsterinsights_skip_tracking":false,"_monsterinsights_sitenote_active":false,"_monsterinsights_sitenote_note":"","_monsterinsights_sitenote_category":0},"product_brand":[],"product_cat":[12274,12518],"product_tag":[],"class_list":{"0":"post-714241","1":"product","2":"type-product","3":"status-publish","5":"product_cat-cocuk-ve-genclik-kitaplari","6":"product_cat-okul-oncesi-kitaplar","7":"pa_cilt-ciltsiz","8":"pa_tur-kitap","9":"pa_yayinevi-egiten-kitap","10":"pa_yazar-mustafa-savas","12":"first","13":"instock","14":"sale","15":"shipping-taxable","16":"purchasable","17":"product-type-simple"},"_links":{"self":[{"href":"https:\/\/roveyayinevi.com.tr\/index.php\/wp-json\/wp\/v2\/product\/714241","targetHints":{"allow":["GET"]}}],"collection":[{"href":"https:\/\/roveyayinevi.com.tr\/index.php\/wp-json\/wp\/v2\/product"}],"about":[{"href":"https:\/\/roveyayinevi.com.tr\/index.php\/wp-json\/wp\/v2\/types\/product"}],"wp:attachment":[{"href":"https:\/\/roveyayinevi.com.tr\/index.php\/wp-json\/wp\/v2\/media?parent=714241"}],"wp:term":[{"taxonomy":"product_brand","embeddable":true,"href":"https:\/\/roveyayinevi.com.tr\/index.php\/wp-json\/wp\/v2\/product_brand?post=714241"},{"taxonomy":"product_cat","embeddable":true,"href":"https:\/\/roveyayinevi.com.tr\/index.php\/wp-json\/wp\/v2\/product_cat?post=714241"},{"taxonomy":"product_tag","embeddable":true,"href":"https:\/\/roveyayinevi.com.tr\/index.php\/wp-json\/wp\/v2\/product_tag?post=714241"}],"curies":[{"name":"wp","href":"https:\/\/api.w.org\/{rel}","templated":true}]}}