{"id":714239,"date":"2025-08-27T17:16:27","date_gmt":"2025-08-27T14:16:27","guid":{"rendered":"https:\/\/roveyayinevi.com.tr\/index.php\/urun\/arkadasim-korkuluk\/"},"modified":"2026-04-16T02:22:45","modified_gmt":"2026-04-15T23:22:45","slug":"arkadasim-korkuluk","status":"publish","type":"product","link":"https:\/\/roveyayinevi.com.tr\/index.php\/urun\/arkadasim-korkuluk\/","title":{"rendered":"Arkada\u015f\u0131m Korkuluk"},"content":{"rendered":"<p>\u00dc\u00e7 arkada\u015f, ilgileri biribirinden farkl\u0131.Kendi hobileri olmu\u015f t\u00fcm d\u00fcnyalar\u0131.Birlikte ge\u00e7irdikleri anlar\u0131n k\u0131ymetini yeniden hat\u0131rlamal\u0131.Arkada\u015fl\u0131k ve ileti\u015fim becerileri \u00fczerine bir \u00f6yk\u00fc. <\/p>\n","protected":false},"excerpt":{"rendered":"<p>\u00dc\u00e7 arkada\u015f, ilgileri biribirinden farkl\u0131.Kendi hobileri olmu\u015f t\u00fcm d\u00fcnyalar\u0131.Birlikte ge\u00e7irdikleri anlar\u0131n k\u0131ymetini yeniden hat\u0131rlamal\u0131.Arkada\u015fl\u0131k ve ileti\u015fim becerileri \u00fczerine bir \u00f6yk\u00fc.<\/p>\n","protected":false},"featured_media":0,"template":"","meta":{"_monsterinsights_skip_tracking":false,"_monsterinsights_sitenote_active":false,"_monsterinsights_sitenote_note":"","_monsterinsights_sitenote_category":0},"product_brand":[],"product_cat":[12274,12518],"product_tag":[],"class_list":{"0":"post-714239","1":"product","2":"type-product","3":"status-publish","5":"product_cat-cocuk-ve-genclik-kitaplari","6":"product_cat-okul-oncesi-kitaplar","7":"pa_cilt-ciltsiz","8":"pa_tur-kitap","9":"pa_yayinevi-egiten-kitap","10":"pa_yazar-pinar-bingul-goksun","12":"first","13":"instock","14":"sale","15":"shipping-taxable","16":"purchasable","17":"product-type-simple"},"_links":{"self":[{"href":"https:\/\/roveyayinevi.com.tr\/index.php\/wp-json\/wp\/v2\/product\/714239","targetHints":{"allow":["GET"]}}],"collection":[{"href":"https:\/\/roveyayinevi.com.tr\/index.php\/wp-json\/wp\/v2\/product"}],"about":[{"href":"https:\/\/roveyayinevi.com.tr\/index.php\/wp-json\/wp\/v2\/types\/product"}],"wp:attachment":[{"href":"https:\/\/roveyayinevi.com.tr\/index.php\/wp-json\/wp\/v2\/media?parent=714239"}],"wp:term":[{"taxonomy":"product_brand","embeddable":true,"href":"https:\/\/roveyayinevi.com.tr\/index.php\/wp-json\/wp\/v2\/product_brand?post=714239"},{"taxonomy":"product_cat","embeddable":true,"href":"https:\/\/roveyayinevi.com.tr\/index.php\/wp-json\/wp\/v2\/product_cat?post=714239"},{"taxonomy":"product_tag","embeddable":true,"href":"https:\/\/roveyayinevi.com.tr\/index.php\/wp-json\/wp\/v2\/product_tag?post=714239"}],"curies":[{"name":"wp","href":"https:\/\/api.w.org\/{rel}","templated":true}]}}