{"id":714236,"date":"2025-08-27T17:16:20","date_gmt":"2025-08-27T14:16:20","guid":{"rendered":"https:\/\/roveyayinevi.com.tr\/index.php\/urun\/cocuk-gelisimi-1\/"},"modified":"2026-04-16T02:22:45","modified_gmt":"2026-04-15T23:22:45","slug":"cocuk-gelisimi-1","status":"publish","type":"product","link":"https:\/\/roveyayinevi.com.tr\/index.php\/urun\/cocuk-gelisimi-1\/","title":{"rendered":"\u00c7ocuk Geli\u015fimi 1"},"content":{"rendered":"<p>D\u00fcnya d\u00f6nd\u00fc\u011f\u00fc s\u00fcrece hem ge\u00e7mi\u015f hem g\u00fcn\u00fcm\u00fcz hem gelecekte de insano\u011flu varl\u0131\u011f\u0131n\u0131 s\u00fcrd\u00fcrd\u00fc\u011f\u00fc m\u00fcddet\u00e7e insan\u0131n geli\u015fimi konusu her zaman bilim d\u00fcnyas\u0131n\u0131n i\u00e7in\u00acde \u00f6nemini korumaya devam edecektir. T\u00fcm canl\u0131larda oldu\u011fu gibi insan geli\u015fimi de do\u011fum \u00f6ncesi d\u00f6nemden ba\u015flayarak devam eden uzun soluklu bir s\u00fcre\u00e7tir. Sa\u011fl\u0131kl\u0131 bir nesil ve ya\u015fam i\u00e7in bu s\u00fcrecin do\u011fru anla\u015f\u0131lmas\u0131 gerekir. Bu nedenle \u00e7ocu\u011fun geli\u015fimine y\u00f6nelik olarak haz\u0131rlanm\u0131\u015f olan elinizdeki bu kitap \u00f6ncelikle t\u00fcm iki y\u0131ll\u0131k ve d\u00f6rt y\u0131l\u00acl\u0131k \u00e7ocuk geli\u015fimi programlar\u0131 olmak \u00fczere ayn\u0131 zamanda okul \u00f6ncesi \u00f6\u011fretmenli\u011fi programlar\u0131nda da kaynak olarak kullan\u0131labilecek bir kitapt\u0131r. Bu kitap \u00fcniversitelerin ilgili programlar\u0131ndaki \u00f6\u011fretim elemanlar\u0131n\u0131n, Milli e\u011fitimdeki \u00e7ocuk geli\u015fimi \u00f6\u011fretmenlerinin, alan \u00f6\u011frencilerinin ve ayn\u0131 zamanda anne babalar\u0131n da kullanabilecekleri bir kaynak niteli\u011findendir. \ufffcTan\u0131t\u0131m Metni<\/p>\n","protected":false},"excerpt":{"rendered":"<p>D\u00fcnya d\u00f6nd\u00fc\u011f\u00fc s\u00fcrece hem ge\u00e7mi\u015f hem g\u00fcn\u00fcm\u00fcz hem gelecekte de insano\u011flu varl\u0131\u011f\u0131n\u0131 s\u00fcrd\u00fcrd\u00fc\u011f\u00fc m\u00fcddet\u00e7e insan\u0131n geli\u015fimi konusu her zaman bilim d\u00fcnyas\u0131n\u0131n i\u00e7in\u00acde \u00f6nemini korumaya devam edecektir.<span class=\"excerpt-hellip\"> [\u2026]<\/span><\/p>\n","protected":false},"featured_media":0,"template":"","meta":{"_monsterinsights_skip_tracking":false,"_monsterinsights_sitenote_active":false,"_monsterinsights_sitenote_note":"","_monsterinsights_sitenote_category":0},"product_brand":[],"product_cat":[26509,13365],"product_tag":[],"class_list":{"0":"post-714236","1":"product","2":"type-product","3":"status-publish","5":"product_cat-cocuk-gelisimi","6":"product_cat-saglik","7":"pa_cilt-ciltsiz","8":"pa_tur-kitap","9":"pa_yayinevi-egiten-kitap","10":"pa_yazar-kolektif","12":"first","13":"instock","14":"sale","15":"shipping-taxable","16":"purchasable","17":"product-type-simple"},"_links":{"self":[{"href":"https:\/\/roveyayinevi.com.tr\/index.php\/wp-json\/wp\/v2\/product\/714236","targetHints":{"allow":["GET"]}}],"collection":[{"href":"https:\/\/roveyayinevi.com.tr\/index.php\/wp-json\/wp\/v2\/product"}],"about":[{"href":"https:\/\/roveyayinevi.com.tr\/index.php\/wp-json\/wp\/v2\/types\/product"}],"wp:attachment":[{"href":"https:\/\/roveyayinevi.com.tr\/index.php\/wp-json\/wp\/v2\/media?parent=714236"}],"wp:term":[{"taxonomy":"product_brand","embeddable":true,"href":"https:\/\/roveyayinevi.com.tr\/index.php\/wp-json\/wp\/v2\/product_brand?post=714236"},{"taxonomy":"product_cat","embeddable":true,"href":"https:\/\/roveyayinevi.com.tr\/index.php\/wp-json\/wp\/v2\/product_cat?post=714236"},{"taxonomy":"product_tag","embeddable":true,"href":"https:\/\/roveyayinevi.com.tr\/index.php\/wp-json\/wp\/v2\/product_tag?post=714236"}],"curies":[{"name":"wp","href":"https:\/\/api.w.org\/{rel}","templated":true}]}}