{"id":714234,"date":"2025-08-27T17:16:19","date_gmt":"2025-08-27T14:16:19","guid":{"rendered":"https:\/\/roveyayinevi.com.tr\/index.php\/urun\/porsuk-durgun-akardi-mustafa-calikusu-anisina\/"},"modified":"2026-04-16T02:22:45","modified_gmt":"2026-04-15T23:22:45","slug":"porsuk-durgun-akardi-mustafa-calikusu-anisina","status":"publish","type":"product","link":"https:\/\/roveyayinevi.com.tr\/index.php\/urun\/porsuk-durgun-akardi-mustafa-calikusu-anisina\/","title":{"rendered":"Porsuk Durgun Akard\u0131 Mustafa \u00c7al\u0131ku\u015fu An\u0131s\u0131na"},"content":{"rendered":"<p>Bu kitapta anlat\u0131lanlar bizlerin, hepimizin hik\u00e2yesi, ama esas olarak Devrimci Yol Hareketi\u2019nin Eski\u015fehir\u2019de nas\u0131l filizlenip geli\u015fti\u011finin, eksi\u011fiyle fazlas\u0131yla nas\u0131l v\u00fccut buldu\u011funun hik\u00e2yesidir. Muhtemeldir ki pek \u00e7ok b\u00f6lge ve \u015fehir de benzer s\u00fcre\u00e7lerden ge\u00e7mi\u015f, benzer ili\u015fkiler ve \u00e7eli\u015fkiler ya\u015fam\u0131\u015ft\u0131r. Bu nedenle bu kitap bir bak\u0131ma haddini zorlayarak siyasi hareketin Eski\u015fehir \u00f6l\u00e7e\u011finde yarat\u0131lm\u0131\u015f bir laboratuvar\u0131 i\u015flevselli\u011fine de soyunmu\u015f oldu. Bu hik\u00e2ye, Mustafa \u00c7al\u0131ku\u015fu\u2019nun ya\u015fam\u00f6yk\u00fcs\u00fcyle ta\u00e7land\u0131r\u0131lm\u0131\u015ft\u0131r. Azmin, direnmenin ve t\u0131rnakla kaz\u0131larak yarat\u0131lm\u0131\u015f bir ya\u015fam\u0131n kahraman\u0131 olan Mustafa \u00c7al\u0131ku\u015fu, hik\u00e2yemizin ba\u015f\u0131ndan sonuna dek yan\u0131m\u0131zda y\u00fcr\u00fcyecek ve elindeki k\u0131lavuz feneriyle yolumuzu ayd\u0131nlatacakt\u0131r&#8230; <\/p>\n","protected":false},"excerpt":{"rendered":"<p>Bu kitapta anlat\u0131lanlar bizlerin, hepimizin hik\u00e2yesi, ama esas olarak Devrimci Yol Hareketi\u2019nin Eski\u015fehir\u2019de nas\u0131l filizlenip geli\u015fti\u011finin, eksi\u011fiyle fazlas\u0131yla nas\u0131l v\u00fccut buldu\u011funun hik\u00e2yesidir. Muhtemeldir ki pek \u00e7ok<span class=\"excerpt-hellip\"> [\u2026]<\/span><\/p>\n","protected":false},"featured_media":0,"template":"","meta":{"_monsterinsights_skip_tracking":false,"_monsterinsights_sitenote_active":false,"_monsterinsights_sitenote_note":"","_monsterinsights_sitenote_category":0},"product_brand":[],"product_cat":[12304,14128],"product_tag":[],"class_list":{"0":"post-714234","1":"product","2":"type-product","3":"status-publish","5":"product_cat-tarih","6":"product_cat-yakin-tarih","7":"pa_cilt-ciltsiz","8":"pa_tur-kitap","9":"pa_yayinevi-ayrinti-yayinlari","10":"pa_yazar-ersin-toker","12":"first","13":"instock","14":"sale","15":"shipping-taxable","16":"purchasable","17":"product-type-simple"},"_links":{"self":[{"href":"https:\/\/roveyayinevi.com.tr\/index.php\/wp-json\/wp\/v2\/product\/714234","targetHints":{"allow":["GET"]}}],"collection":[{"href":"https:\/\/roveyayinevi.com.tr\/index.php\/wp-json\/wp\/v2\/product"}],"about":[{"href":"https:\/\/roveyayinevi.com.tr\/index.php\/wp-json\/wp\/v2\/types\/product"}],"wp:attachment":[{"href":"https:\/\/roveyayinevi.com.tr\/index.php\/wp-json\/wp\/v2\/media?parent=714234"}],"wp:term":[{"taxonomy":"product_brand","embeddable":true,"href":"https:\/\/roveyayinevi.com.tr\/index.php\/wp-json\/wp\/v2\/product_brand?post=714234"},{"taxonomy":"product_cat","embeddable":true,"href":"https:\/\/roveyayinevi.com.tr\/index.php\/wp-json\/wp\/v2\/product_cat?post=714234"},{"taxonomy":"product_tag","embeddable":true,"href":"https:\/\/roveyayinevi.com.tr\/index.php\/wp-json\/wp\/v2\/product_tag?post=714234"}],"curies":[{"name":"wp","href":"https:\/\/api.w.org\/{rel}","templated":true}]}}