{"id":714233,"date":"2025-08-27T17:16:19","date_gmt":"2025-08-27T14:16:19","guid":{"rendered":"https:\/\/roveyayinevi.com.tr\/index.php\/urun\/egzersiz-enerji-metabolizma-ve-isi-uyumu\/"},"modified":"2026-04-16T02:22:45","modified_gmt":"2026-04-15T23:22:45","slug":"egzersiz-enerji-metabolizma-ve-isi-uyumu","status":"publish","type":"product","link":"https:\/\/roveyayinevi.com.tr\/index.php\/urun\/egzersiz-enerji-metabolizma-ve-isi-uyumu\/","title":{"rendered":"Egzersiz, Enerji &#8211; Metabolizma ve Is\u0131 Uyumu"},"content":{"rendered":"<p>\u0130\u00c7\u0130NDEK\u0130LER 1. Enerjinin Tan\u0131m\u0131 ve Biyolojik Enerji Devri 2. Dinlenme ve Egzersiz S\u0131ras\u0131nda Aerobik ve Anaerobik Enerji Kaynaklar\u0131 3. Egzersiz Sonras\u0131 Toplanma 4.Egzersizde Enerji Kullan\u0131m\u0131n\u0131n Hormanal D\u00fczenlemesi  5. Is\u0131 Dengesi ve Egzersiz  6. V\u00fccut S\u0131v\u0131lar\u0131n\u0131n D\u00fczenlenmesi ve Hormonal Etkiler 7. Enerji Harcan\u0131m\u0131metabolizman\u0131n \u00d6l\u00e7\u00fclmesi ve Egzersize Metabolik Adaptasyon  8. Beslenme ve Sportif Performans 9. Besin Al\u0131m\u0131n\u0131n D\u00fczenlenmesi 10. Egzersizle Beslenme Yap\u0131 ve Depo Aras\u0131ndaki Miktarsal Enerji \u0130li\u015fkileri <\/p>\n","protected":false},"excerpt":{"rendered":"<p>\u0130\u00c7\u0130NDEK\u0130LER 1. Enerjinin Tan\u0131m\u0131 ve Biyolojik Enerji Devri 2. Dinlenme ve Egzersiz S\u0131ras\u0131nda Aerobik ve Anaerobik Enerji Kaynaklar\u0131 3. Egzersiz Sonras\u0131 Toplanma 4.Egzersizde Enerji Kullan\u0131m\u0131n\u0131n Hormanal<span class=\"excerpt-hellip\"> [\u2026]<\/span><\/p>\n","protected":false},"featured_media":0,"template":"","meta":{"_monsterinsights_skip_tracking":false,"_monsterinsights_sitenote_active":false,"_monsterinsights_sitenote_note":"","_monsterinsights_sitenote_category":0},"product_brand":[],"product_cat":[12573,12566],"product_tag":[],"class_list":{"0":"post-714233","1":"product","2":"type-product","3":"status-publish","5":"product_cat-akademik-kitaplar","6":"product_cat-egitim","7":"pa_cilt-ciltsiz","8":"pa_tur-kitap","9":"pa_yayinevi-gazi-kitabevi","10":"pa_yazar-kollektif","12":"first","13":"instock","14":"sale","15":"shipping-taxable","16":"purchasable","17":"product-type-simple"},"_links":{"self":[{"href":"https:\/\/roveyayinevi.com.tr\/index.php\/wp-json\/wp\/v2\/product\/714233","targetHints":{"allow":["GET"]}}],"collection":[{"href":"https:\/\/roveyayinevi.com.tr\/index.php\/wp-json\/wp\/v2\/product"}],"about":[{"href":"https:\/\/roveyayinevi.com.tr\/index.php\/wp-json\/wp\/v2\/types\/product"}],"wp:attachment":[{"href":"https:\/\/roveyayinevi.com.tr\/index.php\/wp-json\/wp\/v2\/media?parent=714233"}],"wp:term":[{"taxonomy":"product_brand","embeddable":true,"href":"https:\/\/roveyayinevi.com.tr\/index.php\/wp-json\/wp\/v2\/product_brand?post=714233"},{"taxonomy":"product_cat","embeddable":true,"href":"https:\/\/roveyayinevi.com.tr\/index.php\/wp-json\/wp\/v2\/product_cat?post=714233"},{"taxonomy":"product_tag","embeddable":true,"href":"https:\/\/roveyayinevi.com.tr\/index.php\/wp-json\/wp\/v2\/product_tag?post=714233"}],"curies":[{"name":"wp","href":"https:\/\/api.w.org\/{rel}","templated":true}]}}