{"id":714231,"date":"2025-08-27T17:16:18","date_gmt":"2025-08-27T14:16:18","guid":{"rendered":"https:\/\/roveyayinevi.com.tr\/index.php\/urun\/anne-ile-kucaklasmak\/"},"modified":"2025-11-06T04:49:00","modified_gmt":"2025-11-06T01:49:00","slug":"anne-ile-kucaklasmak","status":"publish","type":"product","link":"https:\/\/roveyayinevi.com.tr\/index.php\/urun\/anne-ile-kucaklasmak\/","title":{"rendered":"Anne ile Kucakla\u015fmak"},"content":{"rendered":"<p>Yavru Bayku\u015f annesiyle kucakla\u015fmak istiyordu fakat bunun nas\u0131l bir kucakla\u015fma olaca\u011f\u0131na karar veremiyordu bir t\u00fcrl\u00fc. G\u00fcnayd\u0131n kucakla\u015fmas\u0131 vard\u0131. \u0130yi geceler kucakla\u015fmas\u0131 vard\u0131. Te\u015fekk\u00fcr ederim kucakla\u015fmas\u0131 vard\u0131. Mutluluk kucakla\u015fmas\u0131 vard\u0131. Yavru Bayku\u015f yeni bir kucakla\u015fma bulmal\u0131yd\u0131. Birden akl\u0131na zekice bir fikir geldi\u2026   Sevimli mi sevimli Yavru Bayku\u015f\u2019un annesiyle kucakla\u015fma \u00f6yk\u00fcs\u00fc\u2026 <\/p>\n","protected":false},"excerpt":{"rendered":"<p>Yavru Bayku\u015f annesiyle kucakla\u015fmak istiyordu fakat bunun nas\u0131l bir kucakla\u015fma olaca\u011f\u0131na karar veremiyordu bir t\u00fcrl\u00fc. G\u00fcnayd\u0131n kucakla\u015fmas\u0131 vard\u0131. \u0130yi geceler kucakla\u015fmas\u0131 vard\u0131. Te\u015fekk\u00fcr ederim kucakla\u015fmas\u0131 vard\u0131.<span class=\"excerpt-hellip\"> [\u2026]<\/span><\/p>\n","protected":false},"featured_media":0,"template":"","meta":{"_monsterinsights_skip_tracking":false,"_monsterinsights_sitenote_active":false,"_monsterinsights_sitenote_note":"","_monsterinsights_sitenote_category":0},"product_brand":[],"product_cat":[12913,12274],"product_tag":[],"class_list":{"0":"post-714231","1":"product","2":"type-product","3":"status-publish","5":"product_cat-3-6-yas-kitaplari","6":"product_cat-cocuk-ve-genclik-kitaplari","7":"pa_cilt-ciltsiz","8":"pa_tur-kitap","9":"pa_yayinevi-1001-cicek-kitaplar","10":"pa_yazar-ruby-brown","12":"first","13":"instock","14":"sale","15":"shipping-taxable","16":"purchasable","17":"product-type-simple"},"_links":{"self":[{"href":"https:\/\/roveyayinevi.com.tr\/index.php\/wp-json\/wp\/v2\/product\/714231","targetHints":{"allow":["GET"]}}],"collection":[{"href":"https:\/\/roveyayinevi.com.tr\/index.php\/wp-json\/wp\/v2\/product"}],"about":[{"href":"https:\/\/roveyayinevi.com.tr\/index.php\/wp-json\/wp\/v2\/types\/product"}],"wp:attachment":[{"href":"https:\/\/roveyayinevi.com.tr\/index.php\/wp-json\/wp\/v2\/media?parent=714231"}],"wp:term":[{"taxonomy":"product_brand","embeddable":true,"href":"https:\/\/roveyayinevi.com.tr\/index.php\/wp-json\/wp\/v2\/product_brand?post=714231"},{"taxonomy":"product_cat","embeddable":true,"href":"https:\/\/roveyayinevi.com.tr\/index.php\/wp-json\/wp\/v2\/product_cat?post=714231"},{"taxonomy":"product_tag","embeddable":true,"href":"https:\/\/roveyayinevi.com.tr\/index.php\/wp-json\/wp\/v2\/product_tag?post=714231"}],"curies":[{"name":"wp","href":"https:\/\/api.w.org\/{rel}","templated":true}]}}