{"id":714229,"date":"2025-08-27T17:16:16","date_gmt":"2025-08-27T14:16:16","guid":{"rendered":"https:\/\/roveyayinevi.com.tr\/index.php\/urun\/sir-4\/"},"modified":"2025-11-20T04:46:59","modified_gmt":"2025-11-20T01:46:59","slug":"sir-4","status":"publish","type":"product","link":"https:\/\/roveyayinevi.com.tr\/index.php\/urun\/sir-4\/","title":{"rendered":"S\u0131r"},"content":{"rendered":"<p>Anne ve babas\u0131n\u0131 elim bir trafik kazas\u0131nda kaybeden Murat, Erenk\u00f6y\u2019deki eski bir k\u00f6\u015fkte ya\u015fayan dedesinin yan\u0131na ta\u015f\u0131n\u0131r. Fakat dedesi de vefat edince bir ba\u015f\u0131na kal\u0131r. Bu arada teyzesinin \u00fcvey k\u0131z\u0131na abay\u0131 yakar ama teyzesi, Murat\u2019\u0131n evlili\u011fine engel olup gen\u00e7 adam\u0131 k\u00f6\u015fkten kovar. Y\u0131llar sonra bamba\u015fka bir insan olup k\u00f6\u015fke tekrar d\u00f6nen Murat hi\u00e7 ummad\u0131\u011f\u0131 \u015feylerle kar\u015f\u0131 kar\u015f\u0131ya kal\u0131r. \u00dcstelik k\u00f6\u015fk\u00fcn lanetli oldu\u011fu ve birtak\u0131m mahl\u00fbkatlar\u0131n k\u00f6\u015fke dadand\u0131\u011f\u0131 da kulaktan kula\u011fa yay\u0131lmaktad\u0131r. Polisiyenin usta kalemi Osman Aysu, t\u00fcyler \u00fcrpertici bir romanla daha okurlarla bulu\u015fuyor. S\u0131r s\u00fcr\u00fckleyici anlat\u0131m\u0131 ve s\u00fcrprizlerle dolu kurgusuyla okurlar\u0131 yine soluksuz b\u0131rakacak. <\/p>\n","protected":false},"excerpt":{"rendered":"<p>Anne ve babas\u0131n\u0131 elim bir trafik kazas\u0131nda kaybeden Murat, Erenk\u00f6y\u2019deki eski bir k\u00f6\u015fkte ya\u015fayan dedesinin yan\u0131na ta\u015f\u0131n\u0131r. Fakat dedesi de vefat edince bir ba\u015f\u0131na kal\u0131r. Bu<span class=\"excerpt-hellip\"> [\u2026]<\/span><\/p>\n","protected":false},"featured_media":0,"template":"","meta":{"_monsterinsights_skip_tracking":false,"_monsterinsights_sitenote_active":false,"_monsterinsights_sitenote_note":"","_monsterinsights_sitenote_category":0},"product_brand":[],"product_cat":[12291,17033],"product_tag":[],"class_list":{"0":"post-714229","1":"product","2":"type-product","3":"status-publish","5":"product_cat-edebiyat","6":"product_cat-korku-gerilim","7":"pa_cilt-ciltsiz","8":"pa_tur-kitap","9":"pa_yayinevi-ephesus-yayinlari","10":"pa_yazar-osman-aysu","12":"first","13":"instock","14":"sale","15":"shipping-taxable","16":"purchasable","17":"product-type-simple"},"_links":{"self":[{"href":"https:\/\/roveyayinevi.com.tr\/index.php\/wp-json\/wp\/v2\/product\/714229","targetHints":{"allow":["GET"]}}],"collection":[{"href":"https:\/\/roveyayinevi.com.tr\/index.php\/wp-json\/wp\/v2\/product"}],"about":[{"href":"https:\/\/roveyayinevi.com.tr\/index.php\/wp-json\/wp\/v2\/types\/product"}],"wp:attachment":[{"href":"https:\/\/roveyayinevi.com.tr\/index.php\/wp-json\/wp\/v2\/media?parent=714229"}],"wp:term":[{"taxonomy":"product_brand","embeddable":true,"href":"https:\/\/roveyayinevi.com.tr\/index.php\/wp-json\/wp\/v2\/product_brand?post=714229"},{"taxonomy":"product_cat","embeddable":true,"href":"https:\/\/roveyayinevi.com.tr\/index.php\/wp-json\/wp\/v2\/product_cat?post=714229"},{"taxonomy":"product_tag","embeddable":true,"href":"https:\/\/roveyayinevi.com.tr\/index.php\/wp-json\/wp\/v2\/product_tag?post=714229"}],"curies":[{"name":"wp","href":"https:\/\/api.w.org\/{rel}","templated":true}]}}