{"id":714228,"date":"2025-08-27T17:16:16","date_gmt":"2025-08-27T14:16:16","guid":{"rendered":"https:\/\/roveyayinevi.com.tr\/index.php\/urun\/eglenceli-tarih-8-sinif\/"},"modified":"2026-04-16T02:22:45","modified_gmt":"2026-04-15T23:22:45","slug":"eglenceli-tarih-8-sinif","status":"publish","type":"product","link":"https:\/\/roveyayinevi.com.tr\/index.php\/urun\/eglenceli-tarih-8-sinif\/","title":{"rendered":"E\u011flenceli Tarih 8. S\u0131n\u0131f"},"content":{"rendered":"<p>E\u011flenceli Tarih &#8211; 8. S\u0131n\u0131f\u2019ta T.C. \u0130nk\u0131lap Tarihi veAtat\u00fcrk\u00e7\u00fcl\u00fck dersi anlat\u0131l\u0131yor. Kitapta, Birinci D\u00fcnya Sava\u015f\u0131 \u00f6ncesi Avrupa\u2019daki ve Osmanl\u0131\u2019daki geli\u015fmeler, Atat\u00fcrk\u2019\u00fcn hayat\u0131, Birinci D\u00fcnya Sava\u015f\u0131, Milli M\u00fccadele, kongreler, cepheler, antla\u015fmalar, Atat\u00fcrk\u00e7\u00fcl\u00fck, T\u00fcrkiye\u2019deki geli\u015fmeler, ink\u0131laplar, demokratik hayat, d\u0131\u015f politika ve Atat\u00fcrk\u2019\u00fcn \u00f6l\u00fcm\u00fc konular\u0131 yer al\u0131yor. Grafik \u00f6yk\u00fcler, karikat\u00fcr bantlar\u0131, resimli s\u00f6zl\u00fckler, a\u00e7\u0131klamal\u0131 haritalar; tarihi daha \u00e7ok sevmeni, konular\u0131 daha h\u0131zl\u0131 \u00f6\u011frenmeni, anlaman\u0131 ve yorumlaman\u0131 sa\u011flayacak. <\/p>\n","protected":false},"excerpt":{"rendered":"<p>E\u011flenceli Tarih &#8211; 8. S\u0131n\u0131f\u2019ta T.C. \u0130nk\u0131lap Tarihi veAtat\u00fcrk\u00e7\u00fcl\u00fck dersi anlat\u0131l\u0131yor. Kitapta, Birinci D\u00fcnya Sava\u015f\u0131 \u00f6ncesi Avrupa\u2019daki ve Osmanl\u0131\u2019daki geli\u015fmeler, Atat\u00fcrk\u2019\u00fcn hayat\u0131, Birinci D\u00fcnya Sava\u015f\u0131, Milli<span class=\"excerpt-hellip\"> [\u2026]<\/span><\/p>\n","protected":false},"featured_media":0,"template":"","meta":{"_monsterinsights_skip_tracking":false,"_monsterinsights_sitenote_active":false,"_monsterinsights_sitenote_note":"","_monsterinsights_sitenote_category":0},"product_brand":[],"product_cat":[12275,12274],"product_tag":[],"class_list":{"0":"post-714228","1":"product","2":"type-product","3":"status-publish","5":"product_cat-6-12-yas-kitaplari","6":"product_cat-cocuk-ve-genclik-kitaplari","7":"pa_cilt-ciltsiz","8":"pa_tur-kitap","9":"pa_yayinevi-dogan-egmont-yayincilik","10":"pa_yazar-senem-kale-hulya-balci","12":"first","13":"instock","14":"sale","15":"shipping-taxable","16":"purchasable","17":"product-type-simple"},"_links":{"self":[{"href":"https:\/\/roveyayinevi.com.tr\/index.php\/wp-json\/wp\/v2\/product\/714228","targetHints":{"allow":["GET"]}}],"collection":[{"href":"https:\/\/roveyayinevi.com.tr\/index.php\/wp-json\/wp\/v2\/product"}],"about":[{"href":"https:\/\/roveyayinevi.com.tr\/index.php\/wp-json\/wp\/v2\/types\/product"}],"wp:attachment":[{"href":"https:\/\/roveyayinevi.com.tr\/index.php\/wp-json\/wp\/v2\/media?parent=714228"}],"wp:term":[{"taxonomy":"product_brand","embeddable":true,"href":"https:\/\/roveyayinevi.com.tr\/index.php\/wp-json\/wp\/v2\/product_brand?post=714228"},{"taxonomy":"product_cat","embeddable":true,"href":"https:\/\/roveyayinevi.com.tr\/index.php\/wp-json\/wp\/v2\/product_cat?post=714228"},{"taxonomy":"product_tag","embeddable":true,"href":"https:\/\/roveyayinevi.com.tr\/index.php\/wp-json\/wp\/v2\/product_tag?post=714228"}],"curies":[{"name":"wp","href":"https:\/\/api.w.org\/{rel}","templated":true}]}}