{"id":714227,"date":"2025-08-27T17:16:15","date_gmt":"2025-08-27T14:16:15","guid":{"rendered":"https:\/\/roveyayinevi.com.tr\/index.php\/urun\/cocuk-kadin-yasli-ve-ozel-gruplarda-egzersiz\/"},"modified":"2026-04-16T02:22:45","modified_gmt":"2026-04-15T23:22:45","slug":"cocuk-kadin-yasli-ve-ozel-gruplarda-egzersiz","status":"publish","type":"product","link":"https:\/\/roveyayinevi.com.tr\/index.php\/urun\/cocuk-kadin-yasli-ve-ozel-gruplarda-egzersiz\/","title":{"rendered":"\u00c7ocuk, Kad\u0131n, Ya\u015fl\u0131 ve \u00d6zel Gruplarda Egzersiz"},"content":{"rendered":"<p>\u0130\u00e7indekiler :\u00c7ocuklarda Egzersiz ve SporKad\u0131n ve Spor Ya\u015fl\u0131lar ve Egzersiz \u00d6zel Gruplar, Sa\u011fl\u0131k Sorunlar\u0131 ve Egzersiz&#8221;Uzun ya\u015famak, kaliteli ya\u015famak egzersizle birlikte ya\u015famakla m\u00fcmk\u00fcnd\u00fcr .&#8221; <\/p>\n","protected":false},"excerpt":{"rendered":"<p>\u0130\u00e7indekiler :\u00c7ocuklarda Egzersiz ve SporKad\u0131n ve Spor Ya\u015fl\u0131lar ve Egzersiz \u00d6zel Gruplar, Sa\u011fl\u0131k Sorunlar\u0131 ve Egzersiz&#8221;Uzun ya\u015famak, kaliteli ya\u015famak egzersizle birlikte ya\u015famakla m\u00fcmk\u00fcnd\u00fcr .&#8221;<\/p>\n","protected":false},"featured_media":0,"template":"","meta":{"_monsterinsights_skip_tracking":false,"_monsterinsights_sitenote_active":false,"_monsterinsights_sitenote_note":"","_monsterinsights_sitenote_category":0},"product_brand":[],"product_cat":[12573,12566],"product_tag":[],"class_list":{"0":"post-714227","1":"product","2":"type-product","3":"status-publish","5":"product_cat-akademik-kitaplar","6":"product_cat-egitim","7":"pa_cilt-ciltsiz","8":"pa_tur-kitap","9":"pa_yayinevi-gazi-kitabevi","10":"pa_yazar-kollektif","12":"first","13":"instock","14":"sale","15":"shipping-taxable","16":"purchasable","17":"product-type-simple"},"_links":{"self":[{"href":"https:\/\/roveyayinevi.com.tr\/index.php\/wp-json\/wp\/v2\/product\/714227","targetHints":{"allow":["GET"]}}],"collection":[{"href":"https:\/\/roveyayinevi.com.tr\/index.php\/wp-json\/wp\/v2\/product"}],"about":[{"href":"https:\/\/roveyayinevi.com.tr\/index.php\/wp-json\/wp\/v2\/types\/product"}],"wp:attachment":[{"href":"https:\/\/roveyayinevi.com.tr\/index.php\/wp-json\/wp\/v2\/media?parent=714227"}],"wp:term":[{"taxonomy":"product_brand","embeddable":true,"href":"https:\/\/roveyayinevi.com.tr\/index.php\/wp-json\/wp\/v2\/product_brand?post=714227"},{"taxonomy":"product_cat","embeddable":true,"href":"https:\/\/roveyayinevi.com.tr\/index.php\/wp-json\/wp\/v2\/product_cat?post=714227"},{"taxonomy":"product_tag","embeddable":true,"href":"https:\/\/roveyayinevi.com.tr\/index.php\/wp-json\/wp\/v2\/product_tag?post=714227"}],"curies":[{"name":"wp","href":"https:\/\/api.w.org\/{rel}","templated":true}]}}