{"id":714226,"date":"2025-08-27T17:16:15","date_gmt":"2025-08-27T14:16:15","guid":{"rendered":"https:\/\/roveyayinevi.com.tr\/index.php\/urun\/kitlelerin-psikolojisi\/"},"modified":"2026-04-12T02:27:28","modified_gmt":"2026-04-11T23:27:28","slug":"kitlelerin-psikolojisi","status":"publish","type":"product","link":"https:\/\/roveyayinevi.com.tr\/index.php\/urun\/kitlelerin-psikolojisi\/","title":{"rendered":"Kitlelerin Psikolojisi"},"content":{"rendered":"<p>Fikirleriyle Atat\u00fcrk\u2019\u00fc Etkileyen D\u00fc\u015f\u00fcn\u00fcrGustave Le Bon\u2019un Kitlelerin Psikolojisi kitab\u0131, g\u00fcn\u00fcm\u00fcz\u00fcn en \u00f6nemli olgular\u0131ndan biri hakk\u0131nda muhte\u015fem bir inceleme olmas\u0131n\u0131n yan\u0131 s\u0131ra, bir as\u0131r \u00f6ncesinden gelen bir uyar\u0131 niteli\u011finde. Kolayca manip\u00fcle edilebilen, ilkel i\u00e7g\u00fcd\u00fcleriyle hareket eden ve sald\u0131rganca davranmaya meyilli olan kitleler, modern d\u00fcnya i\u00e7in tehlike arz ediyor. Kitlenin i\u00e7inde kaybolmu\u015f bireyler muhakeme yeteneklerini kaybederek, neredeyse barbarca hislere kap\u0131l\u0131p s\u00fcr\u00fcklenirler ve bu y\u0131k\u0131c\u0131 g\u00fcc\u00fcn kontrol edilmesi \u00fclkelerin temelini olu\u015fturur.Le Bon ayr\u0131ca kitleler i\u00e7in liderin \u00f6neminden ve liderlerin sahip olmas\u0131 gereken \u00f6zelliklerden de bahsediyor. Ona g\u00f6re kitlelerin ruhunu tan\u0131yan bir lider, onu istedi\u011fi y\u00f6ne rahatl\u0131kla s\u00fcr\u00fckleyebilir. Tam da bu y\u00fczden her d\u00f6nemde politikac\u0131lar\u0131n ba\u015fucu kitaplar\u0131ndan biridir. Hatta kitlelerin psikolojisini anlamak, halk hareketlerinin y\u00fckseli\u015fe ge\u00e7ti\u011fi g\u00fcn\u00fcm\u00fczde, belki de \u00e7ok daha \u00f6nemlidir. <\/p>\n","protected":false},"excerpt":{"rendered":"<p>Fikirleriyle Atat\u00fcrk\u2019\u00fc Etkileyen D\u00fc\u015f\u00fcn\u00fcrGustave Le Bon\u2019un Kitlelerin Psikolojisi kitab\u0131, g\u00fcn\u00fcm\u00fcz\u00fcn en \u00f6nemli olgular\u0131ndan biri hakk\u0131nda muhte\u015fem bir inceleme olmas\u0131n\u0131n yan\u0131 s\u0131ra, bir as\u0131r \u00f6ncesinden gelen bir<span class=\"excerpt-hellip\"> [\u2026]<\/span><\/p>\n","protected":false},"featured_media":0,"template":"","meta":{"_monsterinsights_skip_tracking":false,"_monsterinsights_sitenote_active":false,"_monsterinsights_sitenote_note":"","_monsterinsights_sitenote_category":0},"product_brand":[],"product_cat":[12364,12376],"product_tag":[],"class_list":{"0":"post-714226","1":"product","2":"type-product","3":"status-publish","5":"product_cat-genel-konular","6":"product_cat-kisisel-gelisim","7":"pa_cilt-ciltsiz","8":"pa_tur-kitap","9":"pa_yayinevi-koridor-yayincilik","10":"pa_yazar-gustave-le-bon","12":"first","13":"instock","14":"sale","15":"shipping-taxable","16":"purchasable","17":"product-type-simple"},"_links":{"self":[{"href":"https:\/\/roveyayinevi.com.tr\/index.php\/wp-json\/wp\/v2\/product\/714226","targetHints":{"allow":["GET"]}}],"collection":[{"href":"https:\/\/roveyayinevi.com.tr\/index.php\/wp-json\/wp\/v2\/product"}],"about":[{"href":"https:\/\/roveyayinevi.com.tr\/index.php\/wp-json\/wp\/v2\/types\/product"}],"wp:attachment":[{"href":"https:\/\/roveyayinevi.com.tr\/index.php\/wp-json\/wp\/v2\/media?parent=714226"}],"wp:term":[{"taxonomy":"product_brand","embeddable":true,"href":"https:\/\/roveyayinevi.com.tr\/index.php\/wp-json\/wp\/v2\/product_brand?post=714226"},{"taxonomy":"product_cat","embeddable":true,"href":"https:\/\/roveyayinevi.com.tr\/index.php\/wp-json\/wp\/v2\/product_cat?post=714226"},{"taxonomy":"product_tag","embeddable":true,"href":"https:\/\/roveyayinevi.com.tr\/index.php\/wp-json\/wp\/v2\/product_tag?post=714226"}],"curies":[{"name":"wp","href":"https:\/\/api.w.org\/{rel}","templated":true}]}}